{"id":1012,"date":"2024-05-04T12:46:47","date_gmt":"2024-05-04T12:46:47","guid":{"rendered":"http:\/\/les-jardins-du-bien-etre.com\/?page_id=1012"},"modified":"2026-01-07T11:16:15","modified_gmt":"2026-01-07T11:16:15","slug":"carnet-creatif-et-aquarelle","status":"publish","type":"page","link":"http:\/\/les-jardins-du-bien-etre.com\/?page_id=1012","title":{"rendered":"Carnet en voyage cr\u00e9atif et aquarelle"},"content":{"rendered":"<div id=\"pl-1012\"  class=\"panel-layout\" ><div id=\"pg-1012-0\"  class=\"panel-grid panel-no-style\" ><div id=\"pgc-1012-0-0\"  class=\"panel-grid-cell\" ><div id=\"panel-1012-0-0-0\" class=\"so-panel widget widget_headline-widget panel-first-child panel-last-child\" data-index=\"0\" >\t\t<h1>CARNET EN VOYAGE CREATIF ET AQUARELLE<\/h1>\n\t\t<div class=\"decoration\"><div class=\"decoration-inside\"><\/div><\/div>\n\t\t<h3>FAIRE SOI-MEME NOUS REND HEUREUX<\/h3>\n\t\t<\/div><\/div><\/div><div id=\"pg-1012-1\"  class=\"panel-grid panel-no-style\" ><div id=\"pgc-1012-1-0\"  class=\"panel-grid-cell\" ><div id=\"panel-1012-1-0-0\" class=\"so-panel widget widget_sow-image panel-first-child panel-last-child\" data-index=\"1\" ><div\n\t\t\t\n\t\t\tclass=\"so-widget-sow-image so-widget-sow-image-default-c67d20f9f743-1012\"\n\t\t\t\n\t\t>\n<div class=\"sow-image-container\">\n\t\t<img \n\tsrc=\"http:\/\/les-jardins-du-bien-etre.com\/wp-content\/uploads\/2025\/07\/carnet_creatif.jpg\" width=\"2048\" height=\"794\" srcset=\"http:\/\/les-jardins-du-bien-etre.com\/wp-content\/uploads\/2025\/07\/carnet_creatif.jpg 2048w, http:\/\/les-jardins-du-bien-etre.com\/wp-content\/uploads\/2025\/07\/carnet_creatif-300x116.jpg 300w, http:\/\/les-jardins-du-bien-etre.com\/wp-content\/uploads\/2025\/07\/carnet_creatif-1024x397.jpg 1024w, http:\/\/les-jardins-du-bien-etre.com\/wp-content\/uploads\/2025\/07\/carnet_creatif-768x298.jpg 768w, http:\/\/les-jardins-du-bien-etre.com\/wp-content\/uploads\/2025\/07\/carnet_creatif-1536x596.jpg 1536w\" sizes=\"(max-width: 2048px) 100vw, 2048px\" alt=\"\" \t\tclass=\"so-widget-image\"\/>\n\t<\/div>\n\n<\/div><\/div><\/div><\/div><div id=\"pg-1012-2\"  class=\"panel-grid panel-has-style\" ><div class=\"wide-grey panel-row-style panel-row-style-for-1012-2\" ><div id=\"pgc-1012-2-0\"  class=\"panel-grid-cell\" ><div id=\"panel-1012-2-0-0\" class=\"so-panel widget widget_black-studio-tinymce widget_black_studio_tinymce panel-first-child panel-last-child\" data-index=\"2\" ><h3 class=\"widget-title\">CARNET CREATIF ET AQUARELLE AVEC ZOOM<\/h3><div class=\"textwidget\"><p><span style=\"text-decoration: underline;\"><span style=\"font-size: 20px;\">Cycle de 10 s\u00e9ances mensuelles \/ Un lundi par mois \/ Atelier de 4h : 9h30 - 13h30<\/span><\/span><\/p>\n<p>&nbsp;<\/p>\n<p><span style=\"font-size: 20px;\">Votre carnet est votre terrain de jeu artistique , un laboratoire personnel o\u00f9 vous pourrez exp\u00e9rimenter et apprendre . Il sera un objet pr\u00e9cieux , la trace de votre propre exp\u00e9rience graphique et la manifestation de votre style personnel .<\/span><\/p>\n<p><span style=\"font-size: 20px;\">A chaque s\u00e9ance , vous composerez une page de votre carnet sur un th\u00e8me propos\u00e9 .L'apprentissage se fait au travers de d\u00e9monstrations pas \u00e0 pas qui permettent \u00e0 chacun de cr\u00e9er \u00e0 son rythme . Chaque s\u00e9ance se termine avec un partage d'exp\u00e9rience .<\/span><\/p>\n<p>Outils : aquarelle , encres , gouache, collage , techniques mixtes , \u00e9criture, lettrage.<\/p>\n<p><b>COMMENT S'INSCRIRE<\/b><\/p>\n<ul>\n<li>Inscription pour le cycle complet<\/li>\n<li>Contactez Catherine ALEXIS par mail ou par t\u00e9l\u00e9phone<\/li>\n<li><strong>catherine.alexis@wanadoo.fr \/ tel :06 11 50 01 88<\/strong><\/li>\n<li>Recevez les informations de paiement , le lien zoom et la liste de mat\u00e9riel<\/li>\n<li>Connectez vous le jour J et laissez s'exprimer votre cr\u00e9ativit\u00e9<\/li>\n<\/ul>\n<p>&nbsp;<\/p>\n<p>&nbsp;<\/p>\n<\/div><\/div><\/div><\/div><\/div><div id=\"pg-1012-3\"  class=\"panel-grid panel-no-style\" ><div id=\"pgc-1012-3-0\"  class=\"panel-grid-cell panel-grid-cell-empty\" ><\/div><div id=\"pgc-1012-3-1\"  class=\"panel-grid-cell panel-grid-cell-mobile-last\" ><div id=\"panel-1012-3-1-0\" class=\"so-panel widget widget_headline-widget panel-first-child panel-last-child\" data-index=\"3\" >\t\t<h1>GROUPE DE 3 \u00e0 6 PERSONNES<\/h1>\n\t\t<div class=\"decoration\"><div class=\"decoration-inside\"><\/div><\/div>\n\t\t<h3><\/h3>\n\t\t<\/div><\/div><div id=\"pgc-1012-3-2\"  class=\"panel-grid-cell panel-grid-cell-empty\" ><\/div><\/div><div id=\"pg-1012-4\"  class=\"panel-grid panel-no-style\" ><div id=\"pgc-1012-4-0\"  class=\"panel-grid-cell panel-grid-cell-empty\" ><\/div><div id=\"pgc-1012-4-1\"  class=\"panel-grid-cell\" ><div id=\"panel-1012-4-1-0\" class=\"so-panel widget widget_circleicon-widget panel-first-child panel-last-child\" data-index=\"4\" >\t\t<div class=\"circle-icon-box circle-icon-position-top circle-icon-hide-box circle-icon-size-small\">\n\t\t\t<div class=\"circle-icon-wrapper\">\n\t\t\t\t\t\t\t\t<div class=\"circle-icon\" >\n\t\t\t\t\t<div class=\"fa fa-info\" ><\/div>\t\t\t\t<\/div>\n\t\t\t\t\t\t\t<\/div>\n\n\t\t\t\t\t\t<h4 >Inscription<\/h4>\t\t\t\n\t\t\t<p class=\"text\" style=\"color: #000000\">Acompte \u00e0 l'inscription de 50\u20ac ( encaissable apr\u00e8s la premi\u00e8re s\u00e9ance ) <\/p>\t\t\t\t\t<\/div>\n\t\t<\/div><\/div><div id=\"pgc-1012-4-2\"  class=\"panel-grid-cell\" ><div id=\"panel-1012-4-2-0\" class=\"so-panel widget widget_circleicon-widget panel-first-child panel-last-child\" data-index=\"5\" >\t\t<div class=\"circle-icon-box circle-icon-position-top circle-icon-hide-box circle-icon-size-small\">\n\t\t\t<div class=\"circle-icon-wrapper\">\n\t\t\t\t\t\t\t\t<div class=\"circle-icon icon-style-set\" style=\"background-image: url(http:\/\/Acompte%20de%2050\u20ac%20(%20encaissable%20apr\u00e8s%20la%20premi\u00e8re%20s\u00e9ance%20))\">\n\t\t\t\t\t<div class=\"fa fa-euro icon-color-set\" ><\/div>\t\t\t\t<\/div>\n\t\t\t\t\t\t\t<\/div>\n\n\t\t\t\t\t\t<h4 >Tarifs<\/h4>\t\t\t\n\t\t\t<p class=\"text\" >   50\u20ac la s\u00e9ance de 4h soit 150 \u20ac par trimestre  + 30\u20ac cotisation annuelle association<\/p>\t\t\t\t\t<\/div>\n\t\t<\/div><\/div><div id=\"pgc-1012-4-3\"  class=\"panel-grid-cell panel-grid-cell-mobile-last\" ><div id=\"panel-1012-4-3-0\" class=\"so-panel widget widget_circleicon-widget panel-first-child panel-last-child\" data-index=\"6\" >\t\t<div class=\"circle-icon-box circle-icon-position-top circle-icon-hide-box circle-icon-size-small\">\n\t\t\t<div class=\"circle-icon-wrapper\">\n\t\t\t\t\t\t\t\t<div class=\"circle-icon\" >\n\t\t\t\t\t<div class=\"fa fa-clock-o\" ><\/div>\t\t\t\t<\/div>\n\t\t\t\t\t\t\t<\/div>\n\n\t\t\t\t\t\t<h4 >Dates et Horaires<\/h4>\t\t\t\n\t\t\t<p class=\"text\" >D\u00e9but du cycle  Octobre 2025 \/ Un Lundi par mois 9h30- 13h30<\/p>\t\t\t\t\t<\/div>\n\t\t<\/div><\/div><div id=\"pgc-1012-4-4\"  class=\"panel-grid-cell panel-grid-cell-empty\" ><\/div><\/div><div id=\"pg-1012-5\"  class=\"panel-grid panel-no-style\" ><div id=\"pgc-1012-5-0\"  class=\"panel-grid-cell\" ><div id=\"panel-1012-5-0-0\" class=\"so-panel widget widget_headline-widget panel-first-child panel-last-child\" data-index=\"7\" >\t\t<h1>Session 2025-2026<\/h1>\n\t\t<div class=\"decoration\"><div class=\"decoration-inside\"><\/div><\/div>\n\t\t<h3>9H30-13H30<\/h3>\n\t\t<\/div><\/div><\/div><div id=\"pg-1012-6\"  class=\"panel-grid panel-no-style\" ><div id=\"pgc-1012-6-0\"  class=\"panel-grid-cell panel-grid-cell-empty\" ><\/div><div id=\"pgc-1012-6-1\"  class=\"panel-grid-cell\" ><div id=\"panel-1012-6-1-0\" class=\"so-panel widget widget_black-studio-tinymce widget_black_studio_tinymce panel-first-child panel-last-child\" data-index=\"8\" ><div class=\"infosRounded panel-widget-style panel-widget-style-for-1012-6-1-0\" ><div class=\"textwidget\"><p><strong>INSCRIPTION POUR LE CYCLE COMPLET<\/strong><\/p>\n<p><strong>TRIMESTRE 1<\/strong> : <strong><span style=\"font-size: 14px;\">6 \/ 10 - 3 \/ 11 - 1 \/ 12\/ 2025<\/span><\/strong><\/p>\n<p><strong>TRIMESTRE 2<\/strong> : <strong><span style=\"font-size: 14px;\">5 \/ 01 -\u00a0 9\/ 02 - 9\/ 03 \/ 2026<\/span><\/strong><\/p>\n<p><strong>TRIMESTRE 3<\/strong> :<strong><span style=\"font-size: 14px;\">13 \/ 04 - 4 \/05 - 1 \/ 06 - 6 \/07 \/26<\/span><\/strong><\/p>\n<\/div><\/div><\/div><\/div><div id=\"pgc-1012-6-2\"  class=\"panel-grid-cell panel-grid-cell-empty panel-grid-cell-mobile-last\" ><\/div><div id=\"pgc-1012-6-3\"  class=\"panel-grid-cell panel-grid-cell-empty\" ><\/div><\/div><\/div>","protected":false},"excerpt":{"rendered":"<p>CARNET EN VOYAGE CREATIF ET AQUARELLE FAIRE SOI-MEME NOUS REND HEUREUX CARNET CREATIF ET AQUARELLE AVEC ZOOMCycle de 10 s\u00e9ances mensuelles \/ Un lundi par mois \/ Atelier de 4h : 9h30 &#8211; 13h30 &nbsp; Votre carnet est votre terrain de jeu artistique , un laboratoire personnel o\u00f9 vous pourrez exp\u00e9rimenter et apprendre . Il [&hellip;]<\/p>\n","protected":false},"author":3,"featured_media":0,"parent":0,"menu_order":0,"comment_status":"closed","ping_status":"closed","template":"","meta":{"_exactmetrics_skip_tracking":false,"_exactmetrics_sitenote_active":false,"_exactmetrics_sitenote_note":"","_exactmetrics_sitenote_category":0,"footnotes":""},"class_list":["post-1012","page","type-page","status-publish","hentry","post"],"_links":{"self":[{"href":"http:\/\/les-jardins-du-bien-etre.com\/index.php?rest_route=\/wp\/v2\/pages\/1012","targetHints":{"allow":["GET"]}}],"collection":[{"href":"http:\/\/les-jardins-du-bien-etre.com\/index.php?rest_route=\/wp\/v2\/pages"}],"about":[{"href":"http:\/\/les-jardins-du-bien-etre.com\/index.php?rest_route=\/wp\/v2\/types\/page"}],"author":[{"embeddable":true,"href":"http:\/\/les-jardins-du-bien-etre.com\/index.php?rest_route=\/wp\/v2\/users\/3"}],"replies":[{"embeddable":true,"href":"http:\/\/les-jardins-du-bien-etre.com\/index.php?rest_route=%2Fwp%2Fv2%2Fcomments&post=1012"}],"version-history":[{"count":2,"href":"http:\/\/les-jardins-du-bien-etre.com\/index.php?rest_route=\/wp\/v2\/pages\/1012\/revisions"}],"predecessor-version":[{"id":1206,"href":"http:\/\/les-jardins-du-bien-etre.com\/index.php?rest_route=\/wp\/v2\/pages\/1012\/revisions\/1206"}],"wp:attachment":[{"href":"http:\/\/les-jardins-du-bien-etre.com\/index.php?rest_route=%2Fwp%2Fv2%2Fmedia&parent=1012"}],"curies":[{"name":"wp","href":"https:\/\/api.w.org\/{rel}","templated":true}]}}