{"id":1019,"date":"2024-05-04T12:57:21","date_gmt":"2024-05-04T12:57:21","guid":{"rendered":"http:\/\/les-jardins-du-bien-etre.com\/?page_id=1019"},"modified":"2024-06-21T08:59:52","modified_gmt":"2024-06-21T08:59:52","slug":"ateliers-visio","status":"publish","type":"page","link":"http:\/\/les-jardins-du-bien-etre.com\/?page_id=1019","title":{"rendered":"Ateliers visio"},"content":{"rendered":"<div id=\"pl-1019\"  class=\"panel-layout\" ><div id=\"pg-1019-0\"  class=\"panel-grid panel-has-style\" ><div class=\"wide-grey panel-row-style panel-row-style-for-1019-0\" ><div id=\"pgc-1019-0-0\"  class=\"panel-grid-cell\" ><div id=\"panel-1019-0-0-0\" class=\"so-panel widget widget_headline-widget panel-first-child panel-last-child\" data-index=\"0\" >\t\t<h1>Ateliers visio<\/h1>\n\t\t<div class=\"decoration\"><div class=\"decoration-inside\"><\/div><\/div>\n\t\t<h3>PRENDRE LE TEMPS D'ETRE AVEC SOI  !!<\/h3>\n\t\t<\/div><\/div><\/div><\/div><div id=\"pg-1019-1\"  class=\"panel-grid panel-no-style\" ><div id=\"pgc-1019-1-0\"  class=\"panel-grid-cell\" ><div id=\"panel-1019-1-0-0\" class=\"so-panel widget widget_sow-image panel-first-child panel-last-child\" data-index=\"1\" ><div\n\t\t\t\n\t\t\tclass=\"so-widget-sow-image so-widget-sow-image-default-c67d20f9f743-1019\"\n\t\t\t\n\t\t>\n<div class=\"sow-image-container\">\n\t\t<img \n\tsrc=\"http:\/\/les-jardins-du-bien-etre.com\/wp-content\/uploads\/2024\/05\/simon-alexis-115-768x647.jpg\" width=\"720\" height=\"607\" srcset=\"http:\/\/les-jardins-du-bien-etre.com\/wp-content\/uploads\/2024\/05\/simon-alexis-115-768x647.jpg 768w, http:\/\/les-jardins-du-bien-etre.com\/wp-content\/uploads\/2024\/05\/simon-alexis-115-300x253.jpg 300w, http:\/\/les-jardins-du-bien-etre.com\/wp-content\/uploads\/2024\/05\/simon-alexis-115-1024x863.jpg 1024w, http:\/\/les-jardins-du-bien-etre.com\/wp-content\/uploads\/2024\/05\/simon-alexis-115-1536x1294.jpg 1536w, http:\/\/les-jardins-du-bien-etre.com\/wp-content\/uploads\/2024\/05\/simon-alexis-115.jpg 1600w\" sizes=\"(max-width: 720px) 100vw, 720px\" alt=\"\" \t\tclass=\"so-widget-image\"\/>\n\t<\/div>\n\n<\/div><\/div><\/div><\/div><div id=\"pg-1019-2\"  class=\"panel-grid panel-no-style\" ><div id=\"pgc-1019-2-0\"  class=\"panel-grid-cell panel-grid-cell-empty\" ><\/div><div id=\"pgc-1019-2-1\"  class=\"panel-grid-cell panel-grid-cell-mobile-last\" ><div id=\"panel-1019-2-1-0\" class=\"so-panel widget widget_black-studio-tinymce widget_black_studio_tinymce panel-first-child panel-last-child\" data-index=\"2\" ><div class=\"panel-widget-style panel-widget-style-for-1019-2-1-0\" ><div class=\"textwidget\"><strong>Des ateliers de cr\u00e9ation en ligne par zoom pour nourrir sa cr\u00e9ativit\u00e9 et son esprit cr\u00e9ateur ..<\/strong>\n\n<strong>Des s\u00e9ances de 4h au rythme d'une fois par mois ...<\/strong><\/div><\/div><\/div><\/div><div id=\"pgc-1019-2-2\"  class=\"panel-grid-cell panel-grid-cell-empty\" ><\/div><\/div><div id=\"pg-1019-3\"  class=\"panel-grid panel-no-style\" ><div id=\"pgc-1019-3-0\"  class=\"panel-grid-cell panel-grid-cell-empty\" ><\/div><div id=\"pgc-1019-3-1\"  class=\"panel-grid-cell\" ><div id=\"panel-1019-3-1-0\" class=\"so-panel widget widget_sow-button panel-first-child panel-last-child\" data-index=\"3\" ><div\n\t\t\t\n\t\t\tclass=\"so-widget-sow-button so-widget-sow-button-flat-2bbc8de9dfc3-1019\"\n\t\t\t\n\t\t><div class=\"ow-button-base ow-button-align-center\"\n>\n\t\t\t<a\n\t\t\t\t\thref=\"http:\/\/les-jardins-du-bien-etre.com\/?page_id=1012\"\n\t\t\t\t\tclass=\"sowb-button ow-icon-placement-left ow-button-hover\" \t>\n\t\t<span>\n\t\t\t<span class=\"sow-icon-icomoon\" data-sow-icon=\"&#xe90d;\"\n\t\tstyle=\"\" \n\t\taria-hidden=\"true\"><\/span>\n\t\t\tCarnet cr\u00e9atif et aquarelle\t\t<\/span>\n\t\t\t<\/a>\n\t<\/div>\n<\/div><\/div><\/div><div id=\"pgc-1019-3-2\"  class=\"panel-grid-cell panel-grid-cell-mobile-last\" ><div id=\"panel-1019-3-2-0\" class=\"so-panel widget widget_sow-button panel-first-child panel-last-child\" data-index=\"4\" ><div\n\t\t\t\n\t\t\tclass=\"so-widget-sow-button so-widget-sow-button-flat-2bbc8de9dfc3-1019\"\n\t\t\t\n\t\t><div class=\"ow-button-base ow-button-align-center\"\n>\n\t\t\t<a\n\t\t\t\t\thref=\"http:\/\/les-jardins-du-bien-etre.com\/?page_id=1016\"\n\t\t\t\t\tclass=\"sowb-button ow-icon-placement-left ow-button-hover\" \t>\n\t\t<span>\n\t\t\t<span class=\"sow-icon-icomoon\" data-sow-icon=\"&#xe90d;\"\n\t\tstyle=\"\" \n\t\taria-hidden=\"true\"><\/span>\n\t\t\tJeu de cartes cr\u00e9atives\t\t<\/span>\n\t\t\t<\/a>\n\t<\/div>\n<\/div><\/div><\/div><div id=\"pgc-1019-3-3\"  class=\"panel-grid-cell panel-grid-cell-empty\" ><\/div><\/div><\/div>","protected":false},"excerpt":{"rendered":"<p>Ateliers visio PRENDRE LE TEMPS D&rsquo;ETRE AVEC SOI !! Des ateliers de cr\u00e9ation en ligne par zoom pour nourrir sa cr\u00e9ativit\u00e9 et son esprit cr\u00e9ateur .. Des s\u00e9ances de 4h au rythme d&rsquo;une fois par mois &#8230; Carnet cr\u00e9atif et aquarelle Jeu de cartes cr\u00e9atives<\/p>\n","protected":false},"author":3,"featured_media":0,"parent":0,"menu_order":0,"comment_status":"closed","ping_status":"closed","template":"","meta":{"_exactmetrics_skip_tracking":false,"_exactmetrics_sitenote_active":false,"_exactmetrics_sitenote_note":"","_exactmetrics_sitenote_category":0,"footnotes":""},"class_list":["post-1019","page","type-page","status-publish","hentry","post"],"_links":{"self":[{"href":"http:\/\/les-jardins-du-bien-etre.com\/index.php?rest_route=\/wp\/v2\/pages\/1019","targetHints":{"allow":["GET"]}}],"collection":[{"href":"http:\/\/les-jardins-du-bien-etre.com\/index.php?rest_route=\/wp\/v2\/pages"}],"about":[{"href":"http:\/\/les-jardins-du-bien-etre.com\/index.php?rest_route=\/wp\/v2\/types\/page"}],"author":[{"embeddable":true,"href":"http:\/\/les-jardins-du-bien-etre.com\/index.php?rest_route=\/wp\/v2\/users\/3"}],"replies":[{"embeddable":true,"href":"http:\/\/les-jardins-du-bien-etre.com\/index.php?rest_route=%2Fwp%2Fv2%2Fcomments&post=1019"}],"version-history":[{"count":1,"href":"http:\/\/les-jardins-du-bien-etre.com\/index.php?rest_route=\/wp\/v2\/pages\/1019\/revisions"}],"predecessor-version":[{"id":1020,"href":"http:\/\/les-jardins-du-bien-etre.com\/index.php?rest_route=\/wp\/v2\/pages\/1019\/revisions\/1020"}],"wp:attachment":[{"href":"http:\/\/les-jardins-du-bien-etre.com\/index.php?rest_route=%2Fwp%2Fv2%2Fmedia&parent=1019"}],"curies":[{"name":"wp","href":"https:\/\/api.w.org\/{rel}","templated":true}]}}