{"id":1090,"date":"2024-05-04T15:06:46","date_gmt":"2024-05-04T15:06:46","guid":{"rendered":"http:\/\/les-jardins-du-bien-etre.com\/?page_id=1090"},"modified":"2025-07-21T07:57:34","modified_gmt":"2025-07-21T07:57:34","slug":"portrait-dailleurs","status":"publish","type":"page","link":"http:\/\/les-jardins-du-bien-etre.com\/?page_id=1090","title":{"rendered":"Portrait d&rsquo;ailleurs"},"content":{"rendered":"<div id=\"pl-1090\"  class=\"panel-layout\" ><div id=\"pg-1090-0\"  class=\"panel-grid panel-no-style\" ><div id=\"pgc-1090-0-0\"  class=\"panel-grid-cell\" ><div id=\"panel-1090-0-0-0\" class=\"so-panel widget widget_headline-widget panel-first-child panel-last-child\" data-index=\"0\" >\t\t<h1>PORTRAIT D'AILLEURS<\/h1>\n\t\t<div class=\"decoration\"><div class=\"decoration-inside\"><\/div><\/div>\n\t\t<h3>S'OFFRIR UNE AVENTURE ARTISTIQUE ET S'AVENTURER DANS L' INCONNU.<\/h3>\n\t\t<\/div><\/div><\/div><div id=\"pg-1090-1\"  class=\"panel-grid panel-no-style\" ><div id=\"pgc-1090-1-0\"  class=\"panel-grid-cell\" ><div id=\"panel-1090-1-0-0\" class=\"so-panel widget widget_sow-image panel-first-child panel-last-child\" data-index=\"1\" ><div\n\t\t\t\n\t\t\tclass=\"so-widget-sow-image so-widget-sow-image-default-c67d20f9f743-1090\"\n\t\t\t\n\t\t>\n<div class=\"sow-image-container\">\n\t\t<img \n\tsrc=\"http:\/\/les-jardins-du-bien-etre.com\/wp-content\/uploads\/2024\/05\/simon-alexis-121.jpg\" width=\"1570\" height=\"1176\" srcset=\"http:\/\/les-jardins-du-bien-etre.com\/wp-content\/uploads\/2024\/05\/simon-alexis-121.jpg 1570w, http:\/\/les-jardins-du-bien-etre.com\/wp-content\/uploads\/2024\/05\/simon-alexis-121-300x225.jpg 300w, http:\/\/les-jardins-du-bien-etre.com\/wp-content\/uploads\/2024\/05\/simon-alexis-121-1024x767.jpg 1024w, http:\/\/les-jardins-du-bien-etre.com\/wp-content\/uploads\/2024\/05\/simon-alexis-121-768x575.jpg 768w, http:\/\/les-jardins-du-bien-etre.com\/wp-content\/uploads\/2024\/05\/simon-alexis-121-1536x1151.jpg 1536w\" sizes=\"(max-width: 1570px) 100vw, 1570px\" title=\"A la mani\u00e8re du carnet de voyage\" alt=\"OUVRIR LES PORTES A UN NOUVEAU MONDE\" \t\tclass=\"so-widget-image\"\/>\n\t<\/div>\n\n<\/div><\/div><\/div><\/div><div id=\"pg-1090-2\"  class=\"panel-grid panel-has-style\" ><div class=\"wide-grey panel-row-style panel-row-style-for-1090-2\" ><div id=\"pgc-1090-2-0\"  class=\"panel-grid-cell\" ><div id=\"panel-1090-2-0-0\" class=\"so-panel widget widget_black-studio-tinymce widget_black_studio_tinymce panel-first-child\" data-index=\"2\" ><h3 class=\"widget-title\">PORTRAIT D&rsquo;AILLEURS ET TECHNIQUES MIXTES A LA MANIERE DU CARNET DU VOYAGE<\/h3><div class=\"textwidget\"><\/div><\/div><div id=\"panel-1090-2-0-1\" class=\"so-panel widget widget_black-studio-tinymce widget_black_studio_tinymce panel-last-child\" data-index=\"3\" ><div class=\"textwidget\"><\/div><\/div><\/div><\/div><\/div><div id=\"pg-1090-3\"  class=\"panel-grid panel-no-style\" ><div id=\"pgc-1090-3-0\"  class=\"panel-grid-cell panel-grid-cell-empty\" ><\/div><div id=\"pgc-1090-3-1\"  class=\"panel-grid-cell\" ><div id=\"panel-1090-3-1-0\" class=\"so-panel widget widget_black-studio-tinymce widget_black_studio_tinymce panel-first-child\" data-index=\"4\" ><div class=\"infosRounded panel-widget-style panel-widget-style-for-1090-3-1-0\" ><h3 class=\"widget-title\">CONTENU<\/h3><div class=\"textwidget\"><p><strong>A partir d'un choix de mod\u00e8les parmi diff\u00e9rents portraits issus de diverses cultures ,\u00a0 cr\u00e9er en images et en mots une histoire sur support papier grand format ( 50 x 65 ) , associant \u00e0 la fois dessin , gouache, aquarelle , collage , \u00e9criture...Une aventure cr\u00e9ative pleine de d\u00e9couvertes et de plaisir !<\/strong><\/p>\n<p>&nbsp;<\/p>\n<\/div><\/div><\/div><div id=\"panel-1090-3-1-1\" class=\"so-panel widget widget_black-studio-tinymce widget_black_studio_tinymce panel-last-child\" data-index=\"5\" ><div class=\"infosRounded panel-widget-style panel-widget-style-for-1090-3-1-1\" ><div class=\"textwidget\"><\/div><\/div><\/div><\/div><div id=\"pgc-1090-3-2\"  class=\"panel-grid-cell panel-grid-cell-mobile-last\" ><div id=\"panel-1090-3-2-0\" class=\"so-panel widget widget_black-studio-tinymce widget_black_studio_tinymce panel-first-child\" data-index=\"6\" ><div class=\"infosRounded panel-widget-style panel-widget-style-for-1090-3-2-0\" ><h3 class=\"widget-title\">CALENDRIER<\/h3><div class=\"textwidget\"><ul style=\"list-style-type: disc;\">\n<li><span style=\"text-decoration: underline;\"><strong>Stage de 4 journ\u00e9es 9h30 - 17h\u00a0 avec une pause repas d'1h30<\/strong><\/span><\/li>\n<\/ul>\n<p style=\"text-align: left;\">\u00a0 \u00a0 \u00a0 \u00a0 \u00a0 \u00a0 \u00a0 \u00a0Chacun apporte son pique -nique<\/p>\n<p style=\"text-align: left;\">\u00a0 \u00a0 \u00a0 \u00a0 \u00a0 \u00a0 \u00a0 \u00a0 \u00a0 \u00a0 \u00a0 \u00a0 \u00a0 \u00a0 \u00a0<strong><span style=\"font-size: 20px;\"> 10-13 Juillet 2026\u00a0 <\/span><\/strong><\/p>\n<p style=\"text-align: left;\"><strong><span style=\"font-size: 20px;\">\u00a0 \u00a0 \u00a0 \u00a0 \u00a0 \u00a0 \u00a0 \u00a0 \u00a0 \u00a0 \u00a0 \u00a0 ou 6-9 Aout 2026<\/span><\/strong><\/p>\n<ul style=\"list-style-type: disc;\">\n<li><span style=\"text-decoration: underline;\"><strong>Groupe de 3 \u00e0 6 personnes<\/strong><\/span><\/li>\n<li><strong>Lieu :\u00a0 Sainte Colombe \/ Landes 40700<\/strong><\/li>\n<li><span style=\"font-size: 14px;\">H\u00e9bergement \u00e0 la charge du participant\u00a0<\/span><\/li>\n<\/ul>\n<\/div><\/div><\/div><div id=\"panel-1090-3-2-1\" class=\"so-panel widget widget_black-studio-tinymce widget_black_studio_tinymce panel-last-child\" data-index=\"7\" ><div class=\"infosRounded panel-widget-style panel-widget-style-for-1090-3-2-1\" ><h3 class=\"widget-title\">TARIF<\/h3><div class=\"textwidget\"><ul style=\"list-style-type: disc;\">\n<li><strong>110\u20ac prix journ\u00e9e + 30\u20ac adh\u00e9sion \u00e0 l'association<\/strong><\/li>\n<\/ul>\n<p>mat\u00e9riel de base compris<\/p>\n<ul style=\"list-style-type: disc;\">\n<li><strong>Acompte de 100\u20ac \u00e0 l'inscription<\/strong> ( encaissable apr\u00e8s le stage et non remboursable )<\/li>\n<\/ul>\n<p><b>COMMENT S'INSCRIRE<\/b><\/p>\n<ul>\n<li>Contactez Catherine ALEXIS par mail ou par t\u00e9l\u00e9phone<\/li>\n<li><strong>catherine.alexis@wanadoo.fr \/ Tel 06 11 50 01 88<\/strong><\/li>\n<li>Recevez les informations de paiement et les modalit\u00e9s pratiques<\/li>\n<\/ul>\n<\/div><\/div><\/div><\/div><div id=\"pgc-1090-3-3\"  class=\"panel-grid-cell panel-grid-cell-empty\" ><\/div><\/div><div id=\"pg-1090-4\"  class=\"panel-grid panel-no-style\" ><div id=\"pgc-1090-4-0\"  class=\"panel-grid-cell panel-grid-cell-empty\" ><\/div><\/div><div id=\"pg-1090-5\"  class=\"panel-grid panel-has-style\" ><div class=\"wide-grey panel-row-style panel-row-style-for-1090-5\" ><div id=\"pgc-1090-5-0\"  class=\"panel-grid-cell panel-grid-cell-empty\" ><\/div><div id=\"pgc-1090-5-1\"  class=\"panel-grid-cell panel-grid-cell-mobile-last\" ><div id=\"panel-1090-5-1-0\" class=\"so-panel widget widget_siteorigin-panels-builder panel-first-child panel-last-child\" data-index=\"8\" ><div id=\"pl-w6637bcb362f2e\"  class=\"panel-layout\" ><div id=\"pg-w6637bcb362f2e-0\"  class=\"panel-grid panel-no-style\" ><div id=\"pgc-w6637bcb362f2e-0-0\"  class=\"panel-grid-cell panel-grid-cell-empty\" ><\/div><div id=\"pgc-w6637bcb362f2e-0-1\"  class=\"panel-grid-cell panel-grid-cell-empty\" ><\/div><div id=\"pgc-w6637bcb362f2e-0-2\"  class=\"panel-grid-cell\" ><div id=\"panel-w6637bcb362f2e-0-2-0\" class=\"so-panel widget widget_sow-image panel-first-child panel-last-child\" data-index=\"0\" ><div\n\t\t\t\n\t\t\tclass=\"so-widget-sow-image so-widget-sow-image-default-c67d20f9f743\"\n\t\t\t\n\t\t>\n<div class=\"sow-image-container\">\n\t\t\t<a href=\"http:\/\/les-jardins-du-bien-etre.com\/?page_id=273\"\n\t\t\t\t\t>\n\t\t\t<img \n\tsrc=\"http:\/\/les-jardins-du-bien-etre.com\/wp-content\/uploads\/2024\/05\/catherine_alexis_2024.png\" width=\"128\" height=\"128\" sizes=\"(max-width: 128px) 100vw, 128px\" alt=\"Catherine Alexis\" \t\tclass=\"so-widget-image\"\/>\n\t\t\t<\/a><\/div>\n\n<h3 class=\"widget-title\"><\/h3><\/div><\/div><\/div><\/div><\/div><\/div><\/div><div id=\"pgc-1090-5-2\"  class=\"panel-grid-cell panel-grid-cell-empty\" ><\/div><\/div><\/div><div id=\"pg-1090-6\"  class=\"panel-grid panel-has-style\" ><div class=\"wide-grey panel-row-style panel-row-style-for-1090-6\" ><div id=\"pgc-1090-6-0\"  class=\"panel-grid-cell panel-grid-cell-empty\" ><\/div><div id=\"pgc-1090-6-1\"  class=\"panel-grid-cell panel-grid-cell-mobile-last\" ><div id=\"panel-1090-6-1-0\" class=\"so-panel widget widget_black-studio-tinymce widget_black_studio_tinymce panel-first-child panel-last-child\" data-index=\"9\" ><div class=\"panel-widget-style panel-widget-style-for-1090-6-1-0\" ><div class=\"textwidget\"><p><strong>MISE EN PLACE D\u2019UN STAGE SUR DEMANDE\u00a0<\/strong>sur d\u2019autres r\u00e9gions de France s\u2019adresser \u00e0 <a href=\"http:\/\/les-jardins-du-bien-etre.com\/?page_id=273\">Catherine Alexis<\/a><\/p><\/div><\/div><\/div><\/div><div id=\"pgc-1090-6-2\"  class=\"panel-grid-cell panel-grid-cell-empty\" ><\/div><\/div><\/div><\/div>","protected":false},"excerpt":{"rendered":"<p>PORTRAIT D&rsquo;AILLEURS S&rsquo;OFFRIR UNE AVENTURE ARTISTIQUE ET S&rsquo;AVENTURER DANS L&rsquo; INCONNU. PORTRAIT D&rsquo;AILLEURS ET TECHNIQUES MIXTES A LA MANIERE DU CARNET DU VOYAGECONTENUA partir d&rsquo;un choix de mod\u00e8les parmi diff\u00e9rents portraits issus de diverses cultures ,\u00a0 cr\u00e9er en images et en mots une histoire sur support papier grand format ( 50 x 65 ) , [&hellip;]<\/p>\n","protected":false},"author":3,"featured_media":0,"parent":0,"menu_order":0,"comment_status":"closed","ping_status":"closed","template":"","meta":{"_exactmetrics_skip_tracking":false,"_exactmetrics_sitenote_active":false,"_exactmetrics_sitenote_note":"","_exactmetrics_sitenote_category":0,"footnotes":""},"class_list":["post-1090","page","type-page","status-publish","hentry","post"],"_links":{"self":[{"href":"http:\/\/les-jardins-du-bien-etre.com\/index.php?rest_route=\/wp\/v2\/pages\/1090","targetHints":{"allow":["GET"]}}],"collection":[{"href":"http:\/\/les-jardins-du-bien-etre.com\/index.php?rest_route=\/wp\/v2\/pages"}],"about":[{"href":"http:\/\/les-jardins-du-bien-etre.com\/index.php?rest_route=\/wp\/v2\/types\/page"}],"author":[{"embeddable":true,"href":"http:\/\/les-jardins-du-bien-etre.com\/index.php?rest_route=\/wp\/v2\/users\/3"}],"replies":[{"embeddable":true,"href":"http:\/\/les-jardins-du-bien-etre.com\/index.php?rest_route=%2Fwp%2Fv2%2Fcomments&post=1090"}],"version-history":[{"count":1,"href":"http:\/\/les-jardins-du-bien-etre.com\/index.php?rest_route=\/wp\/v2\/pages\/1090\/revisions"}],"predecessor-version":[{"id":1091,"href":"http:\/\/les-jardins-du-bien-etre.com\/index.php?rest_route=\/wp\/v2\/pages\/1090\/revisions\/1091"}],"wp:attachment":[{"href":"http:\/\/les-jardins-du-bien-etre.com\/index.php?rest_route=%2Fwp%2Fv2%2Fmedia&parent=1090"}],"curies":[{"name":"wp","href":"https:\/\/api.w.org\/{rel}","templated":true}]}}