{"id":1165,"date":"2024-07-24T16:57:32","date_gmt":"2024-07-24T16:57:32","guid":{"rendered":"http:\/\/les-jardins-du-bien-etre.com\/?page_id=1165"},"modified":"2025-07-03T15:24:53","modified_gmt":"2025-07-03T15:24:53","slug":"intuition-et-axe-de-vie","status":"publish","type":"page","link":"http:\/\/les-jardins-du-bien-etre.com\/?page_id=1165","title":{"rendered":"Intuition et axe de vie"},"content":{"rendered":"<div id=\"pl-1165\"  class=\"panel-layout\" ><div id=\"pg-1165-0\"  class=\"panel-grid panel-no-style\" ><div id=\"pgc-1165-0-0\"  class=\"panel-grid-cell\" ><div id=\"panel-1165-0-0-0\" class=\"so-panel widget widget_headline-widget panel-first-child panel-last-child\" data-index=\"0\" >\t\t<h1>Intuition et Axe de vie<\/h1>\n\t\t<div class=\"decoration\"><div class=\"decoration-inside\"><\/div><\/div>\n\t\t<h3>\"Je ne suis pas ce qui m'est arriv\u00e9 , je suis ce que que choisis de devenir \" Jung<\/h3>\n\t\t<\/div><\/div><\/div><div id=\"pg-1165-1\"  class=\"panel-grid panel-no-style\" ><div id=\"pgc-1165-1-0\"  class=\"panel-grid-cell\" ><div id=\"panel-1165-1-0-0\" class=\"so-panel widget widget_sow-image panel-first-child panel-last-child\" data-index=\"1\" ><div\n\t\t\t\n\t\t\tclass=\"so-widget-sow-image so-widget-sow-image-default-c67d20f9f743-1165\"\n\t\t\t\n\t\t>\n<div class=\"sow-image-container\">\n\t\t<img \n\tsrc=\"http:\/\/les-jardins-du-bien-etre.com\/wp-content\/uploads\/2014\/12\/06.jpg\" width=\"1080\" height=\"400\" srcset=\"http:\/\/les-jardins-du-bien-etre.com\/wp-content\/uploads\/2014\/12\/06.jpg 1080w, http:\/\/les-jardins-du-bien-etre.com\/wp-content\/uploads\/2014\/12\/06-300x111.jpg 300w, http:\/\/les-jardins-du-bien-etre.com\/wp-content\/uploads\/2014\/12\/06-1024x379.jpg 1024w\" sizes=\"(max-width: 1080px) 100vw, 1080px\" alt=\"OUVRIR LES PORTES A UN NOUVEAU MONDE\" \t\tclass=\"so-widget-image\"\/>\n\t<\/div>\n\n<\/div><\/div><\/div><\/div><div id=\"pg-1165-2\"  class=\"panel-grid panel-has-style\" ><div class=\"wide-grey panel-row-style panel-row-style-for-1165-2\" ><div id=\"pgc-1165-2-0\"  class=\"panel-grid-cell\" ><div id=\"panel-1165-2-0-0\" class=\"so-panel widget widget_black-studio-tinymce widget_black_studio_tinymce panel-first-child\" data-index=\"2\" ><div class=\"textwidget\"><p style=\"text-align: center;\"><strong>Laisser \u00e9merger et rassembler les ressources acquises au cours de la vie ,<\/strong><\/p>\n<p style=\"text-align: center;\"><strong>relier pass\u00e9-pr\u00e9sent-futur pour d\u00e9velopper une attitude positive ,<\/strong><\/p>\n<p style=\"text-align: center;\"><strong>confiante ,cr\u00e9ative en int\u00e9grant son intuition \u00e0 sa vie de tous les jours ..<\/strong><\/p>\n<\/div><\/div><div id=\"panel-1165-2-0-1\" class=\"so-panel widget widget_black-studio-tinymce widget_black_studio_tinymce panel-last-child\" data-index=\"3\" ><div class=\"textwidget\"><\/div><\/div><\/div><\/div><\/div><div id=\"pg-1165-3\"  class=\"panel-grid panel-no-style\" ><div id=\"pgc-1165-3-0\"  class=\"panel-grid-cell panel-grid-cell-empty\" ><\/div><div id=\"pgc-1165-3-1\"  class=\"panel-grid-cell\" ><div id=\"panel-1165-3-1-0\" class=\"so-panel widget widget_black-studio-tinymce widget_black_studio_tinymce panel-first-child\" data-index=\"4\" ><div class=\"infosRounded panel-widget-style panel-widget-style-for-1165-3-1-0\" ><h3 class=\"widget-title\">CONTENU<\/h3><div class=\"textwidget\"><p>Voyager sur sa ligne de temps en utilisant la pratique du mandala en grand format .<\/p>\n<p>Une exp\u00e9rience d'expression picturale qui met directement en contact avec le ressenti , qui permet d'observer , de voir et de prendre conscience ...<\/p>\n<p>Un stage\u00a0 rythm\u00e9 en 4 temps : m\u00e9ditation , expression graphique, \u00e9criture , partage .<\/p>\n<p>Sur un support papier , vous laissez se cr\u00e9er votre mandala pas \u00e0 pas \u00e0 partir de th\u00e8me pr\u00e9cis qui seront les axes directeurs de votre cr\u00e9ation .<\/p>\n<\/div><\/div><\/div><div id=\"panel-1165-3-1-1\" class=\"so-panel widget widget_black-studio-tinymce widget_black_studio_tinymce panel-last-child\" data-index=\"5\" ><div class=\"infosRounded panel-widget-style panel-widget-style-for-1165-3-1-1\" ><div class=\"textwidget\"><\/div><\/div><\/div><\/div><div id=\"pgc-1165-3-2\"  class=\"panel-grid-cell panel-grid-cell-mobile-last\" ><div id=\"panel-1165-3-2-0\" class=\"so-panel widget widget_black-studio-tinymce widget_black_studio_tinymce panel-first-child\" data-index=\"6\" ><div class=\"infosRounded panel-widget-style panel-widget-style-for-1165-3-2-0\" ><h3 class=\"widget-title\">CALENDRIER<\/h3><div class=\"textwidget\"><p style=\"text-align: center;\">Stage de <strong>3 journ\u00e9es<\/strong> 9h30-17h30 avec une pause repas de 1h30<\/p>\n<p style=\"text-align: center;\"><strong>sur demande\u00a0<\/strong><\/p>\n<p style=\"text-align: center;\">\u00a0Groupe de 3\u00a0 personnes<\/p>\n<p style=\"text-align: center;\"><strong>Lieu : Sainte Colombe 40700<\/strong><\/p>\n<p style=\"text-align: center;\">\u00a0 \u00a0H\u00e9bergement \u00e0 la charge du participant<\/p>\n<\/div><\/div><\/div><div id=\"panel-1165-3-2-1\" class=\"so-panel widget widget_black-studio-tinymce widget_black_studio_tinymce panel-last-child\" data-index=\"7\" ><div class=\"infosRounded panel-widget-style panel-widget-style-for-1165-3-2-1\" ><h3 class=\"widget-title\">TARIF<\/h3><div class=\"textwidget\"><ul>\n<li>110\u20ac prix journ\u00e9e ( mat\u00e9riel de base compris ) + 30\u20ac\u00a0 adh\u00e9sion annuelle \u00e0 l'association<\/li>\n<li>Acompte de 100\u20ac \u00e0 l'inscription ( encaissable apr\u00e8s le stage et non remboursable\u00a0 )<\/li>\n<\/ul>\n<\/div><\/div><\/div><\/div><div id=\"pgc-1165-3-3\"  class=\"panel-grid-cell panel-grid-cell-empty\" ><\/div><\/div><div id=\"pg-1165-4\"  class=\"panel-grid panel-no-style\" ><div id=\"pgc-1165-4-0\"  class=\"panel-grid-cell panel-grid-cell-empty\" ><\/div><\/div><div id=\"pg-1165-5\"  class=\"panel-grid panel-has-style\" ><div class=\"wide-grey panel-row-style panel-row-style-for-1165-5\" ><div id=\"pgc-1165-5-0\"  class=\"panel-grid-cell panel-grid-cell-empty\" ><\/div><div id=\"pgc-1165-5-1\"  class=\"panel-grid-cell panel-grid-cell-mobile-last\" ><div id=\"panel-1165-5-1-0\" class=\"so-panel widget widget_siteorigin-panels-builder panel-first-child panel-last-child\" data-index=\"8\" ><div id=\"pl-w66a1327c98488\"  class=\"panel-layout\" ><div id=\"pg-w66a1327c98488-0\"  class=\"panel-grid panel-no-style\" ><div id=\"pgc-w66a1327c98488-0-0\"  class=\"panel-grid-cell panel-grid-cell-empty\" ><\/div><div id=\"pgc-w66a1327c98488-0-1\"  class=\"panel-grid-cell panel-grid-cell-empty\" ><\/div><div id=\"pgc-w66a1327c98488-0-2\"  class=\"panel-grid-cell\" ><div id=\"panel-w66a1327c98488-0-2-0\" class=\"so-panel widget widget_sow-image panel-first-child panel-last-child\" data-index=\"0\" ><div\n\t\t\t\n\t\t\tclass=\"so-widget-sow-image so-widget-sow-image-default-c67d20f9f743\"\n\t\t\t\n\t\t>\n<div class=\"sow-image-container\">\n\t\t\t<a href=\"http:\/\/les-jardins-du-bien-etre.com\/?page_id=273\"\n\t\t\t\t\t>\n\t\t\t<img \n\tsrc=\"http:\/\/les-jardins-du-bien-etre.com\/wp-content\/uploads\/2024\/05\/catherine_alexis_2024.png\" width=\"128\" height=\"128\" sizes=\"(max-width: 128px) 100vw, 128px\" alt=\"Catherine Alexis\" \t\tclass=\"so-widget-image\"\/>\n\t\t\t<\/a><\/div>\n\n<h3 class=\"widget-title\"><\/h3><\/div><\/div><\/div><\/div><\/div><\/div><\/div><div id=\"pgc-1165-5-2\"  class=\"panel-grid-cell panel-grid-cell-empty\" ><\/div><\/div><\/div><div id=\"pg-1165-6\"  class=\"panel-grid panel-has-style\" ><div class=\"wide-grey panel-row-style panel-row-style-for-1165-6\" ><div id=\"pgc-1165-6-0\"  class=\"panel-grid-cell panel-grid-cell-empty\" ><\/div><div id=\"pgc-1165-6-1\"  class=\"panel-grid-cell panel-grid-cell-mobile-last\" ><div id=\"panel-1165-6-1-0\" class=\"so-panel widget widget_black-studio-tinymce widget_black_studio_tinymce panel-first-child panel-last-child\" data-index=\"9\" ><div class=\"panel-widget-style panel-widget-style-for-1165-6-1-0\" ><div class=\"textwidget\"><p><strong>MISE EN PLACE D\u2019UN STAGE SUR DEMANDE\u00a0<\/strong>sur d\u2019autres r\u00e9gions de France s\u2019adresser \u00e0 <a href=\"http:\/\/les-jardins-du-bien-etre.com\/?page_id=273\">Catherine Alexis<\/a><\/p><\/div><\/div><\/div><\/div><div id=\"pgc-1165-6-2\"  class=\"panel-grid-cell panel-grid-cell-empty\" ><\/div><\/div><\/div><\/div>","protected":false},"excerpt":{"rendered":"<p>Intuition et Axe de vie \u00ab\u00a0Je ne suis pas ce qui m&rsquo;est arriv\u00e9 , je suis ce que que choisis de devenir \u00a0\u00bb Jung Laisser \u00e9merger et rassembler les ressources acquises au cours de la vie , relier pass\u00e9-pr\u00e9sent-futur pour d\u00e9velopper une attitude positive , confiante ,cr\u00e9ative en int\u00e9grant son intuition \u00e0 sa vie de [&hellip;]<\/p>\n","protected":false},"author":3,"featured_media":0,"parent":0,"menu_order":0,"comment_status":"closed","ping_status":"closed","template":"","meta":{"_exactmetrics_skip_tracking":false,"_exactmetrics_sitenote_active":false,"_exactmetrics_sitenote_note":"","_exactmetrics_sitenote_category":0,"footnotes":""},"class_list":["post-1165","page","type-page","status-publish","hentry","post"],"_links":{"self":[{"href":"http:\/\/les-jardins-du-bien-etre.com\/index.php?rest_route=\/wp\/v2\/pages\/1165","targetHints":{"allow":["GET"]}}],"collection":[{"href":"http:\/\/les-jardins-du-bien-etre.com\/index.php?rest_route=\/wp\/v2\/pages"}],"about":[{"href":"http:\/\/les-jardins-du-bien-etre.com\/index.php?rest_route=\/wp\/v2\/types\/page"}],"author":[{"embeddable":true,"href":"http:\/\/les-jardins-du-bien-etre.com\/index.php?rest_route=\/wp\/v2\/users\/3"}],"replies":[{"embeddable":true,"href":"http:\/\/les-jardins-du-bien-etre.com\/index.php?rest_route=%2Fwp%2Fv2%2Fcomments&post=1165"}],"version-history":[{"count":1,"href":"http:\/\/les-jardins-du-bien-etre.com\/index.php?rest_route=\/wp\/v2\/pages\/1165\/revisions"}],"predecessor-version":[{"id":1166,"href":"http:\/\/les-jardins-du-bien-etre.com\/index.php?rest_route=\/wp\/v2\/pages\/1165\/revisions\/1166"}],"wp:attachment":[{"href":"http:\/\/les-jardins-du-bien-etre.com\/index.php?rest_route=%2Fwp%2Fv2%2Fmedia&parent=1165"}],"curies":[{"name":"wp","href":"https:\/\/api.w.org\/{rel}","templated":true}]}}