{"id":118,"date":"2015-12-21T16:10:49","date_gmt":"2015-12-21T16:10:49","guid":{"rendered":"http:\/\/les-jardins-du-bien-etre.com\/?page_id=118"},"modified":"2018-03-31T03:33:52","modified_gmt":"2018-03-31T03:33:52","slug":"therapie-breve","status":"publish","type":"page","link":"http:\/\/les-jardins-du-bien-etre.com\/?page_id=118","title":{"rendered":"Th\u00e9rapie breve"},"content":{"rendered":"<div id=\"pl-118\"  class=\"panel-layout\" ><div id=\"pg-118-0\"  class=\"panel-grid panel-has-style\" ><div class=\"wide-grey panel-row-style panel-row-style-for-118-0\" ><div id=\"pgc-118-0-0\"  class=\"panel-grid-cell\" ><div id=\"panel-118-0-0-0\" class=\"so-panel widget widget_black-studio-tinymce widget_black_studio_tinymce panel-first-child panel-last-child\" data-index=\"0\" ><div class=\"textwidget\"><div id=\"panel-15-0-0-0\" class=\"panel widget widget_headline-widget panel-first-child\">\n<div class=\"panel-widget-style\">\n<h1>Techniques br\u00e9ves<\/h1>\n<\/div>\n<\/div>\n<\/div><\/div><\/div><\/div><\/div><div id=\"pg-118-1\"  class=\"panel-grid panel-has-style\" ><div class=\"wide-grey panel-row-style panel-row-style-for-118-1\" ><div id=\"pgc-118-1-0\"  class=\"panel-grid-cell\" ><div id=\"panel-118-1-0-0\" class=\"so-panel widget widget_sow-image panel-first-child panel-last-child\" data-index=\"1\" ><div\n\t\t\t\n\t\t\tclass=\"so-widget-sow-image so-widget-sow-image-default-c67d20f9f743-118\"\n\t\t\t\n\t\t>\n<div class=\"sow-image-container\">\n\t\t<img \n\tsrc=\"http:\/\/les-jardins-du-bien-etre.com\/wp-content\/uploads\/2018\/03\/30-768x284.jpg\" width=\"720\" height=\"266\" srcset=\"http:\/\/les-jardins-du-bien-etre.com\/wp-content\/uploads\/2018\/03\/30-768x284.jpg 768w, http:\/\/les-jardins-du-bien-etre.com\/wp-content\/uploads\/2018\/03\/30-300x111.jpg 300w, http:\/\/les-jardins-du-bien-etre.com\/wp-content\/uploads\/2018\/03\/30-1024x379.jpg 1024w, http:\/\/les-jardins-du-bien-etre.com\/wp-content\/uploads\/2018\/03\/30.jpg 1080w\" sizes=\"(max-width: 720px) 100vw, 720px\" alt=\"\" \t\tclass=\"so-widget-image\"\/>\n\t<\/div>\n\n<\/div><\/div><\/div><\/div><\/div><div id=\"pg-118-2\"  class=\"panel-grid panel-no-style\" ><div id=\"pgc-118-2-0\"  class=\"panel-grid-cell panel-grid-cell-empty\" ><\/div><div id=\"pgc-118-2-1\"  class=\"panel-grid-cell panel-grid-cell-mobile-last\" ><div id=\"panel-118-2-1-0\" class=\"so-panel widget widget_black-studio-tinymce widget_black_studio_tinymce panel-first-child panel-last-child\" data-index=\"2\" ><div class=\"panel-widget-style panel-widget-style-for-118-2-1-0\" ><div class=\"textwidget\"><p>Ces techniques de changement s\u2019inscrivent dans une d\u00e9marche de th\u00e9rapie br\u00e8ve . Une forme de th\u00e9rapie active orient\u00e9e sur le but \u00e0 atteindre .<br \/>Ces diff\u00e9rentes techniques compl\u00e9mentaires permettent d'\u00e9tablir un communication avec l'inconscient , de provoquer le changement, de modifier les comportements dysfonctionnels et\u00a0de mettre en place\u00a0de nouvelles habitudes .<\/p><p><strong>GTS CONCEPT<\/strong> ( generative techniques synthese concept\u00a0):<br \/>Les Techniques GTS Concept servent \u00e0 d\u00e9programmer les empreintes post-traumatiques qui sont m\u00e9moris\u00e9es, stock\u00e9es et maintenues par une tonalit\u00e9 \u00e9motionnelle par et dans le cerveau Limbique. Apr\u00e8s s\u2019\u00eatre lib\u00e9r\u00e9 de ses empreintes post-traumatiques, le sujet va pouvoir disposer d\u2019une nouvelle vitalit\u00e9, de nouveaux potentiels et donc pouvoir g\u00e9n\u00e9rer de nouvelles orientations. Ces Techniques ont une orientation d\u2019application par rapport aux chocs du Pass\u00e9, du Pr\u00e9sent et du Futur. R\u00e9f\u00e9rents :\u00a0NICOLE ET ANDRE FRATACCI www.gtsconcept.com<\/p><p><strong>EFT<\/strong> (emotional freedom techniques ):<br \/>Une technique psycho-corporelle de gestion du stress et de l\u2019anxi\u00e9t\u00e9 .<br \/>Une technique qui permet d\u2019 installer une fluidit\u00e9 \u00e9motionnelle positive et de retrouver rapidement un \u00e9quilibre \u00e9nerg\u00e9tique\u00a0et redynamiser votre activit\u00e9 immunitaire .\u00a0R\u00e9ferent EFT PRESENCE MARION BLIQUE , IFPEC , DAWSON CHURCH<\/p><p><strong>MATRIX REIMPRINTING<\/strong>:<br \/>Matrix Reimprinting est un des outils avanc\u00e9s d'EFT et a \u00e9t\u00e9 d\u00e9velopp\u00e9 \u00e0 partir de la technique dite\"du film\" qui permet de traiter un \u00e9v\u00e9nement traumatique dans son ensemble et \u00e0 travers ses multiples aspects.Avec la technique de Matrix Reimprinting, ou le R\u00e9-encodage de la Matrice, nous allons tout d\u2019abord r\u00e9duire l\u2019intensit\u00e9 \u00e9motionnelle<br \/>pour pouvoir aller travailler directement sue ces parties de nous , souvent dissoci\u00e9es et non accessibles , bloqu\u00e9es dans une situation d\u2019impuissance dans notre champ \u00e9nerg\u00e9tique ,profond\u00e9ment seules et isol\u00e9es .La pratique va consister \u00e0 amener son client \u00e0 rentrer en imagination dans la sc\u00e8ne et utiliser l\u2019EFT sur ces parties de soi bloqu\u00e9es .Une fois que l\u2019intensit\u00e9 \u00e9motionnelle aura \u00e9t\u00e9 compl\u00e8tement soulag\u00e9e, le client va recr\u00e9er une sc\u00e8ne diff\u00e9rente avec des \u00e9l\u00e9ments\u00a0ressources et la r\u00e9imprimer \u00e9nerg\u00e9tiquement, d\u2019o\u00f9 le nom: R\u00e9-encodage de la Matrice. R\u00e9ferent :EFT PRESENCE MARION BLIQUE , IFPEC<\/p><\/div><\/div><\/div><\/div><div id=\"pgc-118-2-2\"  class=\"panel-grid-cell panel-grid-cell-empty\" ><\/div><\/div><\/div>","protected":false},"excerpt":{"rendered":"<p>Techniques br\u00e9ves<\/p>\n","protected":false},"author":3,"featured_media":0,"parent":114,"menu_order":0,"comment_status":"closed","ping_status":"closed","template":"templates\/template-full-notitle.php","meta":{"_exactmetrics_skip_tracking":false,"_exactmetrics_sitenote_active":false,"_exactmetrics_sitenote_note":"","_exactmetrics_sitenote_category":0,"footnotes":""},"class_list":["post-118","page","type-page","status-publish","hentry","post"],"_links":{"self":[{"href":"http:\/\/les-jardins-du-bien-etre.com\/index.php?rest_route=\/wp\/v2\/pages\/118","targetHints":{"allow":["GET"]}}],"collection":[{"href":"http:\/\/les-jardins-du-bien-etre.com\/index.php?rest_route=\/wp\/v2\/pages"}],"about":[{"href":"http:\/\/les-jardins-du-bien-etre.com\/index.php?rest_route=\/wp\/v2\/types\/page"}],"author":[{"embeddable":true,"href":"http:\/\/les-jardins-du-bien-etre.com\/index.php?rest_route=\/wp\/v2\/users\/3"}],"replies":[{"embeddable":true,"href":"http:\/\/les-jardins-du-bien-etre.com\/index.php?rest_route=%2Fwp%2Fv2%2Fcomments&post=118"}],"version-history":[{"count":6,"href":"http:\/\/les-jardins-du-bien-etre.com\/index.php?rest_route=\/wp\/v2\/pages\/118\/revisions"}],"predecessor-version":[{"id":469,"href":"http:\/\/les-jardins-du-bien-etre.com\/index.php?rest_route=\/wp\/v2\/pages\/118\/revisions\/469"}],"up":[{"embeddable":true,"href":"http:\/\/les-jardins-du-bien-etre.com\/index.php?rest_route=\/wp\/v2\/pages\/114"}],"wp:attachment":[{"href":"http:\/\/les-jardins-du-bien-etre.com\/index.php?rest_route=%2Fwp%2Fv2%2Fmedia&parent=118"}],"curies":[{"name":"wp","href":"https:\/\/api.w.org\/{rel}","templated":true}]}}