{"id":120,"date":"2015-12-21T16:11:15","date_gmt":"2015-12-21T16:11:15","guid":{"rendered":"http:\/\/les-jardins-du-bien-etre.com\/?page_id=120"},"modified":"2026-04-03T08:01:05","modified_gmt":"2026-04-03T08:01:05","slug":"therapie-par-lart","status":"publish","type":"page","link":"http:\/\/les-jardins-du-bien-etre.com\/?page_id=120","title":{"rendered":"Coaching par l&rsquo;art"},"content":{"rendered":"<div id=\"pl-120\"  class=\"panel-layout\" ><div id=\"pg-120-0\"  class=\"panel-grid panel-has-style\" ><div class=\"wide-grey panel-row-style panel-row-style-for-120-0\" ><div id=\"pgc-120-0-0\"  class=\"panel-grid-cell\" ><div id=\"panel-120-0-0-0\" class=\"so-panel widget widget_black-studio-tinymce widget_black_studio_tinymce panel-first-child panel-last-child\" data-index=\"0\" ><div class=\"textwidget\"><div id=\"panel-15-0-0-0\" class=\"panel widget widget_headline-widget panel-first-child\">\n<div class=\"panel-widget-style\">\n<h1>Coaching\u00a0par l'art<\/h1>\n<\/div>\n<\/div>\n<\/div><\/div><\/div><\/div><\/div><div id=\"pg-120-1\"  class=\"panel-grid panel-no-style\" ><div id=\"pgc-120-1-0\"  class=\"panel-grid-cell panel-grid-cell-empty\" ><\/div><div id=\"pgc-120-1-1\"  class=\"panel-grid-cell panel-grid-cell-mobile-last\" ><div id=\"panel-120-1-1-0\" class=\"so-panel widget widget_black-studio-tinymce widget_black_studio_tinymce panel-first-child panel-last-child\" data-index=\"1\" ><div class=\"panel-widget-style panel-widget-style-for-120-1-1-0\" ><div class=\"textwidget\"><strong>Le coaching par l'Art , <\/strong>un moyen innovant d'exploration de soi et d'apprentissages ; un support d'accompagnement qui utilise des supports artistiques ( dessin, peinture , collage ,mandala , \u00e9criture ..) comme m\u00e9diateurs pour explorer ses \u00e9motions , ses pens\u00e9es et s'orienter vers des solutions .Nul\u00a0 besoin de savoir dessiner ou d'\u00eatre un artiste .Le processus est plus important que le r\u00e9sultat .\n<p style=\"text-align: center;\"><strong><span style=\"font-size: 12px;\">Des pratiques et des techniques artistiques pour une expression libre de la sensibilit\u00e9 qui favorise le langage silencieux l\u00e0 o\u00f9 les mots ne disent pas tout . L\u2019activit\u00e9 cr\u00e9atrice permet\u00a0 de se recentrer et de se rassembler . Elle enclenche un processus de transformation des modes de pens\u00e9es, r\u00e9gule l\u2019\u00e9motionnel, ouvrant de nouvelles perspectives et de nouveaux points de vue, l\u2019imagination est reprogramm\u00e9e, l\u2019intuition est activ\u00e9e g\u00e9n\u00e9rant<\/span><\/strong><strong><span style=\"font-size: 12px;\"> \u00e9lan de vie , enthousiasme,\u00a0 joie spontan\u00e9e , un alignement int\u00e9rieur .<\/span><\/strong><\/p>\n\n&nbsp;<\/div><\/div><\/div><\/div><div id=\"pgc-120-1-2\"  class=\"panel-grid-cell panel-grid-cell-empty\" ><\/div><\/div><\/div>","protected":false},"excerpt":{"rendered":"<p>Coaching\u00a0par l&rsquo;art Le coaching par l&rsquo;Art , un moyen innovant d&rsquo;exploration de soi et d&rsquo;apprentissages ; un support d&rsquo;accompagnement qui utilise des supports artistiques ( dessin, peinture , collage ,mandala , \u00e9criture ..) comme m\u00e9diateurs pour explorer ses \u00e9motions , ses pens\u00e9es et s&rsquo;orienter vers des solutions .Nul\u00a0 besoin de savoir dessiner ou d&rsquo;\u00eatre un [&hellip;]<\/p>\n","protected":false},"author":3,"featured_media":0,"parent":114,"menu_order":0,"comment_status":"closed","ping_status":"closed","template":"templates\/template-full-notitle.php","meta":{"_exactmetrics_skip_tracking":false,"_exactmetrics_sitenote_active":false,"_exactmetrics_sitenote_note":"","_exactmetrics_sitenote_category":0,"footnotes":""},"class_list":["post-120","page","type-page","status-publish","hentry","post"],"_links":{"self":[{"href":"http:\/\/les-jardins-du-bien-etre.com\/index.php?rest_route=\/wp\/v2\/pages\/120","targetHints":{"allow":["GET"]}}],"collection":[{"href":"http:\/\/les-jardins-du-bien-etre.com\/index.php?rest_route=\/wp\/v2\/pages"}],"about":[{"href":"http:\/\/les-jardins-du-bien-etre.com\/index.php?rest_route=\/wp\/v2\/types\/page"}],"author":[{"embeddable":true,"href":"http:\/\/les-jardins-du-bien-etre.com\/index.php?rest_route=\/wp\/v2\/users\/3"}],"replies":[{"embeddable":true,"href":"http:\/\/les-jardins-du-bien-etre.com\/index.php?rest_route=%2Fwp%2Fv2%2Fcomments&post=120"}],"version-history":[{"count":5,"href":"http:\/\/les-jardins-du-bien-etre.com\/index.php?rest_route=\/wp\/v2\/pages\/120\/revisions"}],"predecessor-version":[{"id":362,"href":"http:\/\/les-jardins-du-bien-etre.com\/index.php?rest_route=\/wp\/v2\/pages\/120\/revisions\/362"}],"up":[{"embeddable":true,"href":"http:\/\/les-jardins-du-bien-etre.com\/index.php?rest_route=\/wp\/v2\/pages\/114"}],"wp:attachment":[{"href":"http:\/\/les-jardins-du-bien-etre.com\/index.php?rest_route=%2Fwp%2Fv2%2Fmedia&parent=120"}],"curies":[{"name":"wp","href":"https:\/\/api.w.org\/{rel}","templated":true}]}}