{"id":1220,"date":"2025-07-20T18:11:25","date_gmt":"2025-07-20T18:11:25","guid":{"rendered":"http:\/\/les-jardins-du-bien-etre.com\/?page_id=1220"},"modified":"2025-07-21T15:22:36","modified_gmt":"2025-07-21T15:22:36","slug":"1220-2","status":"publish","type":"page","link":"http:\/\/les-jardins-du-bien-etre.com\/?page_id=1220","title":{"rendered":"stages visio"},"content":{"rendered":"<div id=\"pl-1220\"  class=\"panel-layout\" ><div id=\"pg-1220-0\"  class=\"panel-grid panel-has-style\" ><div class=\"wide-grey panel-row-style panel-row-style-for-1220-0\" ><div id=\"pgc-1220-0-0\"  class=\"panel-grid-cell\" ><div id=\"panel-1220-0-0-0\" class=\"so-panel widget widget_headline-widget panel-first-child panel-last-child\" data-index=\"0\" >\t\t<h1>Stages visio<\/h1>\n\t\t<div class=\"decoration\"><div class=\"decoration-inside\"><\/div><\/div>\n\t\t<h3>PRATIQUER ET \/ OU SE PERFECTIONNER !!<\/h3>\n\t\t<\/div><\/div><\/div><\/div><div id=\"pg-1220-1\"  class=\"panel-grid panel-no-style\" ><div id=\"pgc-1220-1-0\"  class=\"panel-grid-cell\" ><div id=\"panel-1220-1-0-0\" class=\"so-panel widget widget_sow-image panel-first-child panel-last-child\" data-index=\"1\" ><div\n\t\t\t\n\t\t\tclass=\"so-widget-sow-image so-widget-sow-image-default-c67d20f9f743-1220\"\n\t\t\t\n\t\t>\n<div class=\"sow-image-container\">\n\t\t<img \n\tsrc=\"http:\/\/les-jardins-du-bien-etre.com\/wp-content\/uploads\/2024\/05\/simon-alexis-114-768x576.jpg\" width=\"720\" height=\"540\" srcset=\"http:\/\/les-jardins-du-bien-etre.com\/wp-content\/uploads\/2024\/05\/simon-alexis-114-768x576.jpg 768w, http:\/\/les-jardins-du-bien-etre.com\/wp-content\/uploads\/2024\/05\/simon-alexis-114-300x225.jpg 300w, http:\/\/les-jardins-du-bien-etre.com\/wp-content\/uploads\/2024\/05\/simon-alexis-114-1024x768.jpg 1024w, http:\/\/les-jardins-du-bien-etre.com\/wp-content\/uploads\/2024\/05\/simon-alexis-114-1536x1152.jpg 1536w, http:\/\/les-jardins-du-bien-etre.com\/wp-content\/uploads\/2024\/05\/simon-alexis-114.jpg 1600w\" sizes=\"(max-width: 720px) 100vw, 720px\" alt=\"\" \t\tclass=\"so-widget-image\"\/>\n\t<\/div>\n\n<\/div><\/div><\/div><\/div><div id=\"pg-1220-2\"  class=\"panel-grid panel-no-style\" ><div id=\"pgc-1220-2-0\"  class=\"panel-grid-cell panel-grid-cell-empty\" ><\/div><div id=\"pgc-1220-2-1\"  class=\"panel-grid-cell panel-grid-cell-mobile-last\" ><div id=\"panel-1220-2-1-0\" class=\"so-panel widget widget_black-studio-tinymce widget_black_studio_tinymce panel-first-child panel-last-child\" data-index=\"2\" ><div class=\"panel-widget-style panel-widget-style-for-1220-2-1-0\" ><h3 class=\"widget-title\">STAGES CREATIFS EN VISIO <\/h3><div class=\"textwidget\"><strong>Vous r\u00eavez d'explorer votre cr\u00e9ativit\u00e9 , d'apprendre de nouvelles techniques artistiques ou de vous d\u00e9tendre par le dessin ? Ces stages en visio sont con\u00e7us pour vous , que vous soyez d\u00e9butant ou que vous souhaitez\u00a0 perfectionner vos connaissances .<\/strong>\n\n<strong>Organisez votre ann\u00e9e cr\u00e9ative pour profiter de moments d'apprentissage et de partage\u00a0 confortablement install\u00e9 chez vous .<\/strong>\n\n&nbsp;\n\n<strong>Chaque stage est compos\u00e9 de 4 sessions de 2h ...soit une dur\u00e9e totale de 8h . <\/strong><\/div><\/div><\/div><\/div><div id=\"pgc-1220-2-2\"  class=\"panel-grid-cell panel-grid-cell-empty\" ><\/div><\/div><div id=\"pg-1220-3\"  class=\"panel-grid panel-no-style\" ><div id=\"pgc-1220-3-0\"  class=\"panel-grid-cell panel-grid-cell-empty\" ><\/div><div id=\"pgc-1220-3-1\"  class=\"panel-grid-cell\" ><div id=\"panel-1220-3-1-0\" class=\"so-panel widget widget_sow-button panel-first-child panel-last-child\" data-index=\"3\" ><div\n\t\t\t\n\t\t\tclass=\"so-widget-sow-button so-widget-sow-button-flat-2bbc8de9dfc3-1220\"\n\t\t\t\n\t\t><div class=\"ow-button-base ow-button-align-center\"\n>\n\t\t\t<a\n\t\t\t\t\thref=\"http:\/\/les-jardins-du-bien-etre.com\/?page_id=1223\"\n\t\t\t\t\tclass=\"sowb-button ow-icon-placement-left ow-button-hover\" \t>\n\t\t<span>\n\t\t\t<span class=\"sow-icon-icomoon\" data-sow-icon=\"&#xe90d;\"\n\t\tstyle=\"\" \n\t\taria-hidden=\"true\"><\/span>\n\t\t\tEnrichir sa mani\u00e8re de voir\t\t<\/span>\n\t\t\t<\/a>\n\t<\/div>\n<\/div><\/div><\/div><div id=\"pgc-1220-3-2\"  class=\"panel-grid-cell\" ><div id=\"panel-1220-3-2-0\" class=\"so-panel widget widget_sow-button panel-first-child panel-last-child\" data-index=\"4\" ><div\n\t\t\t\n\t\t\tclass=\"so-widget-sow-button so-widget-sow-button-flat-2bbc8de9dfc3-1220\"\n\t\t\t\n\t\t><div class=\"ow-button-base ow-button-align-center\"\n>\n\t\t\t<a\n\t\t\t\t\thref=\"http:\/\/les-jardins-du-bien-etre.com\/?page_id=1225\"\n\t\t\t\t\tclass=\"sowb-button ow-icon-placement-left ow-button-hover\" \t>\n\t\t<span>\n\t\t\t<span class=\"sow-icon-icomoon\" data-sow-icon=\"&#xe90d;\"\n\t\tstyle=\"\" \n\t\taria-hidden=\"true\"><\/span>\n\t\t\tD\u00e9buter ou se perfectionner a l'aquarelle\t\t<\/span>\n\t\t\t<\/a>\n\t<\/div>\n<\/div><\/div><\/div><div id=\"pgc-1220-3-3\"  class=\"panel-grid-cell panel-grid-cell-mobile-last\" ><div id=\"panel-1220-3-3-0\" class=\"so-panel widget widget_sow-button panel-first-child panel-last-child\" data-index=\"5\" ><div\n\t\t\t\n\t\t\tclass=\"so-widget-sow-button so-widget-sow-button-flat-2bbc8de9dfc3-1220\"\n\t\t\t\n\t\t><div class=\"ow-button-base ow-button-align-center\"\n>\n\t\t\t<a\n\t\t\t\t\thref=\"http:\/\/les-jardins-du-bien-etre.com\/?page_id=1227\"\n\t\t\t\t\tclass=\"sowb-button ow-icon-placement-left ow-button-hover\" \t>\n\t\t<span>\n\t\t\t<span class=\"sow-icon-icomoon\" data-sow-icon=\"&#xe90d;\"\n\t\tstyle=\"\" \n\t\taria-hidden=\"true\"><\/span>\n\t\t\tPratiquer l'aquarelle cr\u00e9ative et le zentangle\t\t<\/span>\n\t\t\t<\/a>\n\t<\/div>\n<\/div><\/div><\/div><div id=\"pgc-1220-3-4\"  class=\"panel-grid-cell panel-grid-cell-empty\" ><\/div><\/div><\/div>","protected":false},"excerpt":{"rendered":"<p>Stages visio PRATIQUER ET \/ OU SE PERFECTIONNER !! STAGES CREATIFS EN VISIO Vous r\u00eavez d&rsquo;explorer votre cr\u00e9ativit\u00e9 , d&rsquo;apprendre de nouvelles techniques artistiques ou de vous d\u00e9tendre par le dessin ? Ces stages en visio sont con\u00e7us pour vous , que vous soyez d\u00e9butant ou que vous souhaitez\u00a0 perfectionner vos connaissances . Organisez votre [&hellip;]<\/p>\n","protected":false},"author":3,"featured_media":0,"parent":0,"menu_order":0,"comment_status":"closed","ping_status":"closed","template":"","meta":{"_exactmetrics_skip_tracking":false,"_exactmetrics_sitenote_active":false,"_exactmetrics_sitenote_note":"","_exactmetrics_sitenote_category":0,"footnotes":""},"class_list":["post-1220","page","type-page","status-publish","hentry","post"],"_links":{"self":[{"href":"http:\/\/les-jardins-du-bien-etre.com\/index.php?rest_route=\/wp\/v2\/pages\/1220","targetHints":{"allow":["GET"]}}],"collection":[{"href":"http:\/\/les-jardins-du-bien-etre.com\/index.php?rest_route=\/wp\/v2\/pages"}],"about":[{"href":"http:\/\/les-jardins-du-bien-etre.com\/index.php?rest_route=\/wp\/v2\/types\/page"}],"author":[{"embeddable":true,"href":"http:\/\/les-jardins-du-bien-etre.com\/index.php?rest_route=\/wp\/v2\/users\/3"}],"replies":[{"embeddable":true,"href":"http:\/\/les-jardins-du-bien-etre.com\/index.php?rest_route=%2Fwp%2Fv2%2Fcomments&post=1220"}],"version-history":[{"count":2,"href":"http:\/\/les-jardins-du-bien-etre.com\/index.php?rest_route=\/wp\/v2\/pages\/1220\/revisions"}],"predecessor-version":[{"id":1222,"href":"http:\/\/les-jardins-du-bien-etre.com\/index.php?rest_route=\/wp\/v2\/pages\/1220\/revisions\/1222"}],"wp:attachment":[{"href":"http:\/\/les-jardins-du-bien-etre.com\/index.php?rest_route=%2Fwp%2Fv2%2Fmedia&parent=1220"}],"curies":[{"name":"wp","href":"https:\/\/api.w.org\/{rel}","templated":true}]}}