{"id":15,"date":"2014-12-28T13:26:01","date_gmt":"2014-12-28T13:26:01","guid":{"rendered":"http:\/\/les-jardins-du-bien-etre.com\/wordpress\/?page_id=15"},"modified":"2026-04-14T14:36:59","modified_gmt":"2026-04-14T14:36:59","slug":"home","status":"publish","type":"page","link":"http:\/\/les-jardins-du-bien-etre.com\/","title":{"rendered":"Accueil"},"content":{"rendered":"<div id=\"pl-15\"  class=\"panel-layout\" ><div id=\"pg-15-0\"  class=\"panel-grid panel-has-style\" ><div class=\"wide-grey panel-row-style panel-row-style-for-15-0\" ><div id=\"pgc-15-0-0\"  class=\"panel-grid-cell\" ><div id=\"panel-15-0-0-0\" class=\"so-panel widget widget_headline-widget panel-first-child panel-last-child\" data-index=\"0\" >\t\t<h1>EXPRESSION ET CREATIVITE<\/h1>\n\t\t<div class=\"decoration\"><div class=\"decoration-inside\"><\/div><\/div>\n\t\t<h3>RESPIRER , JOUER , CREER....ET LAISSER EMERGER SON EXPRESSION<\/h3>\n\t\t<\/div><\/div><\/div><\/div><div id=\"pg-15-1\"  class=\"panel-grid panel-no-style\" ><div id=\"pgc-15-1-0\"  class=\"panel-grid-cell panel-grid-cell-empty\" ><\/div><div id=\"pgc-15-1-1\"  class=\"panel-grid-cell panel-grid-cell-mobile-last\" ><div id=\"panel-15-1-1-0\" class=\"so-panel widget widget_black-studio-tinymce widget_black_studio_tinymce panel-first-child panel-last-child\" data-index=\"1\" ><div class=\"panel-widget-style panel-widget-style-for-15-1-1-0\" ><div class=\"textwidget\"><p style=\"text-align: center;\"><span style=\"color: #fc9700;\"><strong> ATELIER DE CREATIVTE PICTURALE <\/strong><\/span><\/p>\n<p style=\"text-align: left;\">L'Atelier les jardins du bien \u00eatre est une association loi 1901 cr\u00e9\u00e9e en 2011. Son but est de proposer un espace d'expression , de communication , de cr\u00e9ation et de re-cr\u00e9ation ...<\/p>\n<p style=\"text-align: left;\">Ce lieu  a comme vocation d'offrir un espace cr\u00e9atif pour lib\u00e9rer sa cr\u00e9ativit\u00e9 , se reconnecter \u00e0 soi et laisser \u00e9merger une expression personnelle en s'appuyant sur des bases en dessin et en couleurs .\n<p style=\"text-align: left;\"><b \n\n\/b>...<\/p>\n<p style=\"text-align: left;\">Une approche globale et cr\u00e9ative o\u00f9 l'alliance  de la pratique de la sophrologie , du yoga nidra et de la pratique artistique permet de cr\u00e9er un cadre s\u00e9curisant pour explorer et d\u00e9velopper sa cr\u00e9ativit\u00e9 . Chacun peut laisser \u00e9merger son expression , exp\u00e9rimenter , approfondir et donner forme \u00e0 ses id\u00e9es et \u00e0 ses ressentis, en toute confiance . .<\/strong>.<\/p>\n<p style=\"text-align: left;\">\n\n  <\/p>\n<p style=\"text-align: left;\">Un accompagnement  sur mesure en fonction des besoins et du rythme de chacun.<\/p>\n<p style=\"text-align: center;\"><\/p>\n\nPour ceux ou celles qui souhaitent : ralentir et se d\u00e9poser ; se reconnecter \u00e0 leur corps ; lib\u00e9rer leur cr\u00e9ativit\u00e9; cultiver plus de l\u00e9g\u00e8ret\u00e9 et de plaisir au quotidien ; s'offrir un espace de cr\u00e9ation en libert\u00e9 .<\/div><\/div><\/div><\/div><div id=\"pgc-15-1-2\"  class=\"panel-grid-cell panel-grid-cell-empty\" ><\/div><\/div><div id=\"pg-15-2\"  class=\"panel-grid panel-has-style\" ><div class=\"wide-grey panel-row-style panel-row-style-for-15-2\" ><div id=\"pgc-15-2-0\"  class=\"panel-grid-cell\" ><div id=\"panel-15-2-0-0\" class=\"so-panel widget widget_sow-image panel-first-child panel-last-child\" data-index=\"2\" ><div\n\t\t\t\n\t\t\tclass=\"so-widget-sow-image so-widget-sow-image-default-c67d20f9f743-15\"\n\t\t\t\n\t\t>\n<div class=\"sow-image-container\">\n\t\t<img \n\tsrc=\"http:\/\/les-jardins-du-bien-etre.com\/wp-content\/uploads\/2024\/05\/simon-alexis-126-762x1024.jpg\" width=\"480\" height=\"645\" srcset=\"http:\/\/les-jardins-du-bien-etre.com\/wp-content\/uploads\/2024\/05\/simon-alexis-126-762x1024.jpg 762w, http:\/\/les-jardins-du-bien-etre.com\/wp-content\/uploads\/2024\/05\/simon-alexis-126-223x300.jpg 223w, http:\/\/les-jardins-du-bien-etre.com\/wp-content\/uploads\/2024\/05\/simon-alexis-126-768x1033.jpg 768w, http:\/\/les-jardins-du-bien-etre.com\/wp-content\/uploads\/2024\/05\/simon-alexis-126-1142x1536.jpg 1142w, http:\/\/les-jardins-du-bien-etre.com\/wp-content\/uploads\/2024\/05\/simon-alexis-126.jpg 1161w\" sizes=\"(max-width: 480px) 100vw, 480px\" alt=\"\" \t\tclass=\"so-widget-image\"\/>\n\t<\/div>\n\n<\/div><\/div><\/div><\/div><\/div><div id=\"pg-15-3\"  class=\"panel-grid panel-has-style\" ><div class=\"wide-grey panel-row-style panel-row-style-for-15-3\" ><div id=\"pgc-15-3-0\"  class=\"panel-grid-cell\" ><div id=\"panel-15-3-0-0\" class=\"so-panel widget widget_headline-widget panel-first-child panel-last-child\" data-index=\"3\" >\t\t<h1>Catherine Alexis<\/h1>\n\t\t<div class=\"decoration\"><div class=\"decoration-inside\"><\/div><\/div>\n\t\t<h3><\/h3>\n\t\t<\/div><\/div><\/div><\/div><div id=\"pg-15-4\"  class=\"panel-grid panel-has-style\" ><div class=\"wide-grey panel-row-style panel-row-style-for-15-4\" ><div id=\"pgc-15-4-0\"  class=\"panel-grid-cell panel-grid-cell-empty\" ><\/div><div id=\"pgc-15-4-1\"  class=\"panel-grid-cell panel-grid-cell-mobile-last\" ><div id=\"panel-15-4-1-0\" class=\"so-panel widget widget_black-studio-tinymce widget_black_studio_tinymce panel-first-child panel-last-child\" data-index=\"4\" ><div class=\"textwidget\"><p style=\"text-align: left;\"><a href=\"http:\/\/les-jardins-du-bien-etre.com\/wp-content\/uploads\/2024\/05\/catherine_alexis_2024.png\"><img loading=\"lazy\" decoding=\"async\" class=\"alignleft wp-image-1098 size-full\" src=\"http:\/\/les-jardins-du-bien-etre.com\/wp-content\/uploads\/2024\/05\/catherine_alexis_2024.png\" alt=\"\" width=\"128\" height=\"128\" \/><\/a><\/p>\n<p style=\"text-align: left;\"><span style=\"font-size: 16px;\"><strong>Praticienne\u00a0<\/strong><\/span><br \/>\n<span style=\"font-size: 14px;\"><em>en <span style=\"font-size: 12px;\"><strong>Th\u00e9rapies br\u00e8ves GTS Concept , Sophrologie , Coaching par l'Art<\/strong><\/span><\/em><\/span><br \/>\n<strong><span style=\"font-size: 12px;\"><em> Artiste autoditacte , aquarelle et carnet de voyage<\/em><\/span><\/strong><\/p>\n<p><a href=\"http:\/\/les-jardins-du-bien-etre.com\/?page_id=273\">En savoir plus<\/a><\/p>\n<\/div><\/div><\/div><div id=\"pgc-15-4-2\"  class=\"panel-grid-cell panel-grid-cell-empty\" ><\/div><\/div><\/div><div id=\"pg-15-5\"  class=\"panel-grid panel-has-style\" ><div class=\"wide-grey panel-row-style panel-row-style-for-15-5\" ><div id=\"pgc-15-5-0\"  class=\"panel-grid-cell\" ><div id=\"panel-15-5-0-0\" class=\"so-panel widget widget_headline-widget panel-first-child panel-last-child\" data-index=\"5\" >\t\t<h1>Contact<\/h1>\n\t\t<div class=\"decoration\"><div class=\"decoration-inside\"><\/div><\/div>\n\t\t<h3><\/h3>\n\t\t<\/div><\/div><\/div><\/div><div id=\"pg-15-6\"  class=\"panel-grid panel-no-style\" ><div id=\"pgc-15-6-0\"  class=\"panel-grid-cell\" ><div id=\"panel-15-6-0-0\" class=\"so-panel widget widget_circleicon-widget panel-first-child panel-last-child\" data-index=\"6\" >\t\t<div class=\"circle-icon-box circle-icon-position-top circle-icon-hide-box circle-icon-size-small\">\n\t\t\t<div class=\"circle-icon-wrapper\">\n\t\t\t\t\t\t\t\t<div class=\"circle-icon\" >\n\t\t\t\t\t<div class=\"fa fa-phone\" ><\/div>\t\t\t\t<\/div>\n\t\t\t\t\t\t\t<\/div>\n\n\t\t\t\t\t\t<h4 >Telephone<\/h4>\t\t\t\n\t\t\t<p class=\"text\" >06 11 50 01 88<\/p>\t\t\t\t\t<\/div>\n\t\t<\/div><\/div><div id=\"pgc-15-6-1\"  class=\"panel-grid-cell\" ><div id=\"panel-15-6-1-0\" class=\"so-panel widget widget_circleicon-widget panel-first-child panel-last-child\" data-index=\"7\" >\t\t<div class=\"circle-icon-box circle-icon-position-top circle-icon-hide-box circle-icon-size-small\">\n\t\t\t<div class=\"circle-icon-wrapper\">\n\t\t\t\t\t\t\t\t<div class=\"circle-icon\" >\n\t\t\t\t\t<div class=\"fa fa-home\" ><\/div>\t\t\t\t<\/div>\n\t\t\t\t\t\t\t<\/div>\n\n\t\t\t\t\t\t<h4 >Adresse<\/h4>\t\t\t\n\t\t\t<p class=\"text\" >Atelier les jardins du bien-\u00eatre<\/br>229 Chem. des Ar\u00e8nes, 40700 Sainte-Colombe, France<\/p>\t\t\t\t\t<\/div>\n\t\t<\/div><\/div><div id=\"pgc-15-6-2\"  class=\"panel-grid-cell\" ><div id=\"panel-15-6-2-0\" class=\"so-panel widget widget_circleicon-widget panel-first-child panel-last-child\" data-index=\"8\" >\t\t<div class=\"circle-icon-box circle-icon-position-top circle-icon-hide-box circle-icon-size-small\">\n\t\t\t<div class=\"circle-icon-wrapper\">\n\t\t\t\t\t\t\t\t<div class=\"circle-icon icon-style-set\" style=\"background-image: url(http:\/\/contact@les-jardins-du-bien-etre.com)\">\n\t\t\t\t\t<div class=\"fa fa-inbox icon-color-set\" ><\/div>\t\t\t\t<\/div>\n\t\t\t\t\t\t\t<\/div>\n\n\t\t\t\t\t\t<h4 >Mail<\/h4>\t\t\t\n\t\t\t<p class=\"text\" ><a href='http:\/\/les-jardins-du-bien-etre.com\/?page_id=219'>Me contacter<\/a><\/p>\t\t\t\t\t<\/div>\n\t\t<\/div><\/div><div id=\"pgc-15-6-3\"  class=\"panel-grid-cell\" ><div id=\"panel-15-6-3-0\" class=\"so-panel widget widget_circleicon-widget panel-first-child panel-last-child\" data-index=\"9\" >\t\t<div class=\"circle-icon-box circle-icon-position-top circle-icon-hide-box circle-icon-size-small\">\n\t\t\t<div class=\"circle-icon-wrapper\">\n\t\t\t\t\t\t\t\t<div class=\"circle-icon\" >\n\t\t\t\t\t<div class=\"fa fa-instagram\" ><\/div>\t\t\t\t<\/div>\n\t\t\t\t\t\t\t<\/div>\n\n\t\t\t\t\t\t<h4 >Instagram<\/h4>\t\t\t\n\t\t\t<p class=\"text\" ><a href='https:\/\/www.instagram.com\/atelierslesjardinsdubienetre'>Suivez nous<\/a><\/p>\t\t\t\t\t<\/div>\n\t\t<\/div><\/div><\/div><div id=\"pg-15-7\"  class=\"panel-grid panel-has-style\" ><div class=\"wide-grey panel-row-style panel-row-style-for-15-7\" ><div id=\"pgc-15-7-0\"  class=\"panel-grid-cell\" ><div id=\"panel-15-7-0-0\" class=\"so-panel widget widget_headline-widget panel-first-child panel-last-child\" data-index=\"10\" >\t\t<h1>Lieu<\/h1>\n\t\t<div class=\"decoration\"><div class=\"decoration-inside\"><\/div><\/div>\n\t\t<h3><\/h3>\n\t\t<\/div><\/div><\/div><\/div><div id=\"pg-15-8\"  class=\"panel-grid panel-has-style\" ><div class=\"siteorigin-panels-stretch panel-row-style-full-width panel-row-style panel-row-style-for-15-8\" data-stretch-type=\"full-width-stretch\" ><div id=\"pgc-15-8-0\"  class=\"panel-grid-cell\" ><div id=\"panel-15-8-0-0\" class=\"so-panel widget widget_text panel-first-child panel-last-child\" data-index=\"11\" >\t\t\t<div class=\"textwidget\"><div class=\"wpgmza-store-locator wpgmza_sl_main_div\" data-id=\"1\">\r\n\t<div class=\"wpgmza-address-container wpgmza-form-field wpgmza_sl_query_div wpgmza-clearfix\">\r\n\t\t<label class=\"wpgmza-address wpgmza-form-field__label wpgmza-form-field__label--float\" data-name=\"addressLabel\" for=\"addressInput\">Code Postal \/ Adresse<\/label>\r\n\t\t<input class=\"wpgmza-address\" type=\"text\" placeholder=\"Utilisez ma localisation\" autocomplete=\"off\" data-name=\"defaultAddress\" value=\"\" id=\"addressInput\" size=\"20\">\r\n\t<\/div>\r\n\t\r\n\t<div class=\"wpgmza-radius-container wpgmza-form-field wpgmza_sl_radius_div wpgmza-clearfix\">\r\n\t\t<label class=\"wpgmza-radius wpgmza-form-field__label wpgmza-form-field__label--float\" for=\"radiusSelect\">\r\n\t\t\tRadius\t\t<\/label>\r\n\t\t<select class=\"wpgmza-radius wpgmza-form-field__input wpgmza_sl_radius_select\" id=\"radiusSelect\"><option class=\"wpgmza-radius wpgmza_sl_select_option\" value=\"1\">1mi<\/option><option class=\"wpgmza-radius wpgmza_sl_select_option\" value=\"5\">5mi<\/option><option class=\"wpgmza-radius wpgmza_sl_select_option\" value=\"10\" selected>10mi<\/option><option class=\"wpgmza-radius wpgmza_sl_select_option\" value=\"25\">25mi<\/option><option class=\"wpgmza-radius wpgmza_sl_select_option\" value=\"50\">50mi<\/option><option class=\"wpgmza-radius wpgmza_sl_select_option\" value=\"75\">75mi<\/option><option class=\"wpgmza-radius wpgmza_sl_select_option\" value=\"100\">100mi<\/option><option class=\"wpgmza-radius wpgmza_sl_select_option\" value=\"150\">150mi<\/option><option class=\"wpgmza-radius wpgmza_sl_select_option\" value=\"200\">200mi<\/option><option class=\"wpgmza-radius wpgmza_sl_select_option\" value=\"300\">300mi<\/option><\/select>\r\n\t<\/div>\r\n\t\r\n\t<input class=\"wpgmza-search wpgmza_sl_search_button wpgmza_sl_search_button_1\" value=\"Rechercher\" type=\"button\" onclick=\"searchLocations(1)\">\r\n\t\r\n\t<div class=\"wpgmza-no-results wpgmza-not-found-msg js-not-found-msg\" style=\"display: none;\">\r\n\t\t<p data-name=\"notFoundMessage\">No results found in this location. Please try again.<\/p>\r\n\t<\/div>\r\n<\/div><div id=\"wpgmza_map\" class=\"wpgmza_map\" data-settings='{\"id\":\"1\",\"map_title\":\"Atelier Les jardins du bien \\u00eatre\",\"map_width\":\"100\",\"map_height\":\"400\",\"map_start_lat\":\"44.15386310049345\",\"map_start_lng\":\"2.965079234396008\",\"map_start_location\":\"43.46947942324343,6.504580021656028\",\"map_start_zoom\":\"8\",\"default_marker\":\"0\",\"type\":\"1\",\"alignment\":\"2\",\"directions_enabled\":\"1\",\"styling_enabled\":\"0\",\"styling_json\":\"\",\"active\":\"0\",\"kml\":\"\",\"bicycle\":\"0\",\"traffic\":\"0\",\"dbox\":\"1\",\"dbox_width\":\"250\",\"listmarkers\":\"0\",\"listmarkers_advanced\":\"0\",\"filterbycat\":\"0\",\"ugm_enabled\":\"0\",\"ugm_category_enabled\":\"0\",\"fusion\":\"\",\"map_width_type\":\"%\",\"map_height_type\":\"px\",\"mass_marker_support\":\"1\",\"ugm_access\":\"0\",\"order_markers_by\":\"0\",\"order_markers_choice\":\"0\",\"show_user_location\":\"0\",\"default_to\":\"\",\"other_settings\":{\"store_locator_enabled\":true,\"store_locator_distance\":true,\"store_locator_bounce\":1,\"store_locator_query_string\":\"\",\"wpgmza_store_locator_restrict\":\"\",\"map_max_zoom\":\"1\",\"transport_layer\":false,\"wpgmza_theme_data\":\"\",\"action\":\"wpgmza_save_map\",\"redirect_to\":\"\\\/wp-admin\\\/admin-post.php\",\"map_id\":\"1\",\"http_referer\":\"\\\/wp-admin\\\/admin.php?page=wp-google-maps-menu&amp;amp;action=edit&amp;amp;map_id=1\",\"wpgmza_id\":\"1\",\"wpgmza_start_location\":\"44.15386310049345,2.965079234396008\",\"wpgmza_start_zoom\":\"8\",\"store_locator_search_area\":\"radial\",\"wpgmza_store_locator_radius_style\":\"legacy\",\"wpgmza_store_locator_default_radius\":\"10\",\"store_locator_auto_area_max_zoom\":\"\",\"wpgmza_store_locator_position\":false,\"store_locator_show_distance\":false,\"store_locator_category\":false,\"wpgmza_store_locator_use_their_location\":false,\"wpgmza_store_locator_bounce\":false,\"wpgmza_sl_animation\":null,\"wpgmza_store_locator_hide_before_search\":false,\"store_locator_location_placeholder\":\"\",\"store_locator_default_address\":\"\",\"store_locator_name_search\":false,\"store_locator_name_string\":\"\",\"store_locator_not_found_message\":\"\",\"sl_stroke_color\":\"\",\"sl_stroke_opacity\":\"\",\"sl_fill_color\":\"\",\"sl_fill_opacity\":\"\",\"wpgmza_map_align\":\"1\",\"jump_to_nearest_marker_on_initialization\":false,\"automatically_pan_to_users_location\":false,\"override_users_location_zoom_level\":false,\"override_users_location_zoom_levels\":\"\",\"show_distance_from_location\":false,\"map_min_zoom\":\"0\",\"click_open_link\":false,\"fit_maps_bounds_to_markers\":false,\"fit_maps_bounds_to_markers_after_filtering\":false,\"hide_point_of_interest\":false,\"wpgmza_zoom_on_marker_click\":false,\"wpgmza_zoom_on_marker_click_slider\":\"\",\"close_infowindow_on_map_click\":false,\"disable_lightbox_images\":false,\"use_Raw_Jpeg_Coordinates\":false,\"disable_polygon_info_windows\":false,\"enable_marker_ratings\":false,\"enable_marker_labels\":false,\"only_load_markers_within_viewport\":false,\"zoom_level_mobile_override_enabled\":false,\"zoom_level_mobile_override\":\"\",\"iw_primary_color\":\"#000000\",\"iw_accent_color\":\"#000000\",\"iw_text_color\":\"#000000\",\"wpgmza_listmarkers_by\":\"0\",\"wpgmza_marker_listing_position\":false,\"zoom_level_on_marker_listing_override\":false,\"zoom_level_on_marker_listing_click\":\"\",\"marker_listing_disable_zoom\":false,\"datatable_no_result_message\":\"\",\"remove_search_box_datables\":false,\"dataTable_pagination_style\":null,\"datatable_search_string\":\"\",\"datatable_result_start\":\"\",\"datatable_result_of\":\"\",\"datatable_result_to\":\"\",\"datatable_result_total\":\"\",\"datatable_result_show\":\"\",\"datatable_result_entries\":\"\",\"wpgmza_savemap\":\"Enregistrer la carte \\u00bb\"}}' data-map-id='1' Data-maps-engine='open-layers' data-shortcode-attributes='{\"id\":\"1\"}' style=\"display:block; overflow:auto; width:100%; height:400px; float:left;\"><\/div><\/div>\n\t\t<\/div><\/div><\/div><\/div><div id=\"pg-15-9\"  class=\"panel-grid panel-has-style\" ><div class=\"wide-grey panel-row-style panel-row-style-for-15-9\" ><div id=\"pgc-15-9-0\"  class=\"panel-grid-cell\" ><div id=\"panel-15-9-0-0\" class=\"so-panel widget widget_headline-widget panel-first-child panel-last-child\" data-index=\"12\" >\t\t<h1>Evenements<\/h1>\n\t\t<div class=\"decoration\"><div class=\"decoration-inside\"><\/div><\/div>\n\t\t<h3><\/h3>\n\t\t<\/div><\/div><\/div><\/div><div id=\"pg-15-10\"  class=\"panel-grid panel-has-style\" ><div class=\"wide-grey panel-row-style panel-row-style-for-15-10\" ><div id=\"pgc-15-10-0\"  class=\"panel-grid-cell\" ><div id=\"panel-15-10-0-0\" class=\"so-panel widget widget_sow-post-carousel panel-first-child panel-last-child\" data-index=\"13\" ><div\n\t\t\t\n\t\t\tclass=\"so-widget-sow-post-carousel so-widget-sow-post-carousel-base-c7dbb92dd929-15\"\n\t\t\t\n\t\t>\t<div\n\t\tclass=\"sow-post-carousel-wrapper sow-post-carousel-theme-base\"\n\t\tstyle=\"overflow: hidden; max-width: 100%; min-height: 150px\"\n\t>\n\t\t<div class=\"sow-carousel-title\">\n\t\t\t<div class=\"sow-carousel-navigation \">\n\t\t\t\t\t\t<a href=\"#\" class=\"sow-carousel-next\" title=\"Suivant\" aria-label=\"Next Posts\" role=\"button\"><\/a>\n\t\t\t\t\t\t<a href=\"#\" class=\"sow-carousel-previous\" title=\"Pr\u00e9c\u00e9dent\" aria-label=\"Previous Posts\" role=\"button\"><\/a>\n\t\t\t\t\t<\/div>\n\t<\/div>\n\n<div class=\"sow-carousel-container \">\n\t\t<div class=\"sow-carousel-wrapper\"\n\t\tdata-dir=\"ltr\"\n\t\tstyle=\"opacity: 0;\"\n\t\tdata-widget=\"post\" data-fetching=\"false\" data-page=\"1\" data-ajax-url=\"http:\/\/les-jardins-du-bien-etre.com\/wp-admin\/admin-ajax.php?_widgets_nonce=b0bd6c4c10\" data-item_count=\"8\" data-carousel_settings=\"{&quot;loop&quot;:true,&quot;animation&quot;:&quot;Ease&quot;,&quot;animation_speed&quot;:400,&quot;autoplay&quot;:&quot;&quot;,&quot;pauseOnHover&quot;:&quot;&quot;,&quot;autoplaySpeed&quot;:8000,&quot;item_overflow&quot;:true,&quot;autoplay_continuous_scroll&quot;:false}\" data-responsive=\"{&quot;desktop_slides_to_scroll&quot;:1,&quot;tablet_landscape_breakpoint&quot;:1366,&quot;tablet_landscape_slides_to_scroll&quot;:2,&quot;tablet_portrait_breakpoint&quot;:1025,&quot;tablet_portrait_slides_to_scroll&quot;:2,&quot;mobile_breakpoint&quot;:480,&quot;mobile_slides_to_scroll&quot;:1}\" data-variable_width=\"true\" \t>\n\t\t<div\n\t\t\tclass=\"sow-carousel-items\"\n\t\t\t\t\t>\n\t\t\t\t<div class=\"sow-carousel-item\" tabindex=\"-1\" style=\"float: left;\">\n\t\t<div class=\"sow-carousel-thumbnail\">\n\t\t\t\t\t\t\t<a\n\t\t\t\t\thref=\"http:\/\/les-jardins-du-bien-etre.com\/?p=714\"\n\t\t\t\t\tclass=\"sow-carousel-default-thumbnail\"\n\t\t\t\t\t\t\t\t\t\t\t\t\t\t\taria-labelledby=\"sow-carousel-id-714\"\n\t\t\t\t\ttabindex=\"-1\"\n\t\t\t\t>\n\t\t\t\t\t<span class=\"overlay\"><\/span>\n\t\t\t\t<\/a>\n\t\t\t\t\t<\/div>\n\t\t<h3 class=\"sow-carousel-item-title\">\n\t\t\t<a\n\t\t\t\thref=\"http:\/\/les-jardins-du-bien-etre.com\/?p=714\"\n\t\t\t\tid=\"sow-carousel-id-714\"\n\t\t\t\t\t\t\t\ttabindex=\"-1\"\n\t\t\t>\n\n\t\t\t\tEXPOSITION\t\t\t<\/a>\n\t\t<\/h3>\n\t<\/div>\n\t\t<div class=\"sow-carousel-item\" tabindex=\"-1\" style=\"float: left;\">\n\t\t<div class=\"sow-carousel-thumbnail\">\n\t\t\t\t\t\t\t<a\n\t\t\t\t\thref=\"http:\/\/les-jardins-du-bien-etre.com\/?p=615\"\n\t\t\t\t\tclass=\"sow-carousel-default-thumbnail\"\n\t\t\t\t\t\t\t\t\t\t\t\t\t\t\taria-labelledby=\"sow-carousel-id-615\"\n\t\t\t\t\ttabindex=\"-1\"\n\t\t\t\t>\n\t\t\t\t\t<span class=\"overlay\"><\/span>\n\t\t\t\t<\/a>\n\t\t\t\t\t<\/div>\n\t\t<h3 class=\"sow-carousel-item-title\">\n\t\t\t<a\n\t\t\t\thref=\"http:\/\/les-jardins-du-bien-etre.com\/?p=615\"\n\t\t\t\tid=\"sow-carousel-id-615\"\n\t\t\t\t\t\t\t\ttabindex=\"-1\"\n\t\t\t>\n\n\t\t\t\tEBEN ALEXANDER\t\t\t<\/a>\n\t\t<\/h3>\n\t<\/div>\n\t\t<div class=\"sow-carousel-item\" tabindex=\"-1\" style=\"float: left;\">\n\t\t<div class=\"sow-carousel-thumbnail\">\n\t\t\t\t\t\t\t<a\n\t\t\t\t\thref=\"http:\/\/les-jardins-du-bien-etre.com\/?p=607\"\n\t\t\t\t\tclass=\"sow-carousel-default-thumbnail\"\n\t\t\t\t\t\t\t\t\t\t\t\t\t\t\taria-labelledby=\"sow-carousel-id-607\"\n\t\t\t\t\ttabindex=\"-1\"\n\t\t\t\t>\n\t\t\t\t\t<span class=\"overlay\"><\/span>\n\t\t\t\t<\/a>\n\t\t\t\t\t<\/div>\n\t\t<h3 class=\"sow-carousel-item-title\">\n\t\t\t<a\n\t\t\t\thref=\"http:\/\/les-jardins-du-bien-etre.com\/?p=607\"\n\t\t\t\tid=\"sow-carousel-id-607\"\n\t\t\t\t\t\t\t\ttabindex=\"-1\"\n\t\t\t>\n\n\t\t\t\tAPRES-MIDI  PORTES OUVERTES \u00e0 Lorgues\t\t\t<\/a>\n\t\t<\/h3>\n\t<\/div>\n\t\t<div class=\"sow-carousel-item\" tabindex=\"-1\" style=\"float: left;\">\n\t\t<div class=\"sow-carousel-thumbnail\">\n\t\t\t\t\t\t\t<a\n\t\t\t\t\thref=\"http:\/\/les-jardins-du-bien-etre.com\/?p=578\"\n\t\t\t\t\tclass=\"sow-carousel-default-thumbnail\"\n\t\t\t\t\t\t\t\t\t\t\t\t\t\t\taria-labelledby=\"sow-carousel-id-578\"\n\t\t\t\t\ttabindex=\"-1\"\n\t\t\t\t>\n\t\t\t\t\t<span class=\"overlay\"><\/span>\n\t\t\t\t<\/a>\n\t\t\t\t\t<\/div>\n\t\t<h3 class=\"sow-carousel-item-title\">\n\t\t\t<a\n\t\t\t\thref=\"http:\/\/les-jardins-du-bien-etre.com\/?p=578\"\n\t\t\t\tid=\"sow-carousel-id-578\"\n\t\t\t\t\t\t\t\ttabindex=\"-1\"\n\t\t\t>\n\n\t\t\t\tATELIER DECOUVERTE PRATIQUE DU MANDALA A LORGUES\t\t\t<\/a>\n\t\t<\/h3>\n\t<\/div>\n\t\t<div class=\"sow-carousel-item\" tabindex=\"-1\" style=\"float: left;\">\n\t\t<div class=\"sow-carousel-thumbnail\">\n\t\t\t\t\t\t\t<a\n\t\t\t\t\thref=\"http:\/\/les-jardins-du-bien-etre.com\/?p=569\"\n\t\t\t\t\tclass=\"sow-carousel-default-thumbnail\"\n\t\t\t\t\t\t\t\t\t\t\t\t\t\t\taria-labelledby=\"sow-carousel-id-569\"\n\t\t\t\t\ttabindex=\"-1\"\n\t\t\t\t>\n\t\t\t\t\t<span class=\"overlay\"><\/span>\n\t\t\t\t<\/a>\n\t\t\t\t\t<\/div>\n\t\t<h3 class=\"sow-carousel-item-title\">\n\t\t\t<a\n\t\t\t\thref=\"http:\/\/les-jardins-du-bien-etre.com\/?p=569\"\n\t\t\t\tid=\"sow-carousel-id-569\"\n\t\t\t\t\t\t\t\ttabindex=\"-1\"\n\t\t\t>\n\n\t\t\t\tNEUROSCIENCES ET PLACEBO\t\t\t<\/a>\n\t\t<\/h3>\n\t<\/div>\n\t\t<div class=\"sow-carousel-item\" tabindex=\"-1\" style=\"float: left;\">\n\t\t<div class=\"sow-carousel-thumbnail\">\n\t\t\t\t\t\t\t<a\n\t\t\t\t\thref=\"http:\/\/les-jardins-du-bien-etre.com\/?p=555\"\n\t\t\t\t\tclass=\"sow-carousel-default-thumbnail\"\n\t\t\t\t\t\t\t\t\t\t\t\t\t\t\taria-labelledby=\"sow-carousel-id-555\"\n\t\t\t\t\ttabindex=\"-1\"\n\t\t\t\t>\n\t\t\t\t\t<span class=\"overlay\"><\/span>\n\t\t\t\t<\/a>\n\t\t\t\t\t<\/div>\n\t\t<h3 class=\"sow-carousel-item-title\">\n\t\t\t<a\n\t\t\t\thref=\"http:\/\/les-jardins-du-bien-etre.com\/?p=555\"\n\t\t\t\tid=\"sow-carousel-id-555\"\n\t\t\t\t\t\t\t\ttabindex=\"-1\"\n\t\t\t>\n\n\t\t\t\tREPROGRAMMER SES CROYANCES\t\t\t<\/a>\n\t\t<\/h3>\n\t<\/div>\n\t\t<div class=\"sow-carousel-item\" tabindex=\"-1\" style=\"float: left;\">\n\t\t<div class=\"sow-carousel-thumbnail\">\n\t\t\t\t\t\t\t<a\n\t\t\t\t\thref=\"http:\/\/les-jardins-du-bien-etre.com\/?p=549\"\n\t\t\t\t\tclass=\"sow-carousel-default-thumbnail\"\n\t\t\t\t\t\t\t\t\t\t\t\t\t\t\taria-labelledby=\"sow-carousel-id-549\"\n\t\t\t\t\ttabindex=\"-1\"\n\t\t\t\t>\n\t\t\t\t\t<span class=\"overlay\"><\/span>\n\t\t\t\t<\/a>\n\t\t\t\t\t<\/div>\n\t\t<h3 class=\"sow-carousel-item-title\">\n\t\t\t<a\n\t\t\t\thref=\"http:\/\/les-jardins-du-bien-etre.com\/?p=549\"\n\t\t\t\tid=\"sow-carousel-id-549\"\n\t\t\t\t\t\t\t\ttabindex=\"-1\"\n\t\t\t>\n\n\t\t\t\tHARMONISER LE CORPS ET L&rsquo;ESPRIT\t\t\t<\/a>\n\t\t<\/h3>\n\t<\/div>\n\t\t<div class=\"sow-carousel-item\" tabindex=\"-1\" style=\"float: left;\">\n\t\t<div class=\"sow-carousel-thumbnail\">\n\t\t\t\t\t\t\t<a\n\t\t\t\t\thref=\"http:\/\/les-jardins-du-bien-etre.com\/?p=381\"\n\t\t\t\t\tclass=\"sow-carousel-default-thumbnail\"\n\t\t\t\t\t\t\t\t\t\t\t\t\t\t\taria-labelledby=\"sow-carousel-id-381\"\n\t\t\t\t\ttabindex=\"-1\"\n\t\t\t\t>\n\t\t\t\t\t<span class=\"overlay\"><\/span>\n\t\t\t\t<\/a>\n\t\t\t\t\t<\/div>\n\t\t<h3 class=\"sow-carousel-item-title\">\n\t\t\t<a\n\t\t\t\thref=\"http:\/\/les-jardins-du-bien-etre.com\/?p=381\"\n\t\t\t\tid=\"sow-carousel-id-381\"\n\t\t\t\t\t\t\t\ttabindex=\"-1\"\n\t\t\t>\n\n\t\t\t\tJourn\u00e9e porte ouverte &#8211; exposition\t\t\t<\/a>\n\t\t<\/h3>\n\t<\/div>\n\t\t\t<\/div>\n\t\t\t<\/div>\n\n\t<\/div>\n\t\t<input type=\"hidden\" name=\"instance_hash\" value=\"a64ac7f5\"\/>\n\t<\/div>\n<\/div><\/div><\/div><\/div><\/div><\/div>","protected":false},"excerpt":{"rendered":"","protected":false},"author":3,"featured_media":0,"parent":0,"menu_order":0,"comment_status":"closed","ping_status":"closed","template":"home-panels.php","meta":{"_exactmetrics_skip_tracking":false,"_exactmetrics_sitenote_active":false,"_exactmetrics_sitenote_note":"","_exactmetrics_sitenote_category":0,"footnotes":""},"class_list":["post-15","page","type-page","status-publish","hentry","post"],"_links":{"self":[{"href":"http:\/\/les-jardins-du-bien-etre.com\/index.php?rest_route=\/wp\/v2\/pages\/15","targetHints":{"allow":["GET"]}}],"collection":[{"href":"http:\/\/les-jardins-du-bien-etre.com\/index.php?rest_route=\/wp\/v2\/pages"}],"about":[{"href":"http:\/\/les-jardins-du-bien-etre.com\/index.php?rest_route=\/wp\/v2\/types\/page"}],"author":[{"embeddable":true,"href":"http:\/\/les-jardins-du-bien-etre.com\/index.php?rest_route=\/wp\/v2\/users\/3"}],"replies":[{"embeddable":true,"href":"http:\/\/les-jardins-du-bien-etre.com\/index.php?rest_route=%2Fwp%2Fv2%2Fcomments&post=15"}],"version-history":[{"count":29,"href":"http:\/\/les-jardins-du-bien-etre.com\/index.php?rest_route=\/wp\/v2\/pages\/15\/revisions"}],"predecessor-version":[{"id":573,"href":"http:\/\/les-jardins-du-bien-etre.com\/index.php?rest_route=\/wp\/v2\/pages\/15\/revisions\/573"}],"wp:attachment":[{"href":"http:\/\/les-jardins-du-bien-etre.com\/index.php?rest_route=%2Fwp%2Fv2%2Fmedia&parent=15"}],"curies":[{"name":"wp","href":"https:\/\/api.w.org\/{rel}","templated":true}]}}