{"id":155,"date":"2015-12-21T16:58:12","date_gmt":"2015-12-21T16:58:12","guid":{"rendered":"http:\/\/les-jardins-du-bien-etre.com\/?page_id=155"},"modified":"2026-04-09T10:18:34","modified_gmt":"2026-04-09T10:18:34","slug":"ateliers","status":"publish","type":"page","link":"http:\/\/les-jardins-du-bien-etre.com\/?page_id=155","title":{"rendered":"Ateliers"},"content":{"rendered":"<div id=\"pl-155\"  class=\"panel-layout\" ><div id=\"pg-155-0\"  class=\"panel-grid panel-has-style\" ><div class=\"wide-grey panel-row-style panel-row-style-for-155-0\" ><div id=\"pgc-155-0-0\"  class=\"panel-grid-cell\" ><div id=\"panel-155-0-0-0\" class=\"so-panel widget widget_headline-widget panel-first-child panel-last-child\" data-index=\"0\" >\t\t<h1>DES ATELIERS D' ARTS VISUELS<\/h1>\n\t\t<div class=\"decoration\"><div class=\"decoration-inside\"><\/div><\/div>\n\t\t<h3>\" L'ART EST UN VOYAGE ET CHAQUE CREATION UNE DESTINATION \"<\/h3>\n\t\t<\/div><\/div><\/div><\/div><div id=\"pg-155-1\"  class=\"panel-grid panel-no-style\" ><div id=\"pgc-155-1-0\"  class=\"panel-grid-cell\" ><div id=\"panel-155-1-0-0\" class=\"so-panel widget widget_sow-image panel-first-child panel-last-child\" data-index=\"1\" ><div\n\t\t\t\n\t\t\tclass=\"so-widget-sow-image so-widget-sow-image-default-c67d20f9f743-155\"\n\t\t\t\n\t\t>\n<div class=\"sow-image-container\">\n\t\t<img \n\tsrc=\"http:\/\/les-jardins-du-bien-etre.com\/wp-content\/uploads\/2018\/03\/ateliers-768x284.jpg\" width=\"720\" height=\"266\" srcset=\"http:\/\/les-jardins-du-bien-etre.com\/wp-content\/uploads\/2018\/03\/ateliers-768x284.jpg 768w, http:\/\/les-jardins-du-bien-etre.com\/wp-content\/uploads\/2018\/03\/ateliers-300x111.jpg 300w, http:\/\/les-jardins-du-bien-etre.com\/wp-content\/uploads\/2018\/03\/ateliers-1024x379.jpg 1024w, http:\/\/les-jardins-du-bien-etre.com\/wp-content\/uploads\/2018\/03\/ateliers.jpg 1080w\" sizes=\"(max-width: 720px) 100vw, 720px\" alt=\"\" \t\tclass=\"so-widget-image\"\/>\n\t<\/div>\n\n<\/div><\/div><\/div><\/div><div id=\"pg-155-2\"  class=\"panel-grid panel-no-style\" ><div id=\"pgc-155-2-0\"  class=\"panel-grid-cell panel-grid-cell-empty\" ><\/div><div id=\"pgc-155-2-1\"  class=\"panel-grid-cell panel-grid-cell-mobile-last\" ><div id=\"panel-155-2-1-0\" class=\"so-panel widget widget_black-studio-tinymce widget_black_studio_tinymce panel-first-child panel-last-child\" data-index=\"2\" ><div class=\"panel-widget-style panel-widget-style-for-155-2-1-0\" ><div class=\"textwidget\">&nbsp;\n<p style=\"text-align: left;\"><span style=\"font-size: 12px;\"><i><span style=\"font-weight: 400;\"><strong><span style=\"color: #0000ff;\">\" Faire de l'art c'est m\u00e9ditatif et captivant . Cela nourrit l'\u00e2me . Quand tu as fini , tu as cr\u00e9\u00e9 quelque chose de beau . Cela suffit . Et si cela m\u00e8ne vers quelque chose de merveilleux , tant mieux . <\/span><\/strong><\/span><\/i><i><strong><span style=\"color: #0000ff;\">\"\u00a0 Shari Blaukoph<\/span><\/strong><\/i><\/span><\/p>\n<p style=\"text-align: left;\"><b><i>Je propose des ateliers de cr\u00e9ation picturale et de carnet cr\u00e9atif en voyage , en pr\u00e9sentiel et en visio , ouvert \u00e0 tous , sans pr\u00e9requis artistique .<\/i><\/b><\/p>\n\n<span style=\"font-size: 14px;\">Ces ateliers sont con\u00e7us comme des temps de pause et d'exploration , o\u00f9 la pratique d'exercices de sophrologie et de yoga nidra\u00a0 se rencontrent pour soutenir l'expression de chacun .<\/span>\n\n<span style=\"font-size: 14px;\">Entre propositions guid\u00e9es et libert\u00e9 d'exploration , les ateliers offrent un cadre \u00e0 la fois structurant et ouvert , favorisant une expression authentique , sensible et cr\u00e9ative .<\/span>\n<ul style=\"list-style-type: circle;\">\n \t<li style=\"text-align: left;\"><span style=\"font-size: 14px;\"><strong>Des ateliers en pr\u00e9sentiel<\/strong> : pour partager une exp\u00e9rience vivante et collective .<\/span><\/li>\n \t<li style=\"text-align: left;\"><span style=\"font-size: 14px;\"><strong>Des ateliers en visio<\/strong> : pour cr\u00e9er depuis chez soi , dans un cadre guid\u00e9 et s\u00e9curis\u00e9 .<\/span><\/li>\n<\/ul>\n<p style=\"text-align: center;\"><\/p><\/div><\/div><\/div><\/div><div id=\"pgc-155-2-2\"  class=\"panel-grid-cell panel-grid-cell-empty\" ><\/div><\/div><div id=\"pg-155-3\"  class=\"panel-grid panel-no-style\" ><div id=\"pgc-155-3-0\"  class=\"panel-grid-cell panel-grid-cell-empty\" ><\/div><div id=\"pgc-155-3-1\"  class=\"panel-grid-cell\" ><div id=\"panel-155-3-1-0\" class=\"so-panel widget widget_sow-button panel-first-child panel-last-child\" data-index=\"3\" ><div\n\t\t\t\n\t\t\tclass=\"so-widget-sow-button so-widget-sow-button-flat-2bbc8de9dfc3-155\"\n\t\t\t\n\t\t><div class=\"ow-button-base ow-button-align-center\"\n>\n\t\t\t<a\n\t\t\t\t\thref=\"http:\/\/les-jardins-du-bien-etre.com\/?page_id=159\"\n\t\t\t\t\tclass=\"sowb-button ow-icon-placement-left ow-button-hover\" \t>\n\t\t<span>\n\t\t\t<span class=\"sow-icon-icomoon\" data-sow-icon=\"&#xe90d;\"\n\t\tstyle=\"\" \n\t\taria-hidden=\"true\"><\/span>\n\t\t\tCr\u00e9ation picturale\t\t<\/span>\n\t\t\t<\/a>\n\t<\/div>\n<\/div><\/div><\/div><div id=\"pgc-155-3-2\"  class=\"panel-grid-cell\" ><div id=\"panel-155-3-2-0\" class=\"so-panel widget widget_sow-button panel-first-child panel-last-child\" data-index=\"4\" ><div\n\t\t\t\n\t\t\tclass=\"so-widget-sow-button so-widget-sow-button-flat-b5fbbb0b78fd-155\"\n\t\t\t\n\t\t><div class=\"ow-button-base ow-button-align-center\"\n>\n\t\t\t<a\n\t\t\t\t\thref=\"http:\/\/les-jardins-du-bien-etre.com\/?page_id=442\"\n\t\t\t\t\tclass=\"sowb-button ow-icon-placement-left ow-button-hover\" \t>\n\t\t<span>\n\t\t\t<span class=\"sow-icon-icomoon\" data-sow-icon=\"&#xe90d;\"\n\t\tstyle=\"\" \n\t\taria-hidden=\"true\"><\/span>\n\t\t\tCarnet en voyage\t\t<\/span>\n\t\t\t<\/a>\n\t<\/div>\n<\/div><\/div><\/div><div id=\"pgc-155-3-3\"  class=\"panel-grid-cell panel-grid-cell-mobile-last\" ><div id=\"panel-155-3-3-0\" class=\"so-panel widget widget_sow-button panel-first-child panel-last-child\" data-index=\"5\" ><div\n\t\t\t\n\t\t\tclass=\"so-widget-sow-button so-widget-sow-button-flat-2bbc8de9dfc3-155\"\n\t\t\t\n\t\t><div class=\"ow-button-base ow-button-align-center\"\n>\n\t\t\t<a\n\t\t\t\t\thref=\"http:\/\/les-jardins-du-bien-etre.com\/?page_id=1019\"\n\t\t\t\t\tclass=\"sowb-button ow-icon-placement-left ow-button-hover\" \t>\n\t\t<span>\n\t\t\t<span class=\"sow-icon-icomoon\" data-sow-icon=\"&#xe90d;\"\n\t\tstyle=\"\" \n\t\taria-hidden=\"true\"><\/span>\n\t\t\tAteliers visio\t\t<\/span>\n\t\t\t<\/a>\n\t<\/div>\n<\/div><\/div><\/div><div id=\"pgc-155-3-4\"  class=\"panel-grid-cell panel-grid-cell-empty\" ><\/div><\/div><\/div>","protected":false},"excerpt":{"rendered":"<p>DES ATELIERS D&rsquo; ARTS VISUELS \u00a0\u00bb L&rsquo;ART EST UN VOYAGE ET CHAQUE CREATION UNE DESTINATION \u00a0\u00bb &nbsp; \u00a0\u00bb Faire de l&rsquo;art c&rsquo;est m\u00e9ditatif et captivant . Cela nourrit l&rsquo;\u00e2me . Quand tu as fini , tu as cr\u00e9\u00e9 quelque chose de beau . Cela suffit . Et si cela m\u00e8ne vers quelque chose de merveilleux [&hellip;]<\/p>\n","protected":false},"author":3,"featured_media":0,"parent":0,"menu_order":0,"comment_status":"closed","ping_status":"closed","template":"templates\/template-full-notitle.php","meta":{"_exactmetrics_skip_tracking":false,"_exactmetrics_sitenote_active":false,"_exactmetrics_sitenote_note":"","_exactmetrics_sitenote_category":0,"footnotes":""},"class_list":["post-155","page","type-page","status-publish","hentry","post"],"_links":{"self":[{"href":"http:\/\/les-jardins-du-bien-etre.com\/index.php?rest_route=\/wp\/v2\/pages\/155","targetHints":{"allow":["GET"]}}],"collection":[{"href":"http:\/\/les-jardins-du-bien-etre.com\/index.php?rest_route=\/wp\/v2\/pages"}],"about":[{"href":"http:\/\/les-jardins-du-bien-etre.com\/index.php?rest_route=\/wp\/v2\/types\/page"}],"author":[{"embeddable":true,"href":"http:\/\/les-jardins-du-bien-etre.com\/index.php?rest_route=\/wp\/v2\/users\/3"}],"replies":[{"embeddable":true,"href":"http:\/\/les-jardins-du-bien-etre.com\/index.php?rest_route=%2Fwp%2Fv2%2Fcomments&post=155"}],"version-history":[{"count":6,"href":"http:\/\/les-jardins-du-bien-etre.com\/index.php?rest_route=\/wp\/v2\/pages\/155\/revisions"}],"predecessor-version":[{"id":327,"href":"http:\/\/les-jardins-du-bien-etre.com\/index.php?rest_route=\/wp\/v2\/pages\/155\/revisions\/327"}],"wp:attachment":[{"href":"http:\/\/les-jardins-du-bien-etre.com\/index.php?rest_route=%2Fwp%2Fv2%2Fmedia&parent=155"}],"curies":[{"name":"wp","href":"https:\/\/api.w.org\/{rel}","templated":true}]}}