{"id":222,"date":"2015-12-21T18:58:24","date_gmt":"2015-12-21T18:58:24","guid":{"rendered":"http:\/\/les-jardins-du-bien-etre.com\/?page_id=222"},"modified":"2018-04-02T04:30:40","modified_gmt":"2018-04-02T04:30:40","slug":"consultations","status":"publish","type":"page","link":"http:\/\/les-jardins-du-bien-etre.com\/?page_id=222","title":{"rendered":"Consultations"},"content":{"rendered":"<div id=\"pl-222\"  class=\"panel-layout\" ><div id=\"pg-222-0\"  class=\"panel-grid panel-no-style\" ><div id=\"pgc-222-0-0\"  class=\"panel-grid-cell panel-grid-cell-empty\" ><\/div><div id=\"pgc-222-0-1\"  class=\"panel-grid-cell panel-grid-cell-mobile-last\" ><div id=\"panel-222-0-1-0\" class=\"so-panel widget widget_siteorigin-panels-postloop panel-first-child panel-last-child\" data-index=\"0\" >\n\t\t\n\t\t\n<article id=\"post-714\" class=\"post-714 post type-post status-publish format-standard hentry category-non-classe\">\n\n\t\n\t<div class=\"entry-main\">\n\n\t\t\n\t\t<header class=\"entry-header\">\n\t\t\t\n\t\t\t<h1 class=\"entry-title\"><a href=\"http:\/\/les-jardins-du-bien-etre.com\/?p=714\" title=\"Permalink to EXPOSITION\" rel=\"bookmark\">EXPOSITION<\/a><\/h1>\n\n\t\t\t\t\t\t\t<div class=\"entry-meta\">\n\t\t\t\t\tPosted on <a href=\"http:\/\/les-jardins-du-bien-etre.com\/?p=714\" title=\"14 h 52 min\" rel=\"bookmark\"><time class=\"entry-date\" datetime=\"2019-05-30T14:52:02+00:00\">30 mai 2019<\/time><\/a><time class=\"updated\" datetime=\"2019-05-30T15:03:39+00:00\">30 mai 2019<\/time> <span class=\"byline\"> by <span class=\"author vcard\"><a class=\"url fn n\" href=\"http:\/\/les-jardins-du-bien-etre.com\/?author=2\" title=\"View all posts by Catherine Alexis\" rel=\"author\">Catherine Alexis<\/a><\/span><\/span> \t\t\t\t<\/div><!-- .entry-meta -->\n\t\t\t\n\t\t<\/header><!-- .entry-header -->\n\n\t\t\t\t\t<div class=\"entry-content\">\n\t\t\t\t<h4><strong>Samedi 22 Juin 2019 \u00e0 partir de 17h <\/strong><\/h4>\n<h5><strong>\u00e0 Carc\u00e8s 83 <\/strong><strong style=\"font-size: 1.2em;\">au si\u00e8ge social de l&rsquo;association Etre et Ressources<\/strong><\/h5>\n<ul>\n<li>Exposition des cr\u00e9ations de l&rsquo;ann\u00e9e<\/li>\n<li>Pr\u00e9sentation d&rsquo;un diaporama du travail cr\u00e9atif en atelier<\/li>\n<li>Pr\u00e9sentation des projets \u00e0 venir<\/li>\n<li>Partage d&rsquo;un ap\u00e9ritif<\/li>\n<\/ul>\n<p>L&rsquo;exposition sera ouverte du 22 juin au 5 juillet 2019<\/p>\n<p>Entr\u00e9e libre . Vos amis sont les bienvenues.<\/p>\n\t\t\t\t\t\t\t\t\t\t\t\t\t\t\t<\/div><!-- .entry-content -->\n\t\t\n\t\t\n\t<\/div>\n\n<\/article><!-- #post-714 -->\n\n\t\n\t\t\n<article id=\"post-615\" class=\"post-615 post type-post status-publish format-standard hentry category-non-classe\">\n\n\t\n\t<div class=\"entry-main\">\n\n\t\t\n\t\t<header class=\"entry-header\">\n\t\t\t\n\t\t\t<h1 class=\"entry-title\"><a href=\"http:\/\/les-jardins-du-bien-etre.com\/?p=615\" title=\"Permalink to EBEN ALEXANDER\" rel=\"bookmark\">EBEN ALEXANDER<\/a><\/h1>\n\n\t\t\t\t\t\t\t<div class=\"entry-meta\">\n\t\t\t\t\tPosted on <a href=\"http:\/\/les-jardins-du-bien-etre.com\/?p=615\" title=\"8 h 43 min\" rel=\"bookmark\"><time class=\"entry-date\" datetime=\"2018-05-22T08:43:01+00:00\">22 mai 2018<\/time><\/a><time class=\"updated\" datetime=\"2018-09-02T22:59:07+00:00\">2 septembre 2018<\/time> <span class=\"byline\"> by <span class=\"author vcard\"><a class=\"url fn n\" href=\"http:\/\/les-jardins-du-bien-etre.com\/?author=2\" title=\"View all posts by Catherine Alexis\" rel=\"author\">Catherine Alexis<\/a><\/span><\/span> \t\t\t\t<\/div><!-- .entry-meta -->\n\t\t\t\n\t\t<\/header><!-- .entry-header -->\n\n\t\t\t\t\t<div class=\"entry-content\">\n\t\t\t\t<iframe loading=\"lazy\"  id=\"_ytid_12880\"  width=\"720\" height=\"405\"  data-origwidth=\"720\" data-origheight=\"405\" src=\"https:\/\/www.youtube.com\/embed\/ke9H6X-nkbc?enablejsapi=1&autoplay=0&cc_load_policy=0&cc_lang_pref=&iv_load_policy=1&loop=0&rel=1&fs=1&playsinline=0&autohide=2&theme=dark&color=red&controls=1&\" class=\"__youtube_prefs__  no-lazyload\" title=\"YouTube player\"  allow=\"fullscreen; accelerometer; autoplay; clipboard-write; encrypted-media; gyroscope; picture-in-picture\" allowfullscreen data-no-lazy=\"1\" data-skipgform_ajax_framebjll=\"\"><\/iframe>\n<p>Ouvrir sa conscience pour gu\u00e9rir de l&rsquo;int\u00e9rieur !!<\/p>\n\t\t\t\t\t\t\t\t\t\t\t\t\t\t\t<\/div><!-- .entry-content -->\n\t\t\n\t\t\n\t<\/div>\n\n<\/article><!-- #post-615 -->\n\n\t\n\t\t\n<article id=\"post-607\" class=\"post-607 post type-post status-publish format-standard hentry category-non-classe\">\n\n\t\n\t<div class=\"entry-main\">\n\n\t\t\n\t\t<header class=\"entry-header\">\n\t\t\t\n\t\t\t<h1 class=\"entry-title\"><a href=\"http:\/\/les-jardins-du-bien-etre.com\/?p=607\" title=\"Permalink to APRES-MIDI  PORTES OUVERTES \u00e0 Lorgues\" rel=\"bookmark\">APRES-MIDI  PORTES OUVERTES \u00e0 Lorgues<\/a><\/h1>\n\n\t\t\t\t\t\t\t<div class=\"entry-meta\">\n\t\t\t\t\tPosted on <a href=\"http:\/\/les-jardins-du-bien-etre.com\/?p=607\" title=\"8 h 04 min\" rel=\"bookmark\"><time class=\"entry-date\" datetime=\"2018-05-22T08:04:54+00:00\">22 mai 2018<\/time><\/a><time class=\"updated\" datetime=\"2018-09-02T22:59:11+00:00\">2 septembre 2018<\/time> <span class=\"byline\"> by <span class=\"author vcard\"><a class=\"url fn n\" href=\"http:\/\/les-jardins-du-bien-etre.com\/?author=2\" title=\"View all posts by Catherine Alexis\" rel=\"author\">Catherine Alexis<\/a><\/span><\/span> \t\t\t\t<\/div><!-- .entry-meta -->\n\t\t\t\n\t\t<\/header><!-- .entry-header -->\n\n\t\t\t\t\t<div class=\"entry-content\">\n\t\t\t\t<p><span style=\"font-size: 20px;\">&nbsp; &nbsp;<strong>Samedi 30 Juin 2018&nbsp;<\/strong><\/span><\/p>\n<p><span style=\"font-size: 20px;\"><strong>&nbsp; &nbsp; &nbsp; &nbsp;15h30 \u00e0 18h30<\/strong><\/span><\/p>\n<p>un moment de rencontre ,de partage autour des cr\u00e9ations de l&rsquo;ann\u00e9e<\/p>\n<ul style=\"list-style-type: disc;\">\n<li style=\"text-align: left;\"><span style=\"font-size: 16px;\"><em>Exposition des cr\u00e9ations de l&rsquo;atelier&nbsp;<\/em><\/span><\/li>\n<li style=\"text-align: left;\"><span style=\"font-size: 16px;\"><em>Pr\u00e9sentation d&rsquo;un diaporama \u00e0 16 h&nbsp;<\/em><\/span><\/li>\n<li style=\"text-align: left;\"><span style=\"font-size: 16px;\"><em>Un moment de partage autour d&rsquo;une collation.<\/em><\/span><\/li>\n<\/ul>\n\t\t\t\t\t\t\t\t\t\t\t\t\t\t\t<\/div><!-- .entry-content -->\n\t\t\n\t\t\n\t<\/div>\n\n<\/article><!-- #post-607 -->\n\n\t\n\t\t\n<article id=\"post-578\" class=\"post-578 post type-post status-publish format-standard hentry category-non-classe\">\n\n\t\n\t<div class=\"entry-main\">\n\n\t\t\n\t\t<header class=\"entry-header\">\n\t\t\t\n\t\t\t<h1 class=\"entry-title\"><a href=\"http:\/\/les-jardins-du-bien-etre.com\/?p=578\" title=\"Permalink to ATELIER DECOUVERTE PRATIQUE DU MANDALA A LORGUES\" rel=\"bookmark\">ATELIER DECOUVERTE PRATIQUE DU MANDALA A LORGUES<\/a><\/h1>\n\n\t\t\t\t\t\t\t<div class=\"entry-meta\">\n\t\t\t\t\tPosted on <a href=\"http:\/\/les-jardins-du-bien-etre.com\/?p=578\" title=\"18 h 17 min\" rel=\"bookmark\"><time class=\"entry-date\" datetime=\"2018-04-04T18:17:38+00:00\">4 avril 2018<\/time><\/a><time class=\"updated\" datetime=\"2018-09-02T22:59:13+00:00\">2 septembre 2018<\/time> <span class=\"byline\"> by <span class=\"author vcard\"><a class=\"url fn n\" href=\"http:\/\/les-jardins-du-bien-etre.com\/?author=2\" title=\"View all posts by Catherine Alexis\" rel=\"author\">Catherine Alexis<\/a><\/span><\/span> \t\t\t\t<\/div><!-- .entry-meta -->\n\t\t\t\n\t\t<\/header><!-- .entry-header -->\n\n\t\t\t\t\t<div class=\"entry-content\">\n\t\t\t\t<p><span style=\"font-size: 20px;\">Une matin\u00e9e de d\u00e9couverte pour exp\u00e9rimenter et d\u00e9couvrir une approche alternative de \u00ab\u00a0bien-\u00eatre\u00a0\u00bb<\/span><span style=\"font-size: 20px;\">originale bas\u00e9e sur la pratique du mandala .<\/span><\/p>\n<p>Un temps de pause pour mettre son esprit au repos, se recharger et laisser s&rsquo;harmoniser le corps,le coeur et l&rsquo;esprit.<\/p>\n<p>La pratique du mandala est une activit\u00e9 cr\u00e9ative et relaxante qui utilise les mains,les couleurs , les formes<\/p>\n<p><em>Cette pratique permet de se faire du bien , de traverser un changement de vie ,d&rsquo;accompagner un deuil ,d&rsquo;harmoniser un relationnel ou un conflit ,de se r\u00e9orienter et d&rsquo;installer de nouveaux objectifs .<\/em><\/p>\n<p><span style=\"font-size: 20px;\"><strong>Prochain atelier : samedi 26 Mai 2018 de 9h30 \u00e0 12h30 \u00e0 Lorgues<\/strong><\/span><\/p>\n<p>&nbsp;<\/p>\n<p>&nbsp;<\/p>\n\t\t\t\t\t\t\t\t\t\t\t\t\t\t\t<\/div><!-- .entry-content -->\n\t\t\n\t\t\n\t<\/div>\n\n<\/article><!-- #post-578 -->\n\n\t\n\t\t\n<article id=\"post-569\" class=\"post-569 post type-post status-publish format-standard hentry category-non-classe\">\n\n\t\n\t<div class=\"entry-main\">\n\n\t\t\n\t\t<header class=\"entry-header\">\n\t\t\t\n\t\t\t<h1 class=\"entry-title\"><a href=\"http:\/\/les-jardins-du-bien-etre.com\/?p=569\" title=\"Permalink to NEUROSCIENCES ET PLACEBO\" rel=\"bookmark\">NEUROSCIENCES ET PLACEBO<\/a><\/h1>\n\n\t\t\t\t\t\t\t<div class=\"entry-meta\">\n\t\t\t\t\tPosted on <a href=\"http:\/\/les-jardins-du-bien-etre.com\/?p=569\" title=\"4 h 30 min\" rel=\"bookmark\"><time class=\"entry-date\" datetime=\"2018-04-02T04:30:54+00:00\">2 avril 2018<\/time><\/a><time class=\"updated\" datetime=\"2018-09-02T22:58:35+00:00\">2 septembre 2018<\/time> <span class=\"byline\"> by <span class=\"author vcard\"><a class=\"url fn n\" href=\"http:\/\/les-jardins-du-bien-etre.com\/?author=2\" title=\"View all posts by Catherine Alexis\" rel=\"author\">Catherine Alexis<\/a><\/span><\/span> \t\t\t\t<\/div><!-- .entry-meta -->\n\t\t\t\n\t\t<\/header><!-- .entry-header -->\n\n\t\t\t\t\t<div class=\"entry-content\">\n\t\t\t\t<iframe loading=\"lazy\"  id=\"_ytid_77694\"  width=\"720\" height=\"405\"  data-origwidth=\"720\" data-origheight=\"405\" src=\"https:\/\/www.youtube.com\/embed\/xr-yhoYGi44?enablejsapi=1&autoplay=0&cc_load_policy=0&cc_lang_pref=&iv_load_policy=1&loop=0&rel=1&fs=1&playsinline=0&autohide=2&theme=dark&color=red&controls=1&\" class=\"__youtube_prefs__  no-lazyload\" title=\"YouTube player\"  allow=\"fullscreen; accelerometer; autoplay; clipboard-write; encrypted-media; gyroscope; picture-in-picture\" allowfullscreen data-no-lazy=\"1\" data-skipgform_ajax_framebjll=\"\"><\/iframe>\n\t\t\t\t\t\t\t\t\t\t\t\t\t\t\t<\/div><!-- .entry-content -->\n\t\t\n\t\t\n\t<\/div>\n\n<\/article><!-- #post-569 -->\n\n\t\n\t\t\n<article id=\"post-555\" class=\"post-555 post type-post status-publish format-standard hentry category-non-classe\">\n\n\t\n\t<div class=\"entry-main\">\n\n\t\t\n\t\t<header class=\"entry-header\">\n\t\t\t\n\t\t\t<h1 class=\"entry-title\"><a href=\"http:\/\/les-jardins-du-bien-etre.com\/?p=555\" title=\"Permalink to REPROGRAMMER SES CROYANCES\" rel=\"bookmark\">REPROGRAMMER SES CROYANCES<\/a><\/h1>\n\n\t\t\t\t\t\t\t<div class=\"entry-meta\">\n\t\t\t\t\tPosted on <a href=\"http:\/\/les-jardins-du-bien-etre.com\/?p=555\" title=\"3 h 55 min\" rel=\"bookmark\"><time class=\"entry-date\" datetime=\"2018-04-02T03:55:23+00:00\">2 avril 2018<\/time><\/a><time class=\"updated\" datetime=\"2018-09-02T22:59:18+00:00\">2 septembre 2018<\/time> <span class=\"byline\"> by <span class=\"author vcard\"><a class=\"url fn n\" href=\"http:\/\/les-jardins-du-bien-etre.com\/?author=2\" title=\"View all posts by Catherine Alexis\" rel=\"author\">Catherine Alexis<\/a><\/span><\/span> \t\t\t\t<\/div><!-- .entry-meta -->\n\t\t\t\n\t\t<\/header><!-- .entry-header -->\n\n\t\t\t\t\t<div class=\"entry-content\">\n\t\t\t\t<iframe loading=\"lazy\"  id=\"_ytid_96910\"  width=\"720\" height=\"405\"  data-origwidth=\"720\" data-origheight=\"405\" src=\"https:\/\/www.youtube.com\/embed\/Ht9_ho7mjQw?enablejsapi=1&autoplay=0&cc_load_policy=0&cc_lang_pref=&iv_load_policy=1&loop=0&rel=1&fs=1&playsinline=0&autohide=2&theme=dark&color=red&controls=1&\" class=\"__youtube_prefs__  no-lazyload\" title=\"YouTube player\"  allow=\"fullscreen; accelerometer; autoplay; clipboard-write; encrypted-media; gyroscope; picture-in-picture\" allowfullscreen data-no-lazy=\"1\" data-skipgform_ajax_framebjll=\"\"><\/iframe>\n\t\t\t\t\t\t\t\t\t\t\t\t\t\t\t<\/div><!-- .entry-content -->\n\t\t\n\t\t\n\t<\/div>\n\n<\/article><!-- #post-555 -->\n\n\t\n\t\t\n<article id=\"post-549\" class=\"post-549 post type-post status-publish format-standard hentry category-non-classe\">\n\n\t\n\t<div class=\"entry-main\">\n\n\t\t\n\t\t<header class=\"entry-header\">\n\t\t\t\n\t\t\t<h1 class=\"entry-title\"><a href=\"http:\/\/les-jardins-du-bien-etre.com\/?p=549\" title=\"Permalink to HARMONISER LE CORPS ET L&rsquo;ESPRIT\" rel=\"bookmark\">HARMONISER LE CORPS ET L&rsquo;ESPRIT<\/a><\/h1>\n\n\t\t\t\t\t\t\t<div class=\"entry-meta\">\n\t\t\t\t\tPosted on <a href=\"http:\/\/les-jardins-du-bien-etre.com\/?p=549\" title=\"3 h 42 min\" rel=\"bookmark\"><time class=\"entry-date\" datetime=\"2018-04-02T03:42:46+00:00\">2 avril 2018<\/time><\/a><time class=\"updated\" datetime=\"2018-09-02T22:59:21+00:00\">2 septembre 2018<\/time> <span class=\"byline\"> by <span class=\"author vcard\"><a class=\"url fn n\" href=\"http:\/\/les-jardins-du-bien-etre.com\/?author=2\" title=\"View all posts by Catherine Alexis\" rel=\"author\">Catherine Alexis<\/a><\/span><\/span> \t\t\t\t<\/div><!-- .entry-meta -->\n\t\t\t\n\t\t<\/header><!-- .entry-header -->\n\n\t\t\t\t\t<div class=\"entry-content\">\n\t\t\t\t<iframe loading=\"lazy\"  id=\"_ytid_96348\"  width=\"720\" height=\"405\"  data-origwidth=\"720\" data-origheight=\"405\" src=\"https:\/\/www.youtube.com\/embed\/9n-hFf0FW0o?enablejsapi=1&autoplay=0&cc_load_policy=0&cc_lang_pref=&iv_load_policy=1&loop=0&rel=1&fs=1&playsinline=0&autohide=2&theme=dark&color=red&controls=1&\" class=\"__youtube_prefs__  no-lazyload\" title=\"YouTube player\"  allow=\"fullscreen; accelerometer; autoplay; clipboard-write; encrypted-media; gyroscope; picture-in-picture\" allowfullscreen data-no-lazy=\"1\" data-skipgform_ajax_framebjll=\"\"><\/iframe>\n<p><span style=\"font-size: 20px; font-family: tahoma, arial, helvetica, sans-serif;\">D\u00e9couvrir le travail du Dr L\u00e9onard Laskow (gyn\u00e9cologue, obst\u00e9tricien), un des pionniers de la m\u00e9decine corps \/ esprit :&nbsp;<strong>La gu\u00e9rison par l\u2019amour.<\/strong><\/span><\/p>\n\t\t\t\t\t\t\t\t\t\t\t\t\t\t\t<\/div><!-- .entry-content -->\n\t\t\n\t\t\n\t<\/div>\n\n<\/article><!-- #post-549 -->\n\n\t\n\t\t\n<article id=\"post-381\" class=\"post-381 post type-post status-publish format-standard hentry category-non-classe\">\n\n\t\n\t<div class=\"entry-main\">\n\n\t\t\n\t\t<header class=\"entry-header\">\n\t\t\t\n\t\t\t<h1 class=\"entry-title\"><a href=\"http:\/\/les-jardins-du-bien-etre.com\/?p=381\" title=\"Permalink to Journ\u00e9e porte ouverte &#8211; exposition\" rel=\"bookmark\">Journ\u00e9e porte ouverte &#8211; exposition<\/a><\/h1>\n\n\t\t\t\t\t\t\t<div class=\"entry-meta\">\n\t\t\t\t\tPosted on <a href=\"http:\/\/les-jardins-du-bien-etre.com\/?p=381\" title=\"18 h 57 min\" rel=\"bookmark\"><time class=\"entry-date\" datetime=\"2016-06-19T18:57:59+00:00\">19 juin 2016<\/time><\/a><time class=\"updated\" datetime=\"2018-09-02T22:59:23+00:00\">2 septembre 2018<\/time> <span class=\"byline\"> by <span class=\"author vcard\"><a class=\"url fn n\" href=\"http:\/\/les-jardins-du-bien-etre.com\/?author=3\" title=\"View all posts by admin\" rel=\"author\">admin<\/a><\/span><\/span> \t\t\t\t<\/div><!-- .entry-meta -->\n\t\t\t\n\t\t<\/header><!-- .entry-header -->\n\n\t\t\t\t\t<div class=\"entry-content\">\n\t\t\t\t<p><a href=\"http:\/\/les-jardins-du-bien-etre.com\/wordpress\/wp-content\/uploads\/2016\/06\/16.jpg\" rel=\"attachment wp-att-371\"><img loading=\"lazy\" decoding=\"async\" class=\"alignnone size-large wp-image-371\" src=\"http:\/\/les-jardins-du-bien-etre.com\/wordpress\/wp-content\/uploads\/2016\/06\/16-1024x379.jpg\" alt=\"16\" width=\"720\" height=\"266\" srcset=\"http:\/\/les-jardins-du-bien-etre.com\/wp-content\/uploads\/2016\/06\/16-1024x379.jpg 1024w, http:\/\/les-jardins-du-bien-etre.com\/wp-content\/uploads\/2016\/06\/16-300x111.jpg 300w, http:\/\/les-jardins-du-bien-etre.com\/wp-content\/uploads\/2016\/06\/16-768x284.jpg 768w, http:\/\/les-jardins-du-bien-etre.com\/wp-content\/uploads\/2016\/06\/16.jpg 1080w\" sizes=\"auto, (max-width: 720px) 100vw, 720px\" \/><\/a><\/p>\n<p><span style=\"font-size: 20px;\">Journ\u00e9e porte ouverte &#8211; exposition Samedi 24 Septembre 2016 \u00e0 l&rsquo;atelier les jardins du bien-\u00eatre de&nbsp;13h-17h :<\/span><\/p>\n<ul>\n<li><span style=\"font-size: 16px;\"><em>Exposition des cr\u00e9ations de l&rsquo;atelier ArtCr\u00e9ativit\u00e9 2015-2016.<\/em><\/span><\/li>\n<li><span style=\"font-size: 16px;\"><em>Pr\u00e9sentation d&rsquo;un diaporama \u00e0 14h30.<\/em><\/span><\/li>\n<li><span style=\"font-size: 16px;\"><em>Un moment de partage autour d&rsquo;une collation.<\/em><\/span><\/li>\n<\/ul>\n<a class=\"maxbutton-1 maxbutton maxbutton-lieu\" href=\"http:\/\/les-jardins-du-bien-etre.com\/?page_id=64\"><span class='mb-text'>LIEU<\/span><\/a>\n\t\t\t\t\t\t\t\t\t\t\t\t\t\t\t<\/div><!-- .entry-content -->\n\t\t\n\t\t\n\t<\/div>\n\n<\/article><!-- #post-381 -->\n\n\t\n\t\n<\/div><\/div><div id=\"pgc-222-0-2\"  class=\"panel-grid-cell panel-grid-cell-empty\" ><\/div><\/div><\/div>","protected":false},"excerpt":{"rendered":"","protected":false},"author":3,"featured_media":0,"parent":0,"menu_order":0,"comment_status":"closed","ping_status":"closed","template":"templates\/template-full-notitle.php","meta":{"_exactmetrics_skip_tracking":false,"_exactmetrics_sitenote_active":false,"_exactmetrics_sitenote_note":"","_exactmetrics_sitenote_category":0,"footnotes":""},"class_list":["post-222","page","type-page","status-publish","hentry","post"],"_links":{"self":[{"href":"http:\/\/les-jardins-du-bien-etre.com\/index.php?rest_route=\/wp\/v2\/pages\/222","targetHints":{"allow":["GET"]}}],"collection":[{"href":"http:\/\/les-jardins-du-bien-etre.com\/index.php?rest_route=\/wp\/v2\/pages"}],"about":[{"href":"http:\/\/les-jardins-du-bien-etre.com\/index.php?rest_route=\/wp\/v2\/types\/page"}],"author":[{"embeddable":true,"href":"http:\/\/les-jardins-du-bien-etre.com\/index.php?rest_route=\/wp\/v2\/users\/3"}],"replies":[{"embeddable":true,"href":"http:\/\/les-jardins-du-bien-etre.com\/index.php?rest_route=%2Fwp%2Fv2%2Fcomments&post=222"}],"version-history":[{"count":1,"href":"http:\/\/les-jardins-du-bien-etre.com\/index.php?rest_route=\/wp\/v2\/pages\/222\/revisions"}],"predecessor-version":[{"id":224,"href":"http:\/\/les-jardins-du-bien-etre.com\/index.php?rest_route=\/wp\/v2\/pages\/222\/revisions\/224"}],"wp:attachment":[{"href":"http:\/\/les-jardins-du-bien-etre.com\/index.php?rest_route=%2Fwp%2Fv2%2Fmedia&parent=222"}],"curies":[{"name":"wp","href":"https:\/\/api.w.org\/{rel}","templated":true}]}}