{"id":273,"date":"2015-12-22T21:28:54","date_gmt":"2015-12-22T21:28:54","guid":{"rendered":"http:\/\/les-jardins-du-bien-etre.com\/?page_id=273"},"modified":"2026-04-15T09:29:37","modified_gmt":"2026-04-15T09:29:37","slug":"catherine-alexis","status":"publish","type":"page","link":"http:\/\/les-jardins-du-bien-etre.com\/?page_id=273","title":{"rendered":"Catherine Alexis"},"content":{"rendered":"<div id=\"pl-273\"  class=\"panel-layout\" ><div id=\"pg-273-0\"  class=\"panel-grid panel-no-style\" ><div id=\"pgc-273-0-0\"  class=\"panel-grid-cell\" ><div id=\"panel-273-0-0-0\" class=\"so-panel widget widget_headline-widget panel-first-child\" data-index=\"0\" >\t\t<h1>Catherine Alexis<\/h1>\n\t\t<div class=\"decoration\"><div class=\"decoration-inside\"><\/div><\/div>\n\t\t<h3><\/h3>\n\t\t<\/div><div id=\"panel-273-0-0-1\" class=\"so-panel widget widget_black-studio-tinymce widget_black_studio_tinymce panel-last-child\" data-index=\"1\" ><div class=\"panel-widget-style panel-widget-style-for-273-0-0-1\" ><div class=\"textwidget\"><a href=\"http:\/\/les-jardins-du-bien-etre.com\/wp-content\/uploads\/2024\/05\/catherine_alexis_2024.png\"><img loading=\"lazy\" decoding=\"async\" class=\"alignleft wp-image-1098 size-full\" src=\"http:\/\/les-jardins-du-bien-etre.com\/wp-content\/uploads\/2024\/05\/catherine_alexis_2024.png\" alt=\"\" width=\"128\" height=\"128\" \/><\/a>\n<p style=\"text-align: justify;\"><span style=\"font-size: 20px;\"><em><strong class=\"alignnone\">Praticienne\u00a0<\/strong><\/em><\/span><\/p>\n<p style=\"text-align: justify;\"><span style=\"font-size: 20px;\"><em><strong class=\"alignnone\"><span style=\"font-size: 14px;\">\u00a0<span style=\"font-family: tahoma, arial, helvetica, sans-serif;\">Sophrologie\u00a0<\/span><\/span><\/strong><\/em><\/span><\/p>\n<p style=\"text-align: justify;\"><span style=\"font-size: 20px; font-family: tahoma, arial, helvetica, sans-serif;\"><em><strong class=\"alignnone\"><span style=\"font-size: 14px;\"> Th\u00e9rapies br\u00e8ves GTS Concept<\/span><\/strong><\/em><\/span><\/p>\n\n<span style=\"font-size: 14px;\"><strong><em><span style=\"font-family: georgia, palatino, serif;\">\u00a0<span style=\"font-family: tahoma, arial, helvetica, sans-serif;\">Coaching par l'Art<\/span><\/span><\/em><\/strong><\/span>\n<p style=\"text-align: justify;\"><span style=\"font-size: 12px;\"><em>Master PNL<\/em><em>, praticienne en art-th\u00e9rapie <\/em><em>et pratique du mandala, praticienne en hypnose ericksonienne<\/em><em>, form\u00e9e \u00e0 la pratique de l'EFT et du Matrix reemprinting<\/em><em>, praticienne en coaching de l'\u00eatre <\/em><em>. Artiste aquarelliste et carnet cr\u00e9atif .<\/em><\/span><\/p>\n<p style=\"text-align: left;\"><span style=\"font-size: 14px;\"><em>Une activit\u00e9 lib\u00e9rale de 25 ans dans le Var (83) et la cr\u00e9ation\u00a0 de l'atelier \" <strong>les jardins de bien \u00eatre\"<\/strong> en 2011.<\/em><\/span><\/p>\n<p style=\"text-align: left;\"><span style=\"font-size: 14px;\"><i>Install\u00e9e aujourd'hui dans les Landes ( 40700) , j'utilise ces outils chaque jour pour mon propre bien \u00eatre et c'est cette puissance de\u00a0 transformation au fil de mon parcours de vie personnelle et professionnelle que je partage avec vous .<\/i><\/span><\/p>\n<p style=\"text-align: left;\"><span style=\"font-size: 14px;\"><i>Je propose des ateliers et des stages qui allient <strong>sophrologie , yoga nidra et pratique artistique<\/strong> dans une approche <strong>ludique, intuitive et accessible \u00e0 tous .<\/strong><\/i><\/span><\/p>\n<p style=\"text-align: left;\"><\/p><\/div><\/div><\/div><\/div><div id=\"pgc-273-0-1\"  class=\"panel-grid-cell\" ><div id=\"panel-273-0-1-0\" class=\"so-panel widget widget_black-studio-tinymce widget_black_studio_tinymce panel-first-child panel-last-child\" data-index=\"2\" ><div class=\"textwidget\"><p>\n<div class=\"wpcf7 no-js\" id=\"wpcf7-f358-o1\" lang=\"fr-FR\" dir=\"ltr\" data-wpcf7-id=\"358\">\n<div class=\"screen-reader-response\"><p role=\"status\" aria-live=\"polite\" aria-atomic=\"true\"><\/p> <ul><\/ul><\/div>\n<form action=\"\/index.php?rest_route=%2Fwp%2Fv2%2Fpages%2F273#wpcf7-f358-o1\" method=\"post\" class=\"wpcf7-form init\" aria-label=\"Formulaire de contact\" novalidate=\"novalidate\" data-status=\"init\">\n<fieldset class=\"hidden-fields-container\"><input type=\"hidden\" name=\"_wpcf7\" value=\"358\" \/><input type=\"hidden\" name=\"_wpcf7_version\" value=\"6.1\" \/><input type=\"hidden\" name=\"_wpcf7_locale\" value=\"fr_FR\" \/><input type=\"hidden\" name=\"_wpcf7_unit_tag\" value=\"wpcf7-f358-o1\" \/><input type=\"hidden\" name=\"_wpcf7_container_post\" value=\"0\" \/><input type=\"hidden\" name=\"_wpcf7_posted_data_hash\" value=\"\" \/><input type=\"hidden\" name=\"_wpcf7_recaptcha_response\" value=\"\" \/>\n<\/fieldset>\n<div class='infosRounded'>\n\t<H2 style=\"text-align:center;\">Me contacter\n\t<\/h2>\n\t<p>Votre email (obligatoire)\n\t<\/p>\n\t<p><span class=\"wpcf7-form-control-wrap\" data-name=\"your-email\"><input size=\"40\" maxlength=\"400\" class=\"wpcf7-form-control wpcf7-email wpcf7-validates-as-required wpcf7-text wpcf7-validates-as-email\" aria-required=\"true\" aria-invalid=\"false\" value=\"\" type=\"email\" name=\"your-email\" \/><\/span>\n\t<\/p>\n\t<p>Votre message\n\t<\/p>\n\t<p><span class=\"wpcf7-form-control-wrap\" data-name=\"your-message\"><textarea cols=\"40\" rows=\"10\" maxlength=\"2000\" class=\"wpcf7-form-control wpcf7-textarea\" aria-invalid=\"false\" name=\"your-message\"><\/textarea><\/span>\n\t<\/p>\n\t<p>\n\t<input class=\"wpcf7-form-control wpcf7-submit has-spinner\" type=\"submit\" value=\"Envoyer\" \/>\n\t<\/p>\n<\/div><div class=\"wpcf7-response-output\" aria-hidden=\"true\"><\/div>\n<\/form>\n<\/div>\n<\/p>\n<\/div><\/div><\/div><\/div><div id=\"pg-273-1\"  class=\"panel-grid panel-no-style\" ><div id=\"pgc-273-1-0\"  class=\"panel-grid-cell\" ><div id=\"panel-273-1-0-0\" class=\"so-panel widget widget_sow-image panel-first-child panel-last-child\" data-index=\"3\" ><div\n\t\t\t\n\t\t\tclass=\"so-widget-sow-image so-widget-sow-image-default-8b5b6f678277-273\"\n\t\t\t\n\t\t>\n<div class=\"sow-image-container\">\n\t\t<img \n\tsrc=\"http:\/\/les-jardins-du-bien-etre.com\/wp-content\/uploads\/2018\/03\/30-768x284.jpg\" width=\"720\" height=\"266\" srcset=\"http:\/\/les-jardins-du-bien-etre.com\/wp-content\/uploads\/2018\/03\/30-768x284.jpg 768w, http:\/\/les-jardins-du-bien-etre.com\/wp-content\/uploads\/2018\/03\/30-300x111.jpg 300w, http:\/\/les-jardins-du-bien-etre.com\/wp-content\/uploads\/2018\/03\/30-1024x379.jpg 1024w, http:\/\/les-jardins-du-bien-etre.com\/wp-content\/uploads\/2018\/03\/30.jpg 1080w\" sizes=\"(max-width: 720px) 100vw, 720px\" alt=\"\" \t\tclass=\"so-widget-image\"\/>\n\t<\/div>\n\n<\/div><\/div><\/div><\/div><\/div>","protected":false},"excerpt":{"rendered":"<p>Praticienne\u00a0 \u00a0Sophrologie\u00a0 Th\u00e9rapies br\u00e8ves GTS Concept \u00a0Coaching par l&rsquo;Art Master PNL, praticienne en art-th\u00e9rapie et pratique du mandala, praticienne en hypnose ericksonienne, form\u00e9e \u00e0 la pratique de l&rsquo;EFT et du Matrix reemprinting, praticienne en coaching de l&rsquo;\u00eatre . Artiste aquarelliste et carnet cr\u00e9atif . Une activit\u00e9 lib\u00e9rale de 25 ans dans le Var (83) et [&hellip;]<\/p>\n","protected":false},"author":3,"featured_media":0,"parent":268,"menu_order":0,"comment_status":"closed","ping_status":"closed","template":"templates\/template-full-notitle.php","meta":{"_exactmetrics_skip_tracking":false,"_exactmetrics_sitenote_active":false,"_exactmetrics_sitenote_note":"","_exactmetrics_sitenote_category":0,"footnotes":""},"class_list":["post-273","page","type-page","status-publish","hentry","post"],"_links":{"self":[{"href":"http:\/\/les-jardins-du-bien-etre.com\/index.php?rest_route=\/wp\/v2\/pages\/273","targetHints":{"allow":["GET"]}}],"collection":[{"href":"http:\/\/les-jardins-du-bien-etre.com\/index.php?rest_route=\/wp\/v2\/pages"}],"about":[{"href":"http:\/\/les-jardins-du-bien-etre.com\/index.php?rest_route=\/wp\/v2\/types\/page"}],"author":[{"embeddable":true,"href":"http:\/\/les-jardins-du-bien-etre.com\/index.php?rest_route=\/wp\/v2\/users\/3"}],"replies":[{"embeddable":true,"href":"http:\/\/les-jardins-du-bien-etre.com\/index.php?rest_route=%2Fwp%2Fv2%2Fcomments&post=273"}],"version-history":[{"count":4,"href":"http:\/\/les-jardins-du-bien-etre.com\/index.php?rest_route=\/wp\/v2\/pages\/273\/revisions"}],"predecessor-version":[{"id":359,"href":"http:\/\/les-jardins-du-bien-etre.com\/index.php?rest_route=\/wp\/v2\/pages\/273\/revisions\/359"}],"up":[{"embeddable":true,"href":"http:\/\/les-jardins-du-bien-etre.com\/index.php?rest_route=\/wp\/v2\/pages\/268"}],"wp:attachment":[{"href":"http:\/\/les-jardins-du-bien-etre.com\/index.php?rest_route=%2Fwp%2Fv2%2Fmedia&parent=273"}],"curies":[{"name":"wp","href":"https:\/\/api.w.org\/{rel}","templated":true}]}}