{"id":62,"date":"2015-08-09T20:33:40","date_gmt":"2015-08-09T20:33:40","guid":{"rendered":"http:\/\/les-jardins-du-bien-etre.com\/?page_id=62"},"modified":"2026-04-09T09:59:55","modified_gmt":"2026-04-09T09:59:55","slug":"lesprit-de-latelier","status":"publish","type":"page","link":"http:\/\/les-jardins-du-bien-etre.com\/?page_id=62","title":{"rendered":"L&rsquo;esprit de l&rsquo;atelier"},"content":{"rendered":"<div id=\"pl-62\"  class=\"panel-layout\" ><div id=\"pg-62-0\"  class=\"panel-grid panel-has-style\" ><div class=\"wide-grey panel-row-style panel-row-style-for-62-0\" ><div id=\"pgc-62-0-0\"  class=\"panel-grid-cell panel-grid-cell-empty\" ><\/div><\/div><\/div><div id=\"pg-62-1\"  class=\"panel-grid panel-no-style\" ><div id=\"pgc-62-1-0\"  class=\"panel-grid-cell\" ><div id=\"panel-62-1-0-0\" class=\"so-panel widget widget_black-studio-tinymce widget_black_studio_tinymce panel-first-child\" data-index=\"0\" ><div class=\"panel-widget-style panel-widget-style-for-62-1-0-0\" ><h3 class=\"widget-title\">EXPRESSION  ET CREATIVITE<\/h3><div class=\"textwidget\"><\/div><\/div><\/div><div id=\"panel-62-1-0-1\" class=\"so-panel widget widget_black-studio-tinymce widget_black_studio_tinymce panel-last-child\" data-index=\"1\" ><div class=\"panel-widget-style panel-widget-style-for-62-1-0-1\" ><div class=\"textwidget\"><p style=\"text-align: center;\"><span style=\"font-size: 14px;\"><b>Cr\u00e9er , un chemin de croissance \u00e0 la fois libre et structur\u00e9...<\/b><\/span><\/p>\n\n<ul>\n \t<li><span style=\"font-size: 14px;\">La pratique picturale devient un v\u00e9ritable chemin de croissance personnelle, o\u00f9\u00a0 libert\u00e9\u00a0 et structure se rencontrent pour soutenir une expression authentique et sensible .<\/span><\/li>\n<\/ul>\n<ul>\n \t<li style=\"text-align: left;\"><span style=\"font-size: 14px;\">La pratique de la sophrologie et du yoga\u00a0 nidra soutiennent\u00a0 la pratique artistique .Elle pr\u00e9pare le corps et l'esprit , ouvre l'imaginaire et cr\u00e9e un \u00e9tat de r\u00e9ceptivit\u00e9 propice \u00e0 l'expression et \u00e0 la cr\u00e9ation artistique .<\/span><\/li>\n<\/ul>\n<ul>\n \t<li style=\"text-align: left;\"><span style=\"font-size: 14px;\">Chacun est invit\u00e9 \u00e0 exp\u00e9rimenter \u00e0 son rythme : \u00a0lib\u00e9rer le geste , apprendre des bases de dessin et de couleurs tout en s'appuyant sur des propositions guid\u00e9es .<\/span><\/li>\n<\/ul>\n<p style=\"text-align: center;\"><span style=\"font-size: 16px;\"><em><strong>Cr\u00e9er devient ainsi une mani\u00e8re de se rencontrer , se transformer et s'exprimer pleinement .<\/strong><\/em><\/span><\/p>\n<p style=\"text-align: center;\"><\/p><\/div><\/div><\/div><\/div><\/div><div id=\"pg-62-2\"  class=\"panel-grid panel-no-style\" ><div id=\"pgc-62-2-0\"  class=\"panel-grid-cell panel-grid-cell-empty\" ><\/div><div id=\"pgc-62-2-1\"  class=\"panel-grid-cell\" ><div id=\"panel-62-2-1-0\" class=\"so-panel widget widget_sow-button panel-first-child panel-last-child\" data-index=\"2\" ><div\n\t\t\t\n\t\t\tclass=\"so-widget-sow-button so-widget-sow-button-flat-e3cb064776de-62\"\n\t\t\t\n\t\t><div class=\"ow-button-base ow-button-align-center\"\n>\n\t\t\t<a\n\t\t\t\t\thref=\"http:\/\/les-jardins-du-bien-etre.com\/?page_id=442\"\n\t\t\t\t\tclass=\"sowb-button ow-icon-placement-left ow-button-hover\" \t>\n\t\t<span>\n\t\t\t\t\t\t\t<div class=\"sow-icon-image\" style=\"background-image: url(http:\/\/les-jardins-du-bien-etre.com\/wp-content\/uploads\/2014\/12\/07-150x150.jpg)\"><\/div>\n\t\t\t\t\n\t\t\tCarnet en voyage\t\t<\/span>\n\t\t\t<\/a>\n\t<\/div>\n<\/div><\/div><\/div><div id=\"pgc-62-2-2\"  class=\"panel-grid-cell\" ><div id=\"panel-62-2-2-0\" class=\"so-panel widget widget_sow-button panel-first-child panel-last-child\" data-index=\"3\" ><div\n\t\t\t\n\t\t\tclass=\"so-widget-sow-button so-widget-sow-button-flat-e3cb064776de-62\"\n\t\t\t\n\t\t><div class=\"ow-button-base ow-button-align-center\"\n>\n\t\t\t<a\n\t\t\t\t\thref=\"http:\/\/les-jardins-du-bien-etre.com\/?page_id=159\"\n\t\t\t\t\tclass=\"sowb-button ow-icon-placement-left ow-button-hover\" \t>\n\t\t<span>\n\t\t\t\t\t\t\t<div class=\"sow-icon-image\" style=\"background-image: url(http:\/\/les-jardins-du-bien-etre.com\/wp-content\/uploads\/2016\/06\/15-150x150.jpg)\"><\/div>\n\t\t\t\t\n\t\t\tCr\u00e9ation picturale\t\t<\/span>\n\t\t\t<\/a>\n\t<\/div>\n<\/div><\/div><\/div><div id=\"pgc-62-2-3\"  class=\"panel-grid-cell panel-grid-cell-mobile-last\" ><div id=\"panel-62-2-3-0\" class=\"so-panel widget widget_sow-button panel-first-child panel-last-child\" data-index=\"4\" ><div\n\t\t\t\n\t\t\tclass=\"so-widget-sow-button so-widget-sow-button-flat-a05752bb0c30-62\"\n\t\t\t\n\t\t><div class=\"ow-button-base ow-button-align-center\"\n>\n\t\t\t<a\n\t\t\t\t\thref=\"http:\/\/les-jardins-du-bien-etre.com\/?page_id=1019\"\n\t\t\t\t\tclass=\"sowb-button ow-icon-placement-left ow-button-hover\" \t>\n\t\t<span>\n\t\t\t\t\t\t\t<div class=\"sow-icon-image\" style=\"background-image: url(http:\/\/les-jardins-du-bien-etre.com\/wp-content\/uploads\/2024\/05\/simon-alexis-115-150x150.jpg)\"><\/div>\n\t\t\t\t\n\t\t\tAteliers visio\t\t<\/span>\n\t\t\t<\/a>\n\t<\/div>\n<\/div><\/div><\/div><div id=\"pgc-62-2-4\"  class=\"panel-grid-cell panel-grid-cell-empty\" ><\/div><\/div><\/div>","protected":false},"excerpt":{"rendered":"<p>Cr\u00e9er , un chemin de croissance \u00e0 la fois libre et structur\u00e9&#8230; La pratique picturale devient un v\u00e9ritable chemin de croissance personnelle, o\u00f9\u00a0 libert\u00e9\u00a0 et structure se rencontrent pour soutenir une expression authentique et sensible . La pratique de la sophrologie et du yoga\u00a0 nidra soutiennent\u00a0 la pratique artistique .Elle pr\u00e9pare le corps et l&rsquo;esprit [&hellip;]<\/p>\n","protected":false},"author":3,"featured_media":0,"parent":72,"menu_order":0,"comment_status":"closed","ping_status":"closed","template":"templates\/template-full-notitle.php","meta":{"_exactmetrics_skip_tracking":false,"_exactmetrics_sitenote_active":false,"_exactmetrics_sitenote_note":"","_exactmetrics_sitenote_category":0,"footnotes":""},"class_list":["post-62","page","type-page","status-publish","hentry","post"],"_links":{"self":[{"href":"http:\/\/les-jardins-du-bien-etre.com\/index.php?rest_route=\/wp\/v2\/pages\/62","targetHints":{"allow":["GET"]}}],"collection":[{"href":"http:\/\/les-jardins-du-bien-etre.com\/index.php?rest_route=\/wp\/v2\/pages"}],"about":[{"href":"http:\/\/les-jardins-du-bien-etre.com\/index.php?rest_route=\/wp\/v2\/types\/page"}],"author":[{"embeddable":true,"href":"http:\/\/les-jardins-du-bien-etre.com\/index.php?rest_route=\/wp\/v2\/users\/3"}],"replies":[{"embeddable":true,"href":"http:\/\/les-jardins-du-bien-etre.com\/index.php?rest_route=%2Fwp%2Fv2%2Fcomments&post=62"}],"version-history":[{"count":10,"href":"http:\/\/les-jardins-du-bien-etre.com\/index.php?rest_route=\/wp\/v2\/pages\/62\/revisions"}],"predecessor-version":[{"id":96,"href":"http:\/\/les-jardins-du-bien-etre.com\/index.php?rest_route=\/wp\/v2\/pages\/62\/revisions\/96"}],"up":[{"embeddable":true,"href":"http:\/\/les-jardins-du-bien-etre.com\/index.php?rest_route=\/wp\/v2\/pages\/72"}],"wp:attachment":[{"href":"http:\/\/les-jardins-du-bien-etre.com\/index.php?rest_route=%2Fwp%2Fv2%2Fmedia&parent=62"}],"curies":[{"name":"wp","href":"https:\/\/api.w.org\/{rel}","templated":true}]}}