{"id":635,"date":"2018-09-18T13:25:48","date_gmt":"2018-09-18T13:25:48","guid":{"rendered":"http:\/\/les-jardins-du-bien-etre.com\/?page_id=635"},"modified":"2020-01-05T18:35:45","modified_gmt":"2020-01-05T18:35:45","slug":"carnet-de-voyage-maroc","status":"publish","type":"page","link":"http:\/\/les-jardins-du-bien-etre.com\/?page_id=635","title":{"rendered":"Stage Harmonisation et cr\u00e9ation \u00e0 Paros"},"content":{"rendered":"<div id=\"pl-635\"  class=\"panel-layout\" ><div id=\"pg-635-0\"  class=\"panel-grid panel-no-style\" ><div id=\"pgc-635-0-0\"  class=\"panel-grid-cell\" ><div id=\"panel-635-0-0-0\" class=\"so-panel widget widget_headline-widget panel-first-child\" data-index=\"0\" >\t\t<h1> HARMONISATION AU TRAVERS DES 5 ELEMENTS<\/h1>\n\t\t<div class=\"decoration\"><div class=\"decoration-inside\"><\/div><\/div>\n\t\t<h3>Un voyage int\u00e9rieur pour harmoniser les 5 \u00e9l\u00e9ments fondamentaux qui vous composent : terre, eau, air, feu, espace et r\u00e9\u00e9quilibrer vos forces int\u00e9rieures .<\/h3>\n\t\t<\/div><div id=\"panel-635-0-0-1\" class=\"so-panel widget widget_sow-image panel-last-child\" data-index=\"1\" ><div\n\t\t\t\n\t\t\tclass=\"so-widget-sow-image so-widget-sow-image-default-8b5b6f678277-635\"\n\t\t\t\n\t\t><\/div><\/div><\/div><\/div><div id=\"pg-635-1\"  class=\"panel-grid panel-no-style\" ><div id=\"pgc-635-1-0\"  class=\"panel-grid-cell panel-grid-cell-empty\" ><\/div><\/div><div id=\"pg-635-2\"  class=\"panel-grid panel-no-style\" ><div id=\"pgc-635-2-0\"  class=\"panel-grid-cell panel-grid-cell-empty\" ><\/div><div id=\"pgc-635-2-1\"  class=\"panel-grid-cell panel-grid-cell-mobile-last\" ><div id=\"panel-635-2-1-0\" class=\"so-panel widget widget_sow-editor panel-first-child panel-last-child\" data-index=\"2\" ><div\n\t\t\t\n\t\t\tclass=\"so-widget-sow-editor so-widget-sow-editor-base\"\n\t\t\t\n\t\t><h3 class=\"widget-title\">    11 -15 OCTOBRE 2020                                                                                                                            <\/h3>\n<div class=\"siteorigin-widget-tinymce textwidget\">\n\t<p style=\"text-align: center;\"><span style=\"font-family: tahoma, arial, helvetica, sans-serif; font-size: 14px;\"><strong><em>Se donner une pause , rel\u00e2cher la pression , renouer avec le bien-\u00eatre physique et mental , <\/em><\/strong><\/span><strong style=\"font-family: tahoma, arial, helvetica, sans-serif; font-size: 14px;\"><em>d\u00e9couvrir le plaisir de cr\u00e9er et de se -r\u00e9-cr\u00e9er au travers de la nature.<\/em><\/strong><\/p>\n<p style=\"text-align: center;\"><span style=\"font-family: tahoma, arial, helvetica, sans-serif;\"><span style=\"font-size: 14px;\"><b><i>Les journ\u00e9es seront rythm\u00e9es par des pratiques en sophrologie , des promenades , des moments de cr\u00e9ativit\u00e9 <\/i><\/b><\/span><\/span><span style=\"font-family: tahoma, arial, helvetica, sans-serif;\"><span style=\"font-size: 14px;\"><b><i>au travers de la cr\u00e9ation d'un carnet cr\u00e9atif\u00a0 nature et des partages .<\/i><\/b><\/span><\/span><\/p>\n<\/div>\n<\/div><\/div><\/div><div id=\"pgc-635-2-2\"  class=\"panel-grid-cell panel-grid-cell-empty\" ><\/div><\/div><div id=\"pg-635-3\"  class=\"panel-grid panel-no-style\" ><div id=\"pgc-635-3-0\"  class=\"panel-grid-cell\" ><div id=\"panel-635-3-0-0\" class=\"so-panel widget widget_headline-widget panel-first-child panel-last-child\" data-index=\"3\" >\t\t<h1>SEJOUR EN COURS DE PREPARATION<\/h1>\n\t\t<div class=\"decoration\"><div class=\"decoration-inside\"><\/div><\/div>\n\t\t<h3><\/h3>\n\t\t<\/div><\/div><\/div><div id=\"pg-635-4\"  class=\"panel-grid panel-no-style\" ><div id=\"pgc-635-4-0\"  class=\"panel-grid-cell panel-grid-cell-empty\" ><\/div><div id=\"pgc-635-4-1\"  class=\"panel-grid-cell panel-grid-cell-mobile-last\" ><div id=\"panel-635-4-1-0\" class=\"so-panel widget widget_sow-editor panel-first-child panel-last-child\" data-index=\"4\" ><div\n\t\t\t\n\t\t\tclass=\"so-widget-sow-editor so-widget-sow-editor-base\"\n\t\t\t\n\t\t>\n<div class=\"siteorigin-widget-tinymce textwidget\">\n\t<\/div>\n<\/div><\/div><\/div><div id=\"pgc-635-4-2\"  class=\"panel-grid-cell panel-grid-cell-empty\" ><\/div><\/div><div id=\"pg-635-5\"  class=\"panel-grid panel-no-style\" ><div id=\"pgc-635-5-0\"  class=\"panel-grid-cell\" ><div id=\"panel-635-5-0-0\" class=\"so-panel widget widget_headline-widget panel-first-child panel-last-child\" data-index=\"5\" >\t\t<h1>Infos compl\u00e9mentaires<\/h1>\n\t\t<div class=\"decoration\"><div class=\"decoration-inside\"><\/div><\/div>\n\t\t<h3><\/h3>\n\t\t<\/div><\/div><\/div><div id=\"pg-635-6\"  class=\"panel-grid panel-no-style\" ><div id=\"pgc-635-6-0\"  class=\"panel-grid-cell panel-grid-cell-empty\" ><\/div><div id=\"pgc-635-6-1\"  class=\"panel-grid-cell panel-grid-cell-mobile-last\" ><div id=\"panel-635-6-1-0\" class=\"so-panel widget widget_sow-editor panel-first-child\" data-index=\"6\" ><div\n\t\t\t\n\t\t\tclass=\"so-widget-sow-editor so-widget-sow-editor-base\"\n\t\t\t\n\t\t>\n<div class=\"siteorigin-widget-tinymce textwidget\">\n\t<\/div>\n<\/div><\/div><div id=\"panel-635-6-1-1\" class=\"so-panel widget widget_sow-button panel-last-child\" data-index=\"7\" ><div\n\t\t\t\n\t\t\tclass=\"so-widget-sow-button so-widget-sow-button-atom-4ef64907b119-635\"\n\t\t\t\n\t\t><div class=\"ow-button-base ow-button-align-center\"\n>\n\t\t\t<a\n\t\t\t\t\thref=\"http:\/\/les-jardins-du-bien-etre.com\/?page_id=219\"\n\t\t\t\t\tclass=\"sowb-button ow-icon-placement-left ow-button-hover\" \t>\n\t\t<span>\n\t\t\t\n\t\t\tJe m'inscris au s\u00e9jour\t\t<\/span>\n\t\t\t<\/a>\n\t<\/div>\n<\/div><\/div><\/div><div id=\"pgc-635-6-2\"  class=\"panel-grid-cell panel-grid-cell-empty\" ><\/div><\/div><\/div>","protected":false},"excerpt":{"rendered":"<p>HARMONISATION AU TRAVERS DES 5 ELEMENTS Un voyage int\u00e9rieur pour harmoniser les 5 \u00e9l\u00e9ments fondamentaux qui vous composent : terre, eau, air, feu, espace et r\u00e9\u00e9quilibrer vos forces int\u00e9rieures . 11 -15 OCTOBRE 2020 Se donner une pause , rel\u00e2cher la pression , renouer avec le bien-\u00eatre physique et mental , d\u00e9couvrir le plaisir de [&hellip;]<\/p>\n","protected":false},"author":3,"featured_media":0,"parent":451,"menu_order":0,"comment_status":"closed","ping_status":"closed","template":"","meta":{"_exactmetrics_skip_tracking":false,"_exactmetrics_sitenote_active":false,"_exactmetrics_sitenote_note":"","_exactmetrics_sitenote_category":0,"footnotes":""},"class_list":["post-635","page","type-page","status-publish","hentry","post"],"_links":{"self":[{"href":"http:\/\/les-jardins-du-bien-etre.com\/index.php?rest_route=\/wp\/v2\/pages\/635","targetHints":{"allow":["GET"]}}],"collection":[{"href":"http:\/\/les-jardins-du-bien-etre.com\/index.php?rest_route=\/wp\/v2\/pages"}],"about":[{"href":"http:\/\/les-jardins-du-bien-etre.com\/index.php?rest_route=\/wp\/v2\/types\/page"}],"author":[{"embeddable":true,"href":"http:\/\/les-jardins-du-bien-etre.com\/index.php?rest_route=\/wp\/v2\/users\/3"}],"replies":[{"embeddable":true,"href":"http:\/\/les-jardins-du-bien-etre.com\/index.php?rest_route=%2Fwp%2Fv2%2Fcomments&post=635"}],"version-history":[{"count":14,"href":"http:\/\/les-jardins-du-bien-etre.com\/index.php?rest_route=\/wp\/v2\/pages\/635\/revisions"}],"predecessor-version":[{"id":822,"href":"http:\/\/les-jardins-du-bien-etre.com\/index.php?rest_route=\/wp\/v2\/pages\/635\/revisions\/822"}],"up":[{"embeddable":true,"href":"http:\/\/les-jardins-du-bien-etre.com\/index.php?rest_route=\/wp\/v2\/pages\/451"}],"wp:attachment":[{"href":"http:\/\/les-jardins-du-bien-etre.com\/index.php?rest_route=%2Fwp%2Fv2%2Fmedia&parent=635"}],"curies":[{"name":"wp","href":"https:\/\/api.w.org\/{rel}","templated":true}]}}