{"id":64,"date":"2015-08-09T20:43:38","date_gmt":"2015-08-09T20:43:38","guid":{"rendered":"http:\/\/les-jardins-du-bien-etre.com\/?page_id=64"},"modified":"2025-07-21T15:12:59","modified_gmt":"2025-07-21T15:12:59","slug":"lieu","status":"publish","type":"page","link":"http:\/\/les-jardins-du-bien-etre.com\/?page_id=64","title":{"rendered":"Lieu"},"content":{"rendered":"<div id=\"pl-64\"  class=\"panel-layout\" ><div id=\"pg-64-0\"  class=\"panel-grid panel-has-style\" ><div class=\"wide-grey panel-row-style panel-row-style-for-64-0\" ><div id=\"pgc-64-0-0\"  class=\"panel-grid-cell\" ><div id=\"panel-64-0-0-0\" class=\"so-panel widget widget_black-studio-tinymce widget_black_studio_tinymce panel-first-child panel-last-child\" data-index=\"0\" ><div class=\"textwidget\"><div id=\"panel-15-0-0-0\" class=\"panel widget widget_headline-widget panel-first-child\">\n<div class=\"panel-widget-style\">\n<h1>Le lieu<\/h1>\n<\/div>\n<\/div>\n<\/div><\/div><\/div><\/div><\/div><div id=\"pg-64-1\"  class=\"panel-grid panel-no-style\" ><div id=\"pgc-64-1-0\"  class=\"panel-grid-cell panel-grid-cell-empty\" ><\/div><div id=\"pgc-64-1-1\"  class=\"panel-grid-cell panel-grid-cell-mobile-last\" ><div id=\"panel-64-1-1-0\" class=\"so-panel widget widget_black-studio-tinymce widget_black_studio_tinymce panel-first-child panel-last-child\" data-index=\"1\" ><div class=\"panel-widget-style panel-widget-style-for-64-1-1-0\" ><div class=\"textwidget\"><p style=\"text-align: center;\">\u00a0\u00a0\u00a0\u00a0\u00a0\u00a0\u00a0 L\u2019Atelier les jardins du Bien-Etre est install\u00e9 dans les Landes \u00e0 Sainte colombe 40700<\/p>\n<p style=\"text-align: center;\">Les activit\u00e9s se d\u00e9roulent dans un atelier adapt\u00e9 aux activit\u00e9s propos\u00e9es.<\/p>\n<p style=\"text-align: center;\">L'atelier est entour\u00e9 d'un jardin qui \u00e9volue\u00a0au fil des saisons ...<\/p>\n<p style=\"text-align: center;\">Cet espace accueille des petits groupes de 6 personnes<\/p><\/div><\/div><\/div><\/div><div id=\"pgc-64-1-2\"  class=\"panel-grid-cell panel-grid-cell-empty\" ><\/div><\/div><div id=\"pg-64-2\"  class=\"panel-grid panel-has-style\" ><div class=\"siteorigin-panels-stretch panel-row-style-full-width panel-row-style panel-row-style-for-64-2\" data-stretch-type=\"full-width-stretch\" ><div id=\"pgc-64-2-0\"  class=\"panel-grid-cell\" ><div id=\"panel-64-2-0-0\" class=\"so-panel widget widget_text panel-first-child panel-last-child\" data-index=\"2\" >\t\t\t<div class=\"textwidget\"><div class=\"wpgmza-store-locator wpgmza_sl_main_div\" data-id=\"1\">\r\n\t<div class=\"wpgmza-address-container wpgmza-form-field wpgmza_sl_query_div wpgmza-clearfix\">\r\n\t\t<label class=\"wpgmza-address wpgmza-form-field__label wpgmza-form-field__label--float\" data-name=\"addressLabel\" for=\"addressInput\">Code Postal \/ Adresse<\/label>\r\n\t\t<input class=\"wpgmza-address\" type=\"text\" placeholder=\"Utilisez ma localisation\" autocomplete=\"off\" data-name=\"defaultAddress\" value=\"\" id=\"addressInput\" size=\"20\">\r\n\t<\/div>\r\n\t\r\n\t<div class=\"wpgmza-radius-container wpgmza-form-field wpgmza_sl_radius_div wpgmza-clearfix\">\r\n\t\t<label class=\"wpgmza-radius wpgmza-form-field__label wpgmza-form-field__label--float\" for=\"radiusSelect\">\r\n\t\t\tRadius\t\t<\/label>\r\n\t\t<select class=\"wpgmza-radius wpgmza-form-field__input wpgmza_sl_radius_select\" id=\"radiusSelect\"><option class=\"wpgmza-radius wpgmza_sl_select_option\" value=\"1\">1mi<\/option><option class=\"wpgmza-radius wpgmza_sl_select_option\" value=\"5\">5mi<\/option><option class=\"wpgmza-radius wpgmza_sl_select_option\" value=\"10\" selected>10mi<\/option><option class=\"wpgmza-radius wpgmza_sl_select_option\" value=\"25\">25mi<\/option><option class=\"wpgmza-radius wpgmza_sl_select_option\" value=\"50\">50mi<\/option><option class=\"wpgmza-radius wpgmza_sl_select_option\" value=\"75\">75mi<\/option><option class=\"wpgmza-radius wpgmza_sl_select_option\" value=\"100\">100mi<\/option><option class=\"wpgmza-radius wpgmza_sl_select_option\" value=\"150\">150mi<\/option><option class=\"wpgmza-radius wpgmza_sl_select_option\" value=\"200\">200mi<\/option><option class=\"wpgmza-radius wpgmza_sl_select_option\" value=\"300\">300mi<\/option><\/select>\r\n\t<\/div>\r\n\t\r\n\t<input class=\"wpgmza-search wpgmza_sl_search_button wpgmza_sl_search_button_1\" value=\"Rechercher\" type=\"button\" onclick=\"searchLocations(1)\">\r\n\t\r\n\t<div class=\"wpgmza-no-results wpgmza-not-found-msg js-not-found-msg\" style=\"display: none;\">\r\n\t\t<p data-name=\"notFoundMessage\">No results found in this location. Please try again.<\/p>\r\n\t<\/div>\r\n<\/div><div id=\"wpgmza_map\" class=\"wpgmza_map\" data-settings='{\"id\":\"1\",\"map_title\":\"Atelier Les jardins du bien \\u00eatre\",\"map_width\":\"100\",\"map_height\":\"400\",\"map_start_lat\":\"44.15386310049345\",\"map_start_lng\":\"2.965079234396008\",\"map_start_location\":\"43.46947942324343,6.504580021656028\",\"map_start_zoom\":\"8\",\"default_marker\":\"0\",\"type\":\"1\",\"alignment\":\"2\",\"directions_enabled\":\"1\",\"styling_enabled\":\"0\",\"styling_json\":\"\",\"active\":\"0\",\"kml\":\"\",\"bicycle\":\"0\",\"traffic\":\"0\",\"dbox\":\"1\",\"dbox_width\":\"250\",\"listmarkers\":\"0\",\"listmarkers_advanced\":\"0\",\"filterbycat\":\"0\",\"ugm_enabled\":\"0\",\"ugm_category_enabled\":\"0\",\"fusion\":\"\",\"map_width_type\":\"%\",\"map_height_type\":\"px\",\"mass_marker_support\":\"1\",\"ugm_access\":\"0\",\"order_markers_by\":\"0\",\"order_markers_choice\":\"0\",\"show_user_location\":\"0\",\"default_to\":\"\",\"other_settings\":{\"store_locator_enabled\":true,\"store_locator_distance\":true,\"store_locator_bounce\":1,\"store_locator_query_string\":\"\",\"wpgmza_store_locator_restrict\":\"\",\"map_max_zoom\":\"1\",\"transport_layer\":false,\"wpgmza_theme_data\":\"\",\"action\":\"wpgmza_save_map\",\"redirect_to\":\"\\\/wp-admin\\\/admin-post.php\",\"map_id\":\"1\",\"http_referer\":\"\\\/wp-admin\\\/admin.php?page=wp-google-maps-menu&amp;amp;action=edit&amp;amp;map_id=1\",\"wpgmza_id\":\"1\",\"wpgmza_start_location\":\"44.15386310049345,2.965079234396008\",\"wpgmza_start_zoom\":\"8\",\"store_locator_search_area\":\"radial\",\"wpgmza_store_locator_radius_style\":\"legacy\",\"wpgmza_store_locator_default_radius\":\"10\",\"store_locator_auto_area_max_zoom\":\"\",\"wpgmza_store_locator_position\":false,\"store_locator_show_distance\":false,\"store_locator_category\":false,\"wpgmza_store_locator_use_their_location\":false,\"wpgmza_store_locator_bounce\":false,\"wpgmza_sl_animation\":null,\"wpgmza_store_locator_hide_before_search\":false,\"store_locator_location_placeholder\":\"\",\"store_locator_default_address\":\"\",\"store_locator_name_search\":false,\"store_locator_name_string\":\"\",\"store_locator_not_found_message\":\"\",\"sl_stroke_color\":\"\",\"sl_stroke_opacity\":\"\",\"sl_fill_color\":\"\",\"sl_fill_opacity\":\"\",\"wpgmza_map_align\":\"1\",\"jump_to_nearest_marker_on_initialization\":false,\"automatically_pan_to_users_location\":false,\"override_users_location_zoom_level\":false,\"override_users_location_zoom_levels\":\"\",\"show_distance_from_location\":false,\"map_min_zoom\":\"0\",\"click_open_link\":false,\"fit_maps_bounds_to_markers\":false,\"fit_maps_bounds_to_markers_after_filtering\":false,\"hide_point_of_interest\":false,\"wpgmza_zoom_on_marker_click\":false,\"wpgmza_zoom_on_marker_click_slider\":\"\",\"close_infowindow_on_map_click\":false,\"disable_lightbox_images\":false,\"use_Raw_Jpeg_Coordinates\":false,\"disable_polygon_info_windows\":false,\"enable_marker_ratings\":false,\"enable_marker_labels\":false,\"only_load_markers_within_viewport\":false,\"zoom_level_mobile_override_enabled\":false,\"zoom_level_mobile_override\":\"\",\"iw_primary_color\":\"#000000\",\"iw_accent_color\":\"#000000\",\"iw_text_color\":\"#000000\",\"wpgmza_listmarkers_by\":\"0\",\"wpgmza_marker_listing_position\":false,\"zoom_level_on_marker_listing_override\":false,\"zoom_level_on_marker_listing_click\":\"\",\"marker_listing_disable_zoom\":false,\"datatable_no_result_message\":\"\",\"remove_search_box_datables\":false,\"dataTable_pagination_style\":null,\"datatable_search_string\":\"\",\"datatable_result_start\":\"\",\"datatable_result_of\":\"\",\"datatable_result_to\":\"\",\"datatable_result_total\":\"\",\"datatable_result_show\":\"\",\"datatable_result_entries\":\"\",\"wpgmza_savemap\":\"Enregistrer la carte \\u00bb\"}}' data-map-id='1' Data-maps-engine='open-layers' data-shortcode-attributes='{\"id\":\"1\"}' style=\"display:block; overflow:auto; width:100%; height:400px; float:left;\"><\/div><\/div>\n\t\t<\/div><\/div><\/div><\/div><\/div>","protected":false},"excerpt":{"rendered":"<p>Le lieu \u00a0\u00a0\u00a0\u00a0\u00a0\u00a0\u00a0 L\u2019Atelier les jardins du Bien-Etre est install\u00e9 dans les Landes \u00e0 Sainte colombe 40700 Les activit\u00e9s se d\u00e9roulent dans un atelier adapt\u00e9 aux activit\u00e9s propos\u00e9es. L&rsquo;atelier est entour\u00e9 d&rsquo;un jardin qui \u00e9volue\u00a0au fil des saisons &#8230; Cet espace accueille des petits groupes de 6 personnes<\/p>\n","protected":false},"author":3,"featured_media":0,"parent":72,"menu_order":0,"comment_status":"closed","ping_status":"closed","template":"templates\/template-full-notitle.php","meta":{"_exactmetrics_skip_tracking":false,"_exactmetrics_sitenote_active":false,"_exactmetrics_sitenote_note":"","_exactmetrics_sitenote_category":0,"footnotes":""},"class_list":["post-64","page","type-page","status-publish","hentry","post"],"_links":{"self":[{"href":"http:\/\/les-jardins-du-bien-etre.com\/index.php?rest_route=\/wp\/v2\/pages\/64","targetHints":{"allow":["GET"]}}],"collection":[{"href":"http:\/\/les-jardins-du-bien-etre.com\/index.php?rest_route=\/wp\/v2\/pages"}],"about":[{"href":"http:\/\/les-jardins-du-bien-etre.com\/index.php?rest_route=\/wp\/v2\/types\/page"}],"author":[{"embeddable":true,"href":"http:\/\/les-jardins-du-bien-etre.com\/index.php?rest_route=\/wp\/v2\/users\/3"}],"replies":[{"embeddable":true,"href":"http:\/\/les-jardins-du-bien-etre.com\/index.php?rest_route=%2Fwp%2Fv2%2Fcomments&post=64"}],"version-history":[{"count":8,"href":"http:\/\/les-jardins-du-bien-etre.com\/index.php?rest_route=\/wp\/v2\/pages\/64\/revisions"}],"predecessor-version":[{"id":264,"href":"http:\/\/les-jardins-du-bien-etre.com\/index.php?rest_route=\/wp\/v2\/pages\/64\/revisions\/264"}],"up":[{"embeddable":true,"href":"http:\/\/les-jardins-du-bien-etre.com\/index.php?rest_route=\/wp\/v2\/pages\/72"}],"wp:attachment":[{"href":"http:\/\/les-jardins-du-bien-etre.com\/index.php?rest_route=%2Fwp%2Fv2%2Fmedia&parent=64"}],"curies":[{"name":"wp","href":"https:\/\/api.w.org\/{rel}","templated":true}]}}