{"id":849,"date":"2020-06-07T18:05:08","date_gmt":"2020-06-07T18:05:08","guid":{"rendered":"http:\/\/les-jardins-du-bien-etre.com\/?page_id=849"},"modified":"2025-07-21T07:55:30","modified_gmt":"2025-07-21T07:55:30","slug":"animal-totem","status":"publish","type":"page","link":"http:\/\/les-jardins-du-bien-etre.com\/?page_id=849","title":{"rendered":"Mandala &#8211; totem"},"content":{"rendered":"<div id=\"pl-849\"  class=\"panel-layout\" ><div id=\"pg-849-0\"  class=\"panel-grid panel-no-style\" ><div id=\"pgc-849-0-0\"  class=\"panel-grid-cell\" ><div id=\"panel-849-0-0-0\" class=\"so-panel widget widget_headline-widget panel-first-child panel-last-child\" data-index=\"0\" >\t\t<h1>MANDALA- TALISMAN<\/h1>\n\t\t<div class=\"decoration\"><div class=\"decoration-inside\"><\/div><\/div>\n\t\t<h3>CREEZ VOTRE MANDALA TALISMAN PERSONNEL !!<\/h3>\n\t\t<\/div><\/div><\/div><div id=\"pg-849-1\"  class=\"panel-grid panel-no-style\" ><div id=\"pgc-849-1-0\"  class=\"panel-grid-cell\" ><div id=\"panel-849-1-0-0\" class=\"so-panel widget widget_sow-image panel-first-child panel-last-child\" data-index=\"1\" ><div\n\t\t\t\n\t\t\tclass=\"so-widget-sow-image so-widget-sow-image-default-c67d20f9f743-849\"\n\t\t\t\n\t\t>\n<div class=\"sow-image-container\">\n\t\t<img \n\tsrc=\"http:\/\/les-jardins-du-bien-etre.com\/wp-content\/uploads\/2014\/12\/07.jpg\" width=\"1080\" height=\"400\" srcset=\"http:\/\/les-jardins-du-bien-etre.com\/wp-content\/uploads\/2014\/12\/07.jpg 1080w, http:\/\/les-jardins-du-bien-etre.com\/wp-content\/uploads\/2014\/12\/07-300x111.jpg 300w, http:\/\/les-jardins-du-bien-etre.com\/wp-content\/uploads\/2014\/12\/07-1024x379.jpg 1024w\" sizes=\"(max-width: 1080px) 100vw, 1080px\" alt=\"OUVRIR LES PORTES A UN NOUVEAU MONDE\" \t\tclass=\"so-widget-image\"\/>\n\t<\/div>\n\n<\/div><\/div><\/div><\/div><div id=\"pg-849-2\"  class=\"panel-grid panel-has-style\" ><div class=\"wide-grey panel-row-style panel-row-style-for-849-2\" ><div id=\"pgc-849-2-0\"  class=\"panel-grid-cell\" ><div id=\"panel-849-2-0-0\" class=\"so-panel widget widget_black-studio-tinymce widget_black_studio_tinymce panel-first-child\" data-index=\"2\" ><h3 class=\"widget-title\">CREER SON MANDALA TALISMAN<\/h3><div class=\"textwidget\"><p>Ce stage vous invite \u00e0 plonger dans l'art m\u00e9ditatif des mandalas, charg\u00e9 de vos intentions et de votre \u00e9nergie positive .Que vous cherchiez la protection , l'abondance, la sagesse ou la paix int\u00e9rieure , votre mandala talisman sera un support visuel et \u00e9nerg\u00e9tique pour vos aspirations .<\/p>\n<\/div><\/div><div id=\"panel-849-2-0-1\" class=\"so-panel widget widget_black-studio-tinymce widget_black_studio_tinymce panel-last-child\" data-index=\"3\" ><div class=\"textwidget\"><\/div><\/div><\/div><\/div><\/div><div id=\"pg-849-3\"  class=\"panel-grid panel-no-style\" ><div id=\"pgc-849-3-0\"  class=\"panel-grid-cell panel-grid-cell-empty\" ><\/div><div id=\"pgc-849-3-1\"  class=\"panel-grid-cell\" ><div id=\"panel-849-3-1-0\" class=\"so-panel widget widget_black-studio-tinymce widget_black_studio_tinymce panel-first-child\" data-index=\"4\" ><div class=\"infosRounded panel-widget-style panel-widget-style-for-849-3-1-0\" ><h3 class=\"widget-title\">CONTENU<\/h3><div class=\"textwidget\"><p><strong>La pratique du yoga nidra sera source d'inspiration et de r\u00e9flexion pour formuler votre intention . Chaque jour cette pratique vous accompagnera pour avancer dans votre processus cr\u00e9atif .<\/strong><\/p>\n<p><strong>Sur la base d'une structure g\u00e9om\u00e9trique et de symboles issus de la g\u00e9om\u00e9trie sacr\u00e9e , vous construirez votre mandala sur un support papier 300g de 50x 50 cm. Vos outils seront le compas et le crayon pour \u00e9laborer la structure de base. Puis vous embellirez vos formes par la mise en couleur gr\u00e2ce \u00e0 diff\u00e9rentes techniques : gouache , acrylique, encre , aquarelle ...<\/strong><\/p>\n<p><b>Une fois votre mandala termin\u00e9 , vous le chargerez \u00e9nerg\u00e9tiquement pour qu'il continue de rayonner dans votre quotidien .<\/b><\/p>\n<\/div><\/div><\/div><div id=\"panel-849-3-1-1\" class=\"so-panel widget widget_black-studio-tinymce widget_black_studio_tinymce panel-last-child\" data-index=\"5\" ><div class=\"infosRounded panel-widget-style panel-widget-style-for-849-3-1-1\" ><div class=\"textwidget\"><p><span style=\"color: #0000ff;\"><em>La pratique du mandala conduit vers: <\/em><\/span><span style=\"color: #0000ff;\"><em>l'\u00e9quilibre et l'harmonie, la concentration, <\/em><\/span><span style=\"color: #0000ff;\"><em>la d\u00e9tente mentale et le d\u00e9veloppement de la cr\u00e9ativit\u00e9 .<\/em><\/span><\/p>\n<p><span style=\"color: #0000ff;\"><em>C'est une pratique qui est source de ressourcement et qui vise \u00e0 se sentir bien gr\u00e2ce \u00e0 la cr\u00e9ativit\u00e9.\u00a0<\/em><\/span><\/p>\n<p><strong>OUTILS \/<\/strong> Relaxations dynamiques , yoga nidra ,\u00a0 pratique du mandala , acrylique ou gouache , techniques mixtes<\/p>\n<\/div><\/div><\/div><\/div><div id=\"pgc-849-3-2\"  class=\"panel-grid-cell panel-grid-cell-mobile-last\" ><div id=\"panel-849-3-2-0\" class=\"so-panel widget widget_black-studio-tinymce widget_black_studio_tinymce panel-first-child\" data-index=\"6\" ><div class=\"infosRounded panel-widget-style panel-widget-style-for-849-3-2-0\" ><h3 class=\"widget-title\">CALENDRIER<\/h3><div class=\"textwidget\"><ul style=\"list-style-type: disc;\">\n<li><span style=\"text-decoration: underline;\"><strong>Stage 4 jours\u00a0 de 9h30 \u00e0 17h avec pause repas de 1h30\u00a0<\/strong><\/span><\/li>\n<li>\n<blockquote><p><span style=\"text-decoration: underline;\"> Chaque participant apporte son pique -nique\u00a0<\/span><\/p><\/blockquote>\n<\/li>\n<\/ul>\n<p style=\"text-align: left;\"><strong>\u00a0 \u00a0 \u00a0 \u00a0 \u00a0 \u00a0 \u00a0 \u00a0 \u00a0 \u00a0 \u00a0 \u00a0 \u00a0 \u00a0 \u00a0 \u00a0 \u00a0 g<\/strong><strong><span style=\"text-decoration: underline;\">roupe de 3 \u00e0 6\u00a0 personnes<\/span><\/strong><\/p>\n<ul style=\"list-style-type: disc;\">\n<li><span style=\"font-size: 14px;\"><strong>27-30 Novembre 2025 ou 14-17 Mai 2026<\/strong><\/span><\/li>\n<li><strong>Lieu du stage<\/strong> : <strong>\u00a0Sainte colombe 40700<\/strong><\/li>\n<li><span style=\"font-size: 16px; font-family: helvetica, arial, sans-serif;\">H\u00e9bergement \u00e0 la charge du participant\u00a0<\/span><\/li>\n<\/ul>\n<p>&nbsp;<\/p>\n<\/div><\/div><\/div><div id=\"panel-849-3-2-1\" class=\"so-panel widget widget_black-studio-tinymce widget_black_studio_tinymce panel-last-child\" data-index=\"7\" ><div class=\"infosRounded panel-widget-style panel-widget-style-for-849-3-2-1\" ><div class=\"textwidget\"><h3 class=\"widget-title\">TARIFS<\/h3>\n<div class=\"textwidget\">\n<ul style=\"list-style-type: disc;\">\n<li><strong>110 \u20ac prix journ\u00e9e + 30 \u20ac adh\u00e9sion \u00e0 l'association<\/strong><\/li>\n<\/ul>\n<p>mat\u00e9riel de base compris<\/p>\n<ul style=\"list-style-type: disc;\">\n<li><span style=\"font-size: 14px;\"><strong>Acompte de 100 \u20ac \u00e0 r\u00e9gler \u00e0 l'inscription <\/strong><\/span><\/li>\n<li><span style=\"font-size: 14px;\">(encaissable apr\u00e8s le stage et non remboursable)<\/span><\/li>\n<\/ul>\n<p><b>COMMENT S'INSCRIRE<\/b><\/p>\n<ul>\n<li>Contactez Catherine ALEXIS par mail ou par t\u00e9l\u00e9phone<\/li>\n<li><strong><span style=\"font-size: 14px;\">catherine.alexis@wanadoo.fr \/ Tel 06 11 50 01 88<\/span><\/strong><\/li>\n<li>Recevez les informations de paiement et les modalit\u00e9s pratiques<\/li>\n<\/ul>\n<\/div>\n<\/div><\/div><\/div><\/div><div id=\"pgc-849-3-3\"  class=\"panel-grid-cell panel-grid-cell-empty\" ><\/div><\/div><div id=\"pg-849-4\"  class=\"panel-grid panel-no-style\" ><div id=\"pgc-849-4-0\"  class=\"panel-grid-cell panel-grid-cell-empty\" ><\/div><\/div><div id=\"pg-849-5\"  class=\"panel-grid panel-has-style\" ><div class=\"wide-grey panel-row-style panel-row-style-for-849-5\" ><div id=\"pgc-849-5-0\"  class=\"panel-grid-cell panel-grid-cell-empty\" ><\/div><div id=\"pgc-849-5-1\"  class=\"panel-grid-cell panel-grid-cell-mobile-last\" ><div id=\"panel-849-5-1-0\" class=\"so-panel widget widget_siteorigin-panels-builder panel-first-child panel-last-child\" data-index=\"8\" ><div id=\"pl-w663656445d756\"  class=\"panel-layout\" ><div id=\"pg-w663656445d756-0\"  class=\"panel-grid panel-no-style\" ><div id=\"pgc-w663656445d756-0-0\"  class=\"panel-grid-cell panel-grid-cell-empty\" ><\/div><div id=\"pgc-w663656445d756-0-1\"  class=\"panel-grid-cell panel-grid-cell-empty\" ><\/div><div id=\"pgc-w663656445d756-0-2\"  class=\"panel-grid-cell\" ><div id=\"panel-w663656445d756-0-2-0\" class=\"so-panel widget widget_sow-image panel-first-child panel-last-child\" data-index=\"0\" ><div\n\t\t\t\n\t\t\tclass=\"so-widget-sow-image so-widget-sow-image-default-113ccd71f3e6\"\n\t\t\t\n\t\t>\n<div class=\"sow-image-container\">\n\t\t\t<a href=\"http:\/\/les-jardins-du-bien-etre.com\/?page_id=273\"\n\t\t\t\t\t>\n\t\t\t<img \n\tsrc=\"http:\/\/les-jardins-du-bien-etre.com\/wp-content\/uploads\/2024\/05\/catherine_alexis_2024.png\" width=\"128\" height=\"128\" sizes=\"(max-width: 128px) 100vw, 128px\" alt=\"Catherine Alexis\" \t\tclass=\"so-widget-image\"\/>\n\t\t\t<\/a><\/div>\n\n<h3 class=\"widget-title\"><\/h3><\/div><\/div><\/div><\/div><\/div><\/div><\/div><div id=\"pgc-849-5-2\"  class=\"panel-grid-cell panel-grid-cell-empty\" ><\/div><\/div><\/div><div id=\"pg-849-6\"  class=\"panel-grid panel-has-style\" ><div class=\"wide-grey panel-row-style panel-row-style-for-849-6\" ><div id=\"pgc-849-6-0\"  class=\"panel-grid-cell panel-grid-cell-empty\" ><\/div><div id=\"pgc-849-6-1\"  class=\"panel-grid-cell panel-grid-cell-mobile-last\" ><div id=\"panel-849-6-1-0\" class=\"so-panel widget widget_black-studio-tinymce widget_black_studio_tinymce panel-first-child panel-last-child\" data-index=\"9\" ><div class=\"panel-widget-style panel-widget-style-for-849-6-1-0\" ><div class=\"textwidget\"><p><strong>MISE EN PLACE D\u2019UN STAGE SUR DEMANDE\u00a0<\/strong>sur d\u2019autres r\u00e9gions de France s\u2019adresser \u00e0 <a href=\"http:\/\/les-jardins-du-bien-etre.com\/?page_id=273\">Catherine Alexis<\/a><\/p><\/div><\/div><\/div><\/div><div id=\"pgc-849-6-2\"  class=\"panel-grid-cell panel-grid-cell-empty\" ><\/div><\/div><\/div><\/div>","protected":false},"excerpt":{"rendered":"<p>MANDALA- TALISMAN CREEZ VOTRE MANDALA TALISMAN PERSONNEL !! CREER SON MANDALA TALISMANCe stage vous invite \u00e0 plonger dans l&rsquo;art m\u00e9ditatif des mandalas, charg\u00e9 de vos intentions et de votre \u00e9nergie positive .Que vous cherchiez la protection , l&rsquo;abondance, la sagesse ou la paix int\u00e9rieure , votre mandala talisman sera un support visuel et \u00e9nerg\u00e9tique pour [&hellip;]<\/p>\n","protected":false},"author":3,"featured_media":0,"parent":0,"menu_order":0,"comment_status":"closed","ping_status":"closed","template":"","meta":{"_exactmetrics_skip_tracking":false,"_exactmetrics_sitenote_active":false,"_exactmetrics_sitenote_note":"","_exactmetrics_sitenote_category":0,"footnotes":""},"class_list":["post-849","page","type-page","status-publish","hentry","post"],"_links":{"self":[{"href":"http:\/\/les-jardins-du-bien-etre.com\/index.php?rest_route=\/wp\/v2\/pages\/849","targetHints":{"allow":["GET"]}}],"collection":[{"href":"http:\/\/les-jardins-du-bien-etre.com\/index.php?rest_route=\/wp\/v2\/pages"}],"about":[{"href":"http:\/\/les-jardins-du-bien-etre.com\/index.php?rest_route=\/wp\/v2\/types\/page"}],"author":[{"embeddable":true,"href":"http:\/\/les-jardins-du-bien-etre.com\/index.php?rest_route=\/wp\/v2\/users\/3"}],"replies":[{"embeddable":true,"href":"http:\/\/les-jardins-du-bien-etre.com\/index.php?rest_route=%2Fwp%2Fv2%2Fcomments&post=849"}],"version-history":[{"count":3,"href":"http:\/\/les-jardins-du-bien-etre.com\/index.php?rest_route=\/wp\/v2\/pages\/849\/revisions"}],"predecessor-version":[{"id":1086,"href":"http:\/\/les-jardins-du-bien-etre.com\/index.php?rest_route=\/wp\/v2\/pages\/849\/revisions\/1086"}],"wp:attachment":[{"href":"http:\/\/les-jardins-du-bien-etre.com\/index.php?rest_route=%2Fwp%2Fv2%2Fmedia&parent=849"}],"curies":[{"name":"wp","href":"https:\/\/api.w.org\/{rel}","templated":true}]}}