{"id":910,"date":"2022-06-20T13:32:06","date_gmt":"2022-06-20T13:32:06","guid":{"rendered":"http:\/\/les-jardins-du-bien-etre.com\/?page_id=910"},"modified":"2026-04-14T14:25:27","modified_gmt":"2026-04-14T14:25:27","slug":"consultation","status":"publish","type":"page","link":"http:\/\/les-jardins-du-bien-etre.com\/?page_id=910","title":{"rendered":"Consultation"},"content":{"rendered":"<div id=\"pl-910\"  class=\"panel-layout\" ><div id=\"pg-910-0\"  class=\"panel-grid panel-no-style\" ><div id=\"pgc-910-0-0\"  class=\"panel-grid-cell\" ><div id=\"panel-910-0-0-0\" class=\"so-panel widget widget_headline-widget panel-first-child panel-last-child\" data-index=\"0\" >\t\t<h1> CONSULTATION<\/h1>\n\t\t<div class=\"decoration\"><div class=\"decoration-inside\"><\/div><\/div>\n\t\t<h3>Un accompagnement sur mesure, au plus pr\u00e9s de vos besoins ....<\/h3>\n\t\t<\/div><\/div><\/div><div id=\"pg-910-1\"  class=\"panel-grid panel-no-style\" ><div id=\"pgc-910-1-0\"  class=\"panel-grid-cell panel-grid-cell-empty\" ><\/div><div id=\"pgc-910-1-1\"  class=\"panel-grid-cell\" ><div id=\"panel-910-1-1-0\" class=\"so-panel widget widget_sow-image panel-first-child panel-last-child\" data-index=\"1\" ><div\n\t\t\t\n\t\t\tclass=\"so-widget-sow-image so-widget-sow-image-default-3a2476c0e107-910\"\n\t\t\t\n\t\t>\n<div class=\"sow-image-container\">\n\t\t<img \n\tsrc=\"http:\/\/les-jardins-du-bien-etre.com\/wp-content\/uploads\/2025\/07\/atelier_outdoor-768x576.jpg\" width=\"720\" height=\"540\" srcset=\"http:\/\/les-jardins-du-bien-etre.com\/wp-content\/uploads\/2025\/07\/atelier_outdoor-768x576.jpg 768w, http:\/\/les-jardins-du-bien-etre.com\/wp-content\/uploads\/2025\/07\/atelier_outdoor-300x225.jpg 300w, http:\/\/les-jardins-du-bien-etre.com\/wp-content\/uploads\/2025\/07\/atelier_outdoor-1024x768.jpg 1024w, http:\/\/les-jardins-du-bien-etre.com\/wp-content\/uploads\/2025\/07\/atelier_outdoor-1536x1152.jpg 1536w, http:\/\/les-jardins-du-bien-etre.com\/wp-content\/uploads\/2025\/07\/atelier_outdoor.jpg 1600w\" sizes=\"(max-width: 720px) 100vw, 720px\" title=\"CREER EN LIBERTE\" alt=\"ENFANTS ( \u00e0 partir de 6 ans ) \/ ADOLESCENTS\/ADULTES\" \t\tclass=\"so-widget-image\"\/>\n\t<\/div>\n\n<\/div><\/div><\/div><div id=\"pgc-910-1-2\"  class=\"panel-grid-cell panel-grid-cell-mobile-last\" ><div id=\"panel-910-1-2-0\" class=\"so-panel widget widget_sow-image panel-first-child panel-last-child\" data-index=\"2\" ><div\n\t\t\t\n\t\t\tclass=\"so-widget-sow-image so-widget-sow-image-default-3a2476c0e107-910\"\n\t\t\t\n\t\t>\n<div class=\"sow-image-container\">\n\t\t<img \n\tsrc=\"http:\/\/les-jardins-du-bien-etre.com\/wp-content\/uploads\/2025\/07\/atelier_indoor_2-768x576.jpg\" width=\"720\" height=\"540\" srcset=\"http:\/\/les-jardins-du-bien-etre.com\/wp-content\/uploads\/2025\/07\/atelier_indoor_2-768x576.jpg 768w, http:\/\/les-jardins-du-bien-etre.com\/wp-content\/uploads\/2025\/07\/atelier_indoor_2-300x225.jpg 300w, http:\/\/les-jardins-du-bien-etre.com\/wp-content\/uploads\/2025\/07\/atelier_indoor_2-1024x768.jpg 1024w, http:\/\/les-jardins-du-bien-etre.com\/wp-content\/uploads\/2025\/07\/atelier_indoor_2-1536x1152.jpg 1536w, http:\/\/les-jardins-du-bien-etre.com\/wp-content\/uploads\/2025\/07\/atelier_indoor_2.jpg 1600w\" sizes=\"(max-width: 720px) 100vw, 720px\" title=\"CREER EN LIBERTE\" alt=\"ENFANTS ( \u00e0 partir de 6 ans ) \/ ADOLESCENTS\/ADULTES\" \t\tclass=\"so-widget-image\"\/>\n\t<\/div>\n\n<\/div><\/div><\/div><div id=\"pgc-910-1-3\"  class=\"panel-grid-cell panel-grid-cell-empty\" ><\/div><\/div><div id=\"pg-910-2\"  class=\"panel-grid panel-has-style\" ><div class=\"wide-grey panel-row-style panel-row-style-for-910-2\" ><div id=\"pgc-910-2-0\"  class=\"panel-grid-cell\" ><div id=\"panel-910-2-0-0\" class=\"so-panel widget widget_black-studio-tinymce widget_black_studio_tinymce panel-first-child\" data-index=\"3\" ><div class=\"textwidget\"><ul>\n<li><strong><span style=\"font-size: 14px;\">La consultation individuelle propose un espace personnalis\u00e9 , pour \u00eatre accompagn\u00e9 dans un moment de vie , un d\u00e9sir de transformation ou un besoin sp\u00e9cifique .<\/span><\/strong><\/li>\n<li><strong><span style=\"font-size: 14px;\">Elle associe des pratiques de sophrologie , yoga nidra , une pratique en th\u00e9rapie br\u00e8ve , un temps de cr\u00e9ation artistique en fonction de ce qui est juste pour vous .\u00a0<\/span><\/strong><\/li>\n<li><strong><span style=\"font-size: 14px;\">Cet accompagnement permet d'aller plus en profondeur , dans un cadre s\u00e9curisant , bienveillant et confidentiel .<\/span><\/strong><\/li>\n<li><strong><span style=\"font-size: 14px;\">La\u00a0 pratique picturale devient ici un outil d'expression et de compr\u00e9hension de soi , soutenant un cheminement personnel en douceur .<\/span><\/strong><\/li>\n<\/ul>\n<p><strong>POUR QUOI ?<\/strong><\/p>\n<ul>\n<li><span style=\"font-size: 14px;\">\u00a0Apaiser le stress et les tensions<\/span><\/li>\n<li><span style=\"font-size: 14px;\">Retrouver de la clart\u00e9 int\u00e9rieure<\/span><\/li>\n<li><span style=\"font-size: 14px;\">Se reconnecter \u00e0 sa cr\u00e9ativit\u00e9<\/span><\/li>\n<li><span style=\"font-size: 14px;\">Accompagner un passage de vie ou un changement<\/span><\/li>\n<\/ul>\n<\/div><\/div><div id=\"panel-910-2-0-1\" class=\"so-panel widget widget_black-studio-tinymce widget_black_studio_tinymce panel-last-child\" data-index=\"4\" ><h3 class=\"widget-title\">D\u00e9roulement d&rsquo;une s\u00e9ance<\/h3><div class=\"textwidget\"><\/div><\/div><\/div><\/div><\/div><div id=\"pg-910-3\"  class=\"panel-grid panel-no-style\" ><div id=\"pgc-910-3-0\"  class=\"panel-grid-cell panel-grid-cell-empty\" ><\/div><div id=\"pgc-910-3-1\"  class=\"panel-grid-cell\" ><div id=\"panel-910-3-1-0\" class=\"so-panel widget widget_black-studio-tinymce widget_black_studio_tinymce panel-first-child panel-last-child\" data-index=\"5\" ><div class=\"infosRounded panel-widget-style panel-widget-style-for-910-3-1-0\" ><h3 class=\"widget-title\">SUR RENDEZ VOUS EN VISIO OU EN PRESENTIEL<\/h3><div class=\"textwidget\"><p><strong><span style=\"font-size: 14px;\">Consultation en pr\u00e9sentiel ou en visio<\/span> <span style=\"font-size: 12px;\">( zoom )<\/span><\/strong><\/p>\n<p><span style=\"font-size: 14px;\"><strong>Contact pour prendre rendez vous :<\/strong><\/span><\/p>\n<p><strong>Catherine ALEXIS<\/strong><\/p>\n<p><span style=\"font-size: 14px;\"><strong>Tel : 06 11 50 01 88<\/strong><\/span><\/p>\n<p><span style=\"font-size: 14px;\">Mail : catherine .alexis@wanadoo.fr<\/span><\/p>\n<p><span style=\"color: #ff006a;\">www.les-jardins-du-bien-etre.com<\/span><\/p>\n<p>&nbsp;<\/p>\n<p>&nbsp;<\/p>\n<\/div><\/div><\/div><\/div><div id=\"pgc-910-3-2\"  class=\"panel-grid-cell panel-grid-cell-mobile-last\" ><div id=\"panel-910-3-2-0\" class=\"so-panel widget widget_black-studio-tinymce widget_black_studio_tinymce panel-first-child\" data-index=\"6\" ><div class=\"infosRounded panel-widget-style panel-widget-style-for-910-3-2-0\" ><h3 class=\"widget-title\">LIEU<\/h3><div class=\"textwidget\"><p><strong><span style=\"font-size: 14px;\">229 Chem. des Ar\u00e8nes,<\/span><\/strong><\/p>\n<p><strong><span style=\"font-size: 14px;\">40700 Sainte-Colombe, France<\/span><\/strong><\/p>\n<\/div><\/div><\/div><div id=\"panel-910-3-2-1\" class=\"so-panel widget widget_black-studio-tinymce widget_black_studio_tinymce panel-last-child\" data-index=\"7\" ><div class=\"infosRounded panel-widget-style panel-widget-style-for-910-3-2-1\" ><h3 class=\"widget-title\">TARIF<\/h3><div class=\"textwidget\"><p><strong>Dur\u00e9e de la s\u00e9ance<\/strong> : <strong>1H 30<\/strong><\/p>\n<p><span style=\"font-size: 20px;\"><strong><span style=\"font-size: 16px;\">Tarif de la s\u00e9ance<\/span><\/strong> : <strong>80\u20ac<\/strong>\u00a0<\/span><\/p>\n<\/div><\/div><\/div><\/div><div id=\"pgc-910-3-3\"  class=\"panel-grid-cell panel-grid-cell-empty\" ><\/div><\/div><div id=\"pg-910-4\"  class=\"panel-grid panel-no-style\" ><div id=\"pgc-910-4-0\"  class=\"panel-grid-cell panel-grid-cell-empty\" ><\/div><\/div><div id=\"pg-910-5\"  class=\"panel-grid panel-has-style\" ><div class=\"wide-grey panel-row-style panel-row-style-for-910-5\" ><div id=\"pgc-910-5-0\"  class=\"panel-grid-cell panel-grid-cell-empty\" ><\/div><div id=\"pgc-910-5-1\"  class=\"panel-grid-cell panel-grid-cell-mobile-last\" ><div id=\"panel-910-5-1-0\" class=\"so-panel widget widget_siteorigin-panels-builder panel-first-child panel-last-child\" data-index=\"8\" ><div id=\"pl-w68d3e2b65ebae\"  class=\"panel-layout\" ><div id=\"pg-w68d3e2b65ebae-0\"  class=\"panel-grid panel-no-style\" ><div id=\"pgc-w68d3e2b65ebae-0-0\"  class=\"panel-grid-cell panel-grid-cell-empty\" ><\/div><div id=\"pgc-w68d3e2b65ebae-0-1\"  class=\"panel-grid-cell panel-grid-cell-empty\" ><\/div><div id=\"pgc-w68d3e2b65ebae-0-2\"  class=\"panel-grid-cell\" ><div id=\"panel-w68d3e2b65ebae-0-2-0\" class=\"so-panel widget widget_sow-image panel-first-child panel-last-child\" data-index=\"0\" ><div\n\t\t\t\n\t\t\tclass=\"so-widget-sow-image so-widget-sow-image-default-c67d20f9f743\"\n\t\t\t\n\t\t>\n<div class=\"sow-image-container\">\n\t\t\t<a href=\"http:\/\/les-jardins-du-bien-etre.com\/?page_id=273\"\n\t\t\t\t\t>\n\t\t\t<img \n\tsrc=\"http:\/\/les-jardins-du-bien-etre.com\/wp-content\/uploads\/2024\/05\/catherine_alexis_2024.png\" width=\"128\" height=\"128\" sizes=\"(max-width: 128px) 100vw, 128px\" alt=\"Catherine Alexis\" \t\tclass=\"so-widget-image\"\/>\n\t\t\t<\/a><\/div>\n\n<h3 class=\"widget-title\"><\/h3><\/div><\/div><\/div><\/div><\/div><\/div><\/div><div id=\"pgc-910-5-2\"  class=\"panel-grid-cell panel-grid-cell-empty\" ><\/div><\/div><\/div><div id=\"pg-910-6\"  class=\"panel-grid panel-has-style\" ><div class=\"wide-grey panel-row-style panel-row-style-for-910-6\" ><div id=\"pgc-910-6-0\"  class=\"panel-grid-cell panel-grid-cell-empty\" ><\/div><div id=\"pgc-910-6-1\"  class=\"panel-grid-cell panel-grid-cell-mobile-last\" ><div id=\"panel-910-6-1-0\" class=\"so-panel widget widget_black-studio-tinymce widget_black_studio_tinymce panel-first-child panel-last-child\" data-index=\"9\" ><div class=\"panel-widget-style panel-widget-style-for-910-6-1-0\" ><div class=\"textwidget\"><\/div><\/div><\/div><\/div><div id=\"pgc-910-6-2\"  class=\"panel-grid-cell panel-grid-cell-empty\" ><\/div><\/div><\/div><\/div>","protected":false},"excerpt":{"rendered":"<p>CONSULTATION Un accompagnement sur mesure, au plus pr\u00e9s de vos besoins &#8230;. La consultation individuelle propose un espace personnalis\u00e9 , pour \u00eatre accompagn\u00e9 dans un moment de vie , un d\u00e9sir de transformation ou un besoin sp\u00e9cifique . Elle associe des pratiques de sophrologie , yoga nidra , une pratique en th\u00e9rapie br\u00e8ve , un [&hellip;]<\/p>\n","protected":false},"author":3,"featured_media":0,"parent":0,"menu_order":0,"comment_status":"closed","ping_status":"closed","template":"","meta":{"_exactmetrics_skip_tracking":false,"_exactmetrics_sitenote_active":false,"_exactmetrics_sitenote_note":"","_exactmetrics_sitenote_category":0,"footnotes":""},"class_list":["post-910","page","type-page","status-publish","hentry","post"],"_links":{"self":[{"href":"http:\/\/les-jardins-du-bien-etre.com\/index.php?rest_route=\/wp\/v2\/pages\/910","targetHints":{"allow":["GET"]}}],"collection":[{"href":"http:\/\/les-jardins-du-bien-etre.com\/index.php?rest_route=\/wp\/v2\/pages"}],"about":[{"href":"http:\/\/les-jardins-du-bien-etre.com\/index.php?rest_route=\/wp\/v2\/types\/page"}],"author":[{"embeddable":true,"href":"http:\/\/les-jardins-du-bien-etre.com\/index.php?rest_route=\/wp\/v2\/users\/3"}],"replies":[{"embeddable":true,"href":"http:\/\/les-jardins-du-bien-etre.com\/index.php?rest_route=%2Fwp%2Fv2%2Fcomments&post=910"}],"version-history":[{"count":1,"href":"http:\/\/les-jardins-du-bien-etre.com\/index.php?rest_route=\/wp\/v2\/pages\/910\/revisions"}],"predecessor-version":[{"id":911,"href":"http:\/\/les-jardins-du-bien-etre.com\/index.php?rest_route=\/wp\/v2\/pages\/910\/revisions\/911"}],"wp:attachment":[{"href":"http:\/\/les-jardins-du-bien-etre.com\/index.php?rest_route=%2Fwp%2Fv2%2Fmedia&parent=910"}],"curies":[{"name":"wp","href":"https:\/\/api.w.org\/{rel}","templated":true}]}}